{"id":1645,"date":"2017-06-04T01:33:35","date_gmt":"2017-06-03T22:33:35","guid":{"rendered":"http:\/\/istanbuletc.com\/?page_id=1645"},"modified":"2017-06-15T03:32:36","modified_gmt":"2017-06-15T00:32:36","slug":"yerel-yonetimler-egitimleri","status":"publish","type":"page","link":"http:\/\/www.istanbuletc.com\/en\/yerel-yonetimler-egitimleri\/","title":{"rendered":"Local Government Trainings"},"content":{"rendered":"<p>[vc_row][vc_column width=&#8221;1\/4&#8243;][vc_custom_heading text=&#8221;PSYCHOLOGICAL ACTIVITIES FOR THE MUN\u0130C\u0130PAL\u0130TY MANAGERS AND STAFF&#8221; font_container=&#8221;tag:h4|text_align:center&#8221; google_fonts=&#8221;font_family:Montserrat%3Aregular%2C700|font_style:400%20regular%3A400%3Anormal&#8221;][vc_single_image image=&#8221;1901&#8243; img_size=&#8221;1300&#215;728&#8243; alignment=&#8221;center&#8221; onclick=&#8221;custom_link&#8221; link=&#8221;http:\/\/istanbuletc.com\/belediye-yoneticilerine-ve-personeline-yonelik-psikolojik-etkinliklerimiz\/&#8221;][vc_custom_heading text=&#8221;PSYCHOLOGICAL ACTIVITIES FOR WOMEN SHELTERING CENTRES&#8221; font_container=&#8221;tag:h4|text_align:center&#8221; google_fonts=&#8221;font_family:Montserrat%3Aregular%2C700|font_style:400%20regular%3A400%3Anormal&#8221;][vc_single_image image=&#8221;1905&#8243; img_size=&#8221;1300&#215;728&#8243; alignment=&#8221;center&#8221; onclick=&#8221;custom_link&#8221; link=&#8221;http:\/\/istanbuletc.com\/kadin-siginma-merkezlerine-yonelik-psikolojik-etkinliklerimiz\/&#8221;][\/vc_column][vc_column width=&#8221;1\/4&#8243;][vc_custom_heading text=&#8221;PSYCHOLOGICAL SERVICES FOR KNOWLEDGE HOUSES&#8221; font_container=&#8221;tag:h4|text_align:center&#8221; google_fonts=&#8221;font_family:Montserrat%3Aregular%2C700|font_style:400%20regular%3A400%3Anormal&#8221;][vc_single_image image=&#8221;1902&#8243; img_size=&#8221;1300&#215;728&#8243; alignment=&#8221;center&#8221; onclick=&#8221;custom_link&#8221; link=&#8221;http:\/\/istanbuletc.com\/bilgi-evleri-ile-ilgili-psikolojik-hizmetlerimiz\/&#8221;][vc_custom_heading text=&#8221;PSYCHOLOGICAL ACTIVITIES FOR NON-GOVERNMENTAL ORGANIZATIONS and PROFFESSION GROUPS&#8221; font_container=&#8221;tag:h4|text_align:center&#8221; google_fonts=&#8221;font_family:Montserrat%3Aregular%2C700|font_style:400%20regular%3A400%3Anormal&#8221;][vc_single_image image=&#8221;1906&#8243; img_size=&#8221;1300&#215;728&#8243; alignment=&#8221;center&#8221; onclick=&#8221;custom_link&#8221; link=&#8221;http:\/\/istanbuletc.com\/sivil-toplum-kuruluslarina-ve-meslek-gruplarina-yonelik-psikolojik-etkinliklerimiz\/&#8221;][\/vc_column][vc_column width=&#8221;1\/4&#8243;][vc_custom_heading text=&#8221;PSYCHOLOGICAL ACTIVITIES FOR YOUTH CENTRES&#8221; font_container=&#8221;tag:h4|text_align:center&#8221; google_fonts=&#8221;font_family:Montserrat%3Aregular%2C700|font_style:400%20regular%3A400%3Anormal&#8221;][vc_single_image image=&#8221;1904&#8243; img_size=&#8221;1300&#215;728&#8243; alignment=&#8221;center&#8221; onclick=&#8221;custom_link&#8221; link=&#8221;http:\/\/istanbuletc.com\/genclik-merkezlerine-yonelik-psikolojik-etkinliklerimiz\/&#8221;][vc_custom_heading text=&#8221;PSYCHOLOGICAL ACTIVITIES FOR FAMILY CONSULTING UNITS and MARRIAGE SCHOOLS&#8221; font_container=&#8221;tag:h4|text_align:center&#8221; google_fonts=&#8221;font_family:Montserrat%3Aregular%2C700|font_style:400%20regular%3A400%3Anormal&#8221;][vc_single_image image=&#8221;1900&#8243; img_size=&#8221;1300&#215;728&#8243; alignment=&#8221;center&#8221; onclick=&#8221;custom_link&#8221; link=&#8221;http:\/\/istanbuletc.com\/aile-danismanlik-merkezleri-ve-evlilik-okullarina-yonelik-psikolojik-hizmetlerimiz\/&#8221;][\/vc_column][vc_column width=&#8221;1\/4&#8243;][vc_custom_heading text=&#8221;PSYCHOLOGICAL ACTIVITIES FOR DISABLED SUPPORT UNITS&#8221; font_container=&#8221;tag:h4|text_align:center&#8221; google_fonts=&#8221;font_family:Montserrat%3Aregular%2C700|font_style:400%20regular%3A400%3Anormal&#8221;][vc_single_image image=&#8221;1903&#8243; img_size=&#8221;1300&#215;728&#8243; alignment=&#8221;center&#8221; onclick=&#8221;custom_link&#8221; link=&#8221;http:\/\/istanbuletc.com\/engelli-destek-birimlerine-yonelik-psikolojik-etkinliklerimiz\/&#8221;][\/vc_column][\/vc_row]<\/p>","protected":false},"excerpt":{"rendered":"<p>[vc_row][vc_column width=&#8221;1\/4&#8243;][vc_custom_heading text=&#8221;PSYCHOLOGICAL ACTIVITIES FOR THE MUN\u0130C\u0130PAL\u0130TY MANAGERS AND STAFF&#8221; font_container=&#8221;tag:h4|text_align:center&#8221; google_fonts=&#8221;font_family:Montserrat%3Aregular%2C700|font_style:400%20regular%3A400%3Anormal&#8221;][vc_single_image image=&#8221;1901&#8243; img_size=&#8221;1300&#215;728&#8243; alignment=&#8221;center&#8221; onclick=&#8221;custom_link&#8221; link=&#8221;http:\/\/istanbuletc.com\/belediye-yoneticilerine-ve-personeline-yonelik-psikolojik-etkinliklerimiz\/&#8221;][vc_custom_heading text=&#8221;PSYCHOLOGICAL ACTIVITIES FOR WOMEN SHELTERING CENTRES&#8221; font_container=&#8221;tag:h4|text_align:center&#8221; google_fonts=&#8221;font_family:Montserrat%3Aregular%2C700|font_style:400%20regular%3A400%3Anormal&#8221;][vc_single_image image=&#8221;1905&#8243; img_size=&#8221;1300&#215;728&#8243; alignment=&#8221;center&#8221; onclick=&#8221;custom_link&#8221; link=&#8221;http:\/\/istanbuletc.com\/kadin-siginma-merkezlerine-yonelik-psikolojik-etkinliklerimiz\/&#8221;][\/vc_column][vc_column width=&#8221;1\/4&#8243;][vc_custom_heading text=&#8221;PSYCHOLOGICAL SERVICES FOR KNOWLEDGE HOUSES&#8221; font_container=&#8221;tag:h4|text_align:center&#8221; google_fonts=&#8221;font_family:Montserrat%3Aregular%2C700|font_style:400%20regular%3A400%3Anormal&#8221;][vc_single_image image=&#8221;1902&#8243; img_size=&#8221;1300&#215;728&#8243; alignment=&#8221;center&#8221; onclick=&#8221;custom_link&#8221; link=&#8221;http:\/\/istanbuletc.com\/bilgi-evleri-ile-ilgili-psikolojik-hizmetlerimiz\/&#8221;][vc_custom_heading text=&#8221;PSYCHOLOGICAL ACTIVITIES FOR NON-GOVERNMENTAL ORGANIZATIONS and PROFFESSION GROUPS&#8221; font_container=&#8221;tag:h4|text_align:center&#8221; google_fonts=&#8221;font_family:Montserrat%3Aregular%2C700|font_style:400%20regular%3A400%3Anormal&#8221;][vc_single_image image=&#8221;1906&#8243; img_size=&#8221;1300&#215;728&#8243; [&hellip;]<\/p>\n","protected":false},"author":1,"featured_media":0,"parent":0,"menu_order":0,"comment_status":"closed","ping_status":"closed","template":"","meta":{"footnotes":""},"_links":{"self":[{"href":"http:\/\/www.istanbuletc.com\/en\/wp-json\/wp\/v2\/pages\/1645"}],"collection":[{"href":"http:\/\/www.istanbuletc.com\/en\/wp-json\/wp\/v2\/pages"}],"about":[{"href":"http:\/\/www.istanbuletc.com\/en\/wp-json\/wp\/v2\/types\/page"}],"author":[{"embeddable":true,"href":"http:\/\/www.istanbuletc.com\/en\/wp-json\/wp\/v2\/users\/1"}],"replies":[{"embeddable":true,"href":"http:\/\/www.istanbuletc.com\/en\/wp-json\/wp\/v2\/comments?post=1645"}],"version-history":[{"count":10,"href":"http:\/\/www.istanbuletc.com\/en\/wp-json\/wp\/v2\/pages\/1645\/revisions"}],"predecessor-version":[{"id":2158,"href":"http:\/\/www.istanbuletc.com\/en\/wp-json\/wp\/v2\/pages\/1645\/revisions\/2158"}],"wp:attachment":[{"href":"http:\/\/www.istanbuletc.com\/en\/wp-json\/wp\/v2\/media?parent=1645"}],"curies":[{"name":"wp","href":"https:\/\/api.w.org\/{rel}","templated":true}]}}