{"id":3130,"date":"2023-09-04T16:04:33","date_gmt":"2023-09-04T13:04:33","guid":{"rendered":"http:\/\/www.istanbuletc.com\/?page_id=3130"},"modified":"2023-09-04T20:11:35","modified_gmt":"2023-09-04T17:11:35","slug":"hemsirelik","status":"publish","type":"page","link":"http:\/\/www.istanbuletc.com\/en\/hemsirelik\/","title":{"rendered":"Hem\u015firelik Hizmeti"},"content":{"rendered":"<p class=\"qtranxs-available-languages-message qtranxs-available-languages-message-en\">Sorry, this entry is only available in <a href=\"http:\/\/www.istanbuletc.com\/tr\/wp-json\/wp\/v2\/pages\/3130\" class=\"qtranxs-available-language-link qtranxs-available-language-link-tr\" title=\"Turkish\">Turkish<\/a>. For the sake of viewer convenience, the content is shown below in the alternative language. You may click the link to switch the active language.<\/p><p>[vc_row full_width=&#8221;stretch_row&#8221; css=&#8221;.vc_custom_1693847019053{margin-top: -60px !important;border-top-width: 0px !important;padding-top: 0px !important;background-color: #d9dee0 !important;}&#8221;][vc_column width=&#8221;1\/3&#8243;][vc_empty_space][vc_single_image image=&#8221;3213&#8243; alignment=&#8221;center&#8221;][vc_column_text]<\/p>\n<div class=\"page\" title=\"Page 5\">\n<div class=\"section\">\n<div class=\"layoutArea\">\n<div class=\"column\">\n<h3 style=\"text-align: center;\"><strong>Tedavi Edici Hems\u0327irelik<\/strong><\/h3>\n<div class=\"page\" title=\"Page 5\">\n<div class=\"section\">\n<div class=\"layoutArea\">\n<div class=\"column\">\n<p style=\"text-align: center;\">I\u0307lac\u0327lar\u0131n yo\u0308netimi, yaralar\u0131n tedavisi ve hastal\u0131klar\u0131n tes\u0327hisi gibi gu\u0308nu\u0308n her saatinde tedavi edici bak\u0131ma ihtiyac\u0327 duyan hastalara hizmet veriyoruz.<\/p>\n<\/div>\n<\/div>\n<\/div>\n<\/div>\n<\/div>\n<\/div>\n<\/div>\n<\/div>\n<p>[\/vc_column_text][vc_empty_space height=&#8221;30px&#8221;][\/vc_column][vc_column width=&#8221;1\/3&#8243;][vc_empty_space][vc_single_image image=&#8221;3214&#8243; alignment=&#8221;center&#8221;][vc_column_text]<\/p>\n<div class=\"page\" title=\"Page 5\">\n<div class=\"section\">\n<div class=\"layoutArea\">\n<div class=\"column\">\n<div class=\"page\" title=\"Page 5\">\n<div class=\"section\">\n<div class=\"layoutArea\">\n<div class=\"column\">\n<h3 style=\"text-align: center;\">Destekleyici Hems\u0327irelik<\/h3>\n<p style=\"text-align: center;\">Koruyucu tedavi, t\u0131bbi go\u0308zetim ve hastalar\u0131n ihtiyac\u0327 duydug\u0306u bak\u0131m\u0131 ic\u0327erir. Amac\u0131m\u0131z hastalar\u0131n rahatl\u0131g\u0306\u0131n\u0131, refah\u0131n\u0131 ve konforunu sag\u0306lamakt\u0131r.<\/p>\n<\/div>\n<\/div>\n<\/div>\n<\/div>\n<\/div>\n<\/div>\n<\/div>\n<\/div>\n<p>[\/vc_column_text][vc_empty_space height=&#8221;30px&#8221;][\/vc_column][vc_column width=&#8221;1\/3&#8243;][vc_empty_space][vc_single_image image=&#8221;3215&#8243; alignment=&#8221;center&#8221;][vc_column_text]<\/p>\n<div class=\"page\" title=\"Page 5\">\n<div class=\"section\">\n<div class=\"layoutArea\">\n<div class=\"column\">\n<div class=\"page\" title=\"Page 5\">\n<div class=\"section\">\n<div class=\"layoutArea\">\n<div class=\"column\">\n<div class=\"page\" title=\"Page 6\">\n<div class=\"section\">\n<div class=\"layoutArea\">\n<div class=\"column\">\n<h3 style=\"text-align: center;\">Uzmanl\u0131k Alan\u0131<\/h3>\n<p style=\"text-align: center;\">Hems\u0327ire yard\u0131mc\u0131lar\u0131m\u0131z, hastalar\u0131n ihtiyac\u0327lar\u0131na uygun olarak eg\u0306itilmis\u0327, sertifikal\u0131 ve gu\u0308ler yu\u0308zlu\u0308 personel olup gu\u0308venle uzmanl\u0131g\u0306\u0131na gu\u0308venebilirsiniz.<\/p>\n<\/div>\n<\/div>\n<\/div>\n<\/div>\n<\/div>\n<\/div>\n<\/div>\n<\/div>\n<\/div>\n<\/div>\n<\/div>\n<\/div>\n<p>[\/vc_column_text][vc_empty_space height=&#8221;30px&#8221;][\/vc_column][\/vc_row][vc_row][vc_column][vc_custom_heading text=&#8221;Hem\u015fire Yard\u0131mc\u0131l\u0131\u011f\u0131 Hizmeti&#8221; font_container=&#8221;tag:h2|text_align:center&#8221;][\/vc_column][\/vc_row][vc_row full_width=&#8221;stretch_row&#8221; css=&#8221;.vc_custom_1693847204382{margin-top: -60px !important;border-top-width: 0px !important;padding-top: 0px !important;}&#8221;][vc_column width=&#8221;1\/3&#8243;][vc_empty_space][vc_single_image image=&#8221;3230&#8243; alignment=&#8221;center&#8221;][vc_column_text]<\/p>\n<div class=\"page\" title=\"Page 5\">\n<div class=\"section\">\n<div class=\"layoutArea\">\n<div class=\"column\">\n<div class=\"page\" title=\"Page 6\">\n<div class=\"section\">\n<div class=\"layoutArea\">\n<div class=\"column\">\n<h3 style=\"text-align: center;\">Evde Bak\u0131m<\/h3>\n<p style=\"text-align: center;\">Hems\u0327ire yard\u0131mc\u0131lar\u0131, hastalar\u0131 evde ziyaret ederek gu\u0308nlu\u0308k aktivitelerinde yard\u0131mc\u0131 olur. Bo\u0308ylece hastalar\u0131n gu\u0308nlu\u0308k yas\u0327amlar\u0131n\u0131 su\u0308rdu\u0308rmeleri amac\u0327lan\u0131r.<\/p>\n<\/div>\n<\/div>\n<\/div>\n<\/div>\n<\/div>\n<\/div>\n<\/div>\n<\/div>\n<p>[\/vc_column_text][vc_empty_space height=&#8221;30px&#8221;][\/vc_column][vc_column width=&#8221;1\/3&#8243;][vc_empty_space][vc_single_image image=&#8221;3229&#8243; alignment=&#8221;center&#8221;][vc_column_text]<\/p>\n<div class=\"page\" title=\"Page 5\">\n<div class=\"section\">\n<div class=\"layoutArea\">\n<div class=\"column\">\n<div class=\"page\" title=\"Page 5\">\n<div class=\"section\">\n<div class=\"layoutArea\">\n<div class=\"column\">\n<div class=\"page\" title=\"Page 6\">\n<div class=\"section\">\n<div class=\"layoutArea\">\n<div class=\"column\">\n<h3 style=\"text-align: center;\">Acil Bak\u0131m<\/h3>\n<p style=\"text-align: center;\">Beklenmedik bir durumda hems\u0327ire yard\u0131mc\u0131lar\u0131, hastalar\u0131n ihtiyac\u0327lar\u0131n\u0131 kars\u0327\u0131lamak ic\u0327in son derece h\u0131zl\u0131 s\u0327ekilde hareket ederler. Her zaman yan\u0131nda olarak gu\u0308vende hissetmelerini sag\u0306larlar.<\/p>\n<\/div>\n<\/div>\n<\/div>\n<\/div>\n<\/div>\n<\/div>\n<\/div>\n<\/div>\n<\/div>\n<\/div>\n<\/div>\n<\/div>\n<p>[\/vc_column_text][vc_empty_space height=&#8221;30px&#8221;][\/vc_column][vc_column width=&#8221;1\/3&#8243;][vc_empty_space][vc_single_image image=&#8221;3228&#8243; alignment=&#8221;center&#8221;][vc_column_text]<\/p>\n<div class=\"page\" title=\"Page 5\">\n<div class=\"section\">\n<div class=\"layoutArea\">\n<div class=\"column\">\n<div class=\"page\" title=\"Page 5\">\n<div class=\"section\">\n<div class=\"layoutArea\">\n<div class=\"column\">\n<div class=\"page\" title=\"Page 6\">\n<div class=\"section\">\n<div class=\"layoutArea\">\n<div class=\"column\">\n<h3 style=\"text-align: center;\">Uzmanl\u0131k Alan\u0131<\/h3>\n<p style=\"text-align: center;\">Hems\u0327ire yard\u0131mc\u0131lar\u0131m\u0131z, hastalar\u0131n ihtiyac\u0327lar\u0131na uygun olarak eg\u0306itilmis\u0327, sertifikal\u0131 ve gu\u0308ler yu\u0308zlu\u0308 personel olup gu\u0308venle uzmanl\u0131g\u0306\u0131na gu\u0308venebilirsiniz.<\/p>\n<\/div>\n<\/div>\n<\/div>\n<\/div>\n<\/div>\n<\/div>\n<\/div>\n<\/div>\n<\/div>\n<\/div>\n<\/div>\n<\/div>\n<p>[\/vc_column_text][vc_empty_space height=&#8221;30px&#8221;][\/vc_column][\/vc_row]<\/p>","protected":false},"excerpt":{"rendered":"<p>Sorry, this entry is only available in Turkish. For the sake of viewer convenience, the content is shown below in the alternative language. You may click the link to switch the active language.[vc_row full_width=&#8221;stretch_row&#8221; css=&#8221;.vc_custom_1693847019053{margin-top: -60px !important;border-top-width: 0px !important;padding-top: 0px !important;background-color: #d9dee0 !important;}&#8221;][vc_column width=&#8221;1\/3&#8243;][vc_empty_space][vc_single_image image=&#8221;3213&#8243; alignment=&#8221;center&#8221;][vc_column_text] Tedavi Edici Hems\u0327irelik I\u0307lac\u0327lar\u0131n yo\u0308netimi, yaralar\u0131n tedavisi ve hastal\u0131klar\u0131n [&hellip;]<\/p>\n","protected":false},"author":1,"featured_media":0,"parent":0,"menu_order":0,"comment_status":"closed","ping_status":"closed","template":"","meta":{"footnotes":""},"_links":{"self":[{"href":"http:\/\/www.istanbuletc.com\/en\/wp-json\/wp\/v2\/pages\/3130"}],"collection":[{"href":"http:\/\/www.istanbuletc.com\/en\/wp-json\/wp\/v2\/pages"}],"about":[{"href":"http:\/\/www.istanbuletc.com\/en\/wp-json\/wp\/v2\/types\/page"}],"author":[{"embeddable":true,"href":"http:\/\/www.istanbuletc.com\/en\/wp-json\/wp\/v2\/users\/1"}],"replies":[{"embeddable":true,"href":"http:\/\/www.istanbuletc.com\/en\/wp-json\/wp\/v2\/comments?post=3130"}],"version-history":[{"count":18,"href":"http:\/\/www.istanbuletc.com\/en\/wp-json\/wp\/v2\/pages\/3130\/revisions"}],"predecessor-version":[{"id":3231,"href":"http:\/\/www.istanbuletc.com\/en\/wp-json\/wp\/v2\/pages\/3130\/revisions\/3231"}],"wp:attachment":[{"href":"http:\/\/www.istanbuletc.com\/en\/wp-json\/wp\/v2\/media?parent=3130"}],"curies":[{"name":"wp","href":"https:\/\/api.w.org\/{rel}","templated":true}]}}