{"id":3131,"date":"2023-09-04T16:04:35","date_gmt":"2023-09-04T13:04:35","guid":{"rendered":"http:\/\/www.istanbuletc.com\/?page_id=3131"},"modified":"2023-09-04T20:30:17","modified_gmt":"2023-09-04T17:30:17","slug":"yasli-bakim","status":"publish","type":"page","link":"http:\/\/www.istanbuletc.com\/en\/yasli-bakim\/","title":{"rendered":"Ya\u015fl\u0131 Bak\u0131m"},"content":{"rendered":"<p class=\"qtranxs-available-languages-message qtranxs-available-languages-message-en\">Sorry, this entry is only available in <a href=\"http:\/\/www.istanbuletc.com\/tr\/wp-json\/wp\/v2\/pages\/3131\" class=\"qtranxs-available-language-link qtranxs-available-language-link-tr\" title=\"Turkish\">Turkish<\/a>. For the sake of viewer convenience, the content is shown below in the alternative language. You may click the link to switch the active language.<\/p><p>[vc_row full_width=&#8221;stretch_row&#8221;][vc_column width=&#8221;1\/2&#8243;][vc_single_image image=&#8221;3250&#8243; img_size=&#8221;600&#215;150&#8243; alignment=&#8221;center&#8221;][\/vc_column][vc_column width=&#8221;1\/2&#8243;][vc_column_text]<\/p>\n<div class=\"page\" title=\"Page 5\">\n<div class=\"section\">\n<div class=\"layoutArea\">\n<div class=\"column\">\n<div class=\"page\" title=\"Page 6\">\n<div class=\"section\">\n<div class=\"layoutArea\">\n<div class=\"column\">\n<div class=\"page\" title=\"Page 7\">\n<div class=\"section\">\n<div class=\"layoutArea\">\n<div class=\"column\">\n<h3 style=\"text-align: center;\">Eg\u0306itimli Personel<\/h3>\n<p style=\"text-align: center;\">Yas\u0327l\u0131 bak\u0131m\u0131 konusunda uzman personelimiz, yas\u0327l\u0131lar\u0131n ihtiyac\u0327lar\u0131n\u0131 kars\u0327\u0131lamak ic\u0327in gerekli eg\u0306itimi alm\u0131s\u0327 ve deneyimli kis\u0327ilerdir.<\/p>\n<\/div>\n<\/div>\n<\/div>\n<\/div>\n<\/div>\n<\/div>\n<\/div>\n<\/div>\n<\/div>\n<\/div>\n<\/div>\n<\/div>\n<p>[\/vc_column_text][\/vc_column][\/vc_row][vc_row full_width=&#8221;stretch_row&#8221;][vc_column width=&#8221;1\/2&#8243;][vc_column_text]<\/p>\n<div class=\"page\" title=\"Page 5\">\n<div class=\"section\">\n<div class=\"layoutArea\">\n<div class=\"column\">\n<div class=\"page\" title=\"Page 5\">\n<div class=\"section\">\n<div class=\"layoutArea\">\n<div class=\"column\">\n<div class=\"page\" title=\"Page 6\">\n<div class=\"section\">\n<div class=\"layoutArea\">\n<div class=\"column\">\n<div class=\"page\" title=\"Page 7\">\n<div class=\"section\">\n<div class=\"layoutArea\">\n<div class=\"column\">\n<h3 style=\"text-align: center;\">Kaliteli Bak\u0131m<\/h3>\n<p style=\"text-align: center;\">Yas\u0327l\u0131lar\u0131m\u0131z\u0131n ihtiyac\u0327 duyduklar\u0131 tam zamanl\u0131 bak\u0131m hizmetlerini sag\u0306lamak ic\u0327in buraday\u0131z. Onlar\u0131 sevgi ve sayg\u0131 ile dinleyerek, yas\u0327amlar\u0131n\u0131n en o\u0308nemli konular\u0131n\u0131 anlamak en bu\u0308yu\u0308k o\u0308ncelig\u0306imizdir.<\/p>\n<\/div>\n<\/div>\n<\/div>\n<\/div>\n<\/div>\n<\/div>\n<\/div>\n<\/div>\n<\/div>\n<\/div>\n<\/div>\n<\/div>\n<\/div>\n<\/div>\n<\/div>\n<\/div>\n<p>[\/vc_column_text][\/vc_column][vc_column width=&#8221;1\/2&#8243;][vc_single_image image=&#8221;3251&#8243; img_size=&#8221;600&#215;150&#8243; alignment=&#8221;center&#8221;][\/vc_column][\/vc_row][vc_row full_width=&#8221;stretch_row&#8221;][vc_column width=&#8221;1\/2&#8243;][vc_single_image image=&#8221;3252&#8243; img_size=&#8221;600&#215;150&#8243; alignment=&#8221;center&#8221;][\/vc_column][vc_column width=&#8221;1\/2&#8243;][vc_column_text]<\/p>\n<div class=\"page\" title=\"Page 5\">\n<div class=\"section\">\n<div class=\"layoutArea\">\n<div class=\"column\">\n<div class=\"page\" title=\"Page 5\">\n<div class=\"section\">\n<div class=\"layoutArea\">\n<div class=\"column\">\n<div class=\"page\" title=\"Page 6\">\n<div class=\"section\">\n<div class=\"layoutArea\">\n<div class=\"column\">\n<div class=\"page\" title=\"Page 7\">\n<div class=\"section\">\n<div class=\"layoutArea\">\n<div class=\"column\">\n<h3 style=\"text-align: center;\">Sosyal Etkinlikler<\/h3>\n<p style=\"text-align: center;\">Yas\u0327l\u0131lar\u0131m\u0131z\u0131n sohbet etmesine, oyun oynamas\u0131na ve sevdikleriyle zaman gec\u0327irmesine yard\u0131mc\u0131 olmak ic\u0327in, sosyal etkinlikler ve etkinliklere du\u0308zenli olarak kat\u0131l\u0131m sag\u0306l\u0131yoruz.<\/p>\n<\/div>\n<\/div>\n<\/div>\n<\/div>\n<\/div>\n<\/div>\n<\/div>\n<\/div>\n<\/div>\n<\/div>\n<\/div>\n<\/div>\n<\/div>\n<\/div>\n<\/div>\n<\/div>\n<p>[\/vc_column_text][\/vc_column][\/vc_row]<\/p>","protected":false},"excerpt":{"rendered":"<p>Sorry, this entry is only available in Turkish. For the sake of viewer convenience, the content is shown below in the alternative language. You may click the link to switch the active language.[vc_row full_width=&#8221;stretch_row&#8221;][vc_column width=&#8221;1\/2&#8243;][vc_single_image image=&#8221;3250&#8243; img_size=&#8221;600&#215;150&#8243; alignment=&#8221;center&#8221;][\/vc_column][vc_column width=&#8221;1\/2&#8243;][vc_column_text] Eg\u0306itimli Personel Yas\u0327l\u0131 bak\u0131m\u0131 konusunda uzman personelimiz, yas\u0327l\u0131lar\u0131n ihtiyac\u0327lar\u0131n\u0131 kars\u0327\u0131lamak ic\u0327in gerekli eg\u0306itimi alm\u0131s\u0327 ve deneyimli [&hellip;]<\/p>\n","protected":false},"author":1,"featured_media":0,"parent":0,"menu_order":0,"comment_status":"closed","ping_status":"closed","template":"","meta":{"footnotes":""},"_links":{"self":[{"href":"http:\/\/www.istanbuletc.com\/en\/wp-json\/wp\/v2\/pages\/3131"}],"collection":[{"href":"http:\/\/www.istanbuletc.com\/en\/wp-json\/wp\/v2\/pages"}],"about":[{"href":"http:\/\/www.istanbuletc.com\/en\/wp-json\/wp\/v2\/types\/page"}],"author":[{"embeddable":true,"href":"http:\/\/www.istanbuletc.com\/en\/wp-json\/wp\/v2\/users\/1"}],"replies":[{"embeddable":true,"href":"http:\/\/www.istanbuletc.com\/en\/wp-json\/wp\/v2\/comments?post=3131"}],"version-history":[{"count":19,"href":"http:\/\/www.istanbuletc.com\/en\/wp-json\/wp\/v2\/pages\/3131\/revisions"}],"predecessor-version":[{"id":3253,"href":"http:\/\/www.istanbuletc.com\/en\/wp-json\/wp\/v2\/pages\/3131\/revisions\/3253"}],"wp:attachment":[{"href":"http:\/\/www.istanbuletc.com\/en\/wp-json\/wp\/v2\/media?parent=3131"}],"curies":[{"name":"wp","href":"https:\/\/api.w.org\/{rel}","templated":true}]}}