{"id":3132,"date":"2023-09-04T16:04:38","date_gmt":"2023-09-04T13:04:38","guid":{"rendered":"http:\/\/www.istanbuletc.com\/?page_id=3132"},"modified":"2023-09-04T20:44:43","modified_gmt":"2023-09-04T17:44:43","slug":"cocuk-bakim","status":"publish","type":"page","link":"http:\/\/www.istanbuletc.com\/en\/cocuk-bakim\/","title":{"rendered":"\u00c7OCUK BAKIM"},"content":{"rendered":"<p>[vc_row][vc_column width=&#8221;1\/3&#8243;][vc_single_image image=&#8221;3214&#8243; img_size=&#8221;100&#215;100&#8243; alignment=&#8221;center&#8221;][\/vc_column][vc_column width=&#8221;1\/3&#8243;][vc_column_text]<\/p>\n<div class=\"page\" title=\"Page 9\">\n<div class=\"section\">\n<div class=\"layoutArea\">\n<div class=\"column\">\n<h3 style=\"text-align: left;\">Yetkin C\u0327al\u0131s\u0327anlar<\/h3>\n<p style=\"text-align: left;\">C\u0327ocuklar\u0131m\u0131z\u0131n bak\u0131m\u0131n\u0131 ve eg\u0306itimini u\u0308stlenen deneyimli ve sertifikal\u0131 c\u0327al\u0131s\u0327anlar\u0131m\u0131zla gu\u0308vende olacag\u0306\u0131n\u0131zdan emin olabilirsiniz.<\/p>\n<\/div>\n<\/div>\n<\/div>\n<\/div>\n<p>[\/vc_column_text][\/vc_column][vc_column width=&#8221;1\/3&#8243;][\/vc_column][\/vc_row]<\/p>","protected":false},"excerpt":{"rendered":"<p>[vc_row][vc_column width=&#8221;1\/3&#8243;][vc_single_image image=&#8221;3214&#8243; img_size=&#8221;100&#215;100&#8243; alignment=&#8221;center&#8221;][\/vc_column][vc_column width=&#8221;1\/3&#8243;][vc_column_text] Yetkin C\u0327al\u0131s\u0327anlar C\u0327ocuklar\u0131m\u0131z\u0131n bak\u0131m\u0131n\u0131 ve eg\u0306itimini u\u0308stlenen deneyimli ve sertifikal\u0131 c\u0327al\u0131s\u0327anlar\u0131m\u0131zla gu\u0308vende olacag\u0306\u0131n\u0131zdan emin olabilirsiniz. [\/vc_column_text][\/vc_column][vc_column width=&#8221;1\/3&#8243;][\/vc_column][\/vc_row]<\/p>\n","protected":false},"author":1,"featured_media":0,"parent":0,"menu_order":0,"comment_status":"closed","ping_status":"closed","template":"","meta":{"footnotes":""},"_links":{"self":[{"href":"http:\/\/www.istanbuletc.com\/en\/wp-json\/wp\/v2\/pages\/3132"}],"collection":[{"href":"http:\/\/www.istanbuletc.com\/en\/wp-json\/wp\/v2\/pages"}],"about":[{"href":"http:\/\/www.istanbuletc.com\/en\/wp-json\/wp\/v2\/types\/page"}],"author":[{"embeddable":true,"href":"http:\/\/www.istanbuletc.com\/en\/wp-json\/wp\/v2\/users\/1"}],"replies":[{"embeddable":true,"href":"http:\/\/www.istanbuletc.com\/en\/wp-json\/wp\/v2\/comments?post=3132"}],"version-history":[{"count":12,"href":"http:\/\/www.istanbuletc.com\/en\/wp-json\/wp\/v2\/pages\/3132\/revisions"}],"predecessor-version":[{"id":3267,"href":"http:\/\/www.istanbuletc.com\/en\/wp-json\/wp\/v2\/pages\/3132\/revisions\/3267"}],"wp:attachment":[{"href":"http:\/\/www.istanbuletc.com\/en\/wp-json\/wp\/v2\/media?parent=3132"}],"curies":[{"name":"wp","href":"https:\/\/api.w.org\/{rel}","templated":true}]}}