{"id":3133,"date":"2023-09-04T16:04:39","date_gmt":"2023-09-04T13:04:39","guid":{"rendered":"http:\/\/www.istanbuletc.com\/?page_id=3133"},"modified":"2023-09-04T21:19:09","modified_gmt":"2023-09-04T18:19:09","slug":"personel-bulma-sureci","status":"publish","type":"page","link":"http:\/\/www.istanbuletc.com\/en\/personel-bulma-sureci\/","title":{"rendered":"Personel Bulma S\u00fcreci"},"content":{"rendered":"<p class=\"qtranxs-available-languages-message qtranxs-available-languages-message-en\">Sorry, this entry is only available in <a href=\"http:\/\/www.istanbuletc.com\/tr\/wp-json\/wp\/v2\/pages\/3133\" class=\"qtranxs-available-language-link qtranxs-available-language-link-tr\" title=\"Turkish\">Turkish<\/a>. For the sake of viewer convenience, the content is shown below in the alternative language. You may click the link to switch the active language.<\/p><p>[vc_row][vc_column width=&#8221;1\/6&#8243;][vc_empty_space][vc_single_image image=&#8221;3297&#8243; alignment=&#8221;center&#8221;][\/vc_column][vc_column width=&#8221;1\/6&#8243;][vc_column_text]<\/p>\n<div class=\"page\" title=\"Page 9\">\n<div class=\"section\">\n<div class=\"layoutArea\">\n<div class=\"column\">\n<div class=\"page\" title=\"Page 10\">\n<div class=\"section\">\n<div class=\"layoutArea\">\n<div class=\"column\">\n<h3>Bas\u0327vuru &amp; Go\u0308ru\u0308s\u0327me<\/h3>\n<p>Potansiyel adaylar\u0131n yapmalar\u0131 gereken bas\u0327vuru ve go\u0308ru\u0308s\u0327me yo\u0308nergeleri hakk\u0131nda detayl\u0131 bilgi al\u0131n\u0131r.<\/p>\n<\/div>\n<\/div>\n<\/div>\n<\/div>\n<\/div>\n<\/div>\n<\/div>\n<\/div>\n<p>[\/vc_column_text][\/vc_column][vc_column width=&#8221;1\/6&#8243;][vc_empty_space][vc_single_image image=&#8221;3296&#8243; alignment=&#8221;center&#8221;][\/vc_column][vc_column width=&#8221;1\/6&#8243;][vc_column_text]<\/p>\n<div class=\"page\" title=\"Page 9\">\n<div class=\"section\">\n<div class=\"layoutArea\">\n<div class=\"column\">\n<div class=\"page\" title=\"Page 9\">\n<div class=\"section\">\n<div class=\"layoutArea\">\n<div class=\"column\">\n<div class=\"page\" title=\"Page 10\">\n<div class=\"section\">\n<div class=\"layoutArea\">\n<div class=\"column\">\n<h3>Belge Kontrolu\u0308 &amp; Ehliyet<\/h3>\n<div class=\"page\" title=\"Page 10\">\n<div class=\"section\">\n<div class=\"layoutArea\">\n<div class=\"column\">\n<p>Kis\u0327inin belgeleri ve gerektig\u0306inde ehliyeti incelenir, onaylan\u0131r.<\/p>\n<\/div>\n<\/div>\n<\/div>\n<\/div>\n<\/div>\n<\/div>\n<\/div>\n<\/div>\n<\/div>\n<\/div>\n<\/div>\n<\/div>\n<\/div>\n<\/div>\n<\/div>\n<\/div>\n<p>[\/vc_column_text][\/vc_column][vc_column width=&#8221;1\/6&#8243;][vc_empty_space][vc_single_image image=&#8221;3295&#8243; alignment=&#8221;center&#8221;][\/vc_column][vc_column width=&#8221;1\/6&#8243;][vc_column_text]<\/p>\n<div class=\"page\" title=\"Page 9\">\n<div class=\"section\">\n<div class=\"layoutArea\">\n<div class=\"column\">\n<div class=\"page\" title=\"Page 9\">\n<div class=\"section\">\n<div class=\"layoutArea\">\n<div class=\"column\">\n<div class=\"page\" title=\"Page 9\">\n<div class=\"section\">\n<div class=\"layoutArea\">\n<div class=\"column\">\n<div class=\"page\" title=\"Page 9\">\n<div class=\"section\">\n<div class=\"layoutArea\">\n<div class=\"column\">\n<div class=\"page\" title=\"Page 10\">\n<div class=\"section\">\n<div class=\"layoutArea\">\n<div class=\"column\">\n<h3>Referans, Sag\u0306l\u0131k &amp; Emniyet Kontrolu\u0308<\/h3>\n<p>Belgeleri dog\u0306rulamak ic\u0327in referanslar kontrol edilir, sag\u0306l\u0131k ve emniyet kontrolu\u0308 yap\u0131l\u0131r.<\/p>\n<\/div>\n<\/div>\n<\/div>\n<\/div>\n<\/div>\n<\/div>\n<\/div>\n<\/div>\n<\/div>\n<\/div>\n<\/div>\n<\/div>\n<\/div>\n<\/div>\n<\/div>\n<\/div>\n<\/div>\n<\/div>\n<\/div>\n<\/div>\n<p>[\/vc_column_text][\/vc_column][\/vc_row]<\/p>","protected":false},"excerpt":{"rendered":"<p>Sorry, this entry is only available in Turkish. For the sake of viewer convenience, the content is shown below in the alternative language. You may click the link to switch the active language.[vc_row][vc_column width=&#8221;1\/6&#8243;][vc_empty_space][vc_single_image image=&#8221;3297&#8243; alignment=&#8221;center&#8221;][\/vc_column][vc_column width=&#8221;1\/6&#8243;][vc_column_text] Bas\u0327vuru &amp; Go\u0308ru\u0308s\u0327me Potansiyel adaylar\u0131n yapmalar\u0131 gereken bas\u0327vuru ve go\u0308ru\u0308s\u0327me yo\u0308nergeleri hakk\u0131nda detayl\u0131 bilgi al\u0131n\u0131r. [\/vc_column_text][\/vc_column][vc_column width=&#8221;1\/6&#8243;][vc_empty_space][vc_single_image image=&#8221;3296&#8243; [&hellip;]<\/p>\n","protected":false},"author":1,"featured_media":0,"parent":0,"menu_order":0,"comment_status":"closed","ping_status":"closed","template":"","meta":{"footnotes":""},"_links":{"self":[{"href":"http:\/\/www.istanbuletc.com\/en\/wp-json\/wp\/v2\/pages\/3133"}],"collection":[{"href":"http:\/\/www.istanbuletc.com\/en\/wp-json\/wp\/v2\/pages"}],"about":[{"href":"http:\/\/www.istanbuletc.com\/en\/wp-json\/wp\/v2\/types\/page"}],"author":[{"embeddable":true,"href":"http:\/\/www.istanbuletc.com\/en\/wp-json\/wp\/v2\/users\/1"}],"replies":[{"embeddable":true,"href":"http:\/\/www.istanbuletc.com\/en\/wp-json\/wp\/v2\/comments?post=3133"}],"version-history":[{"count":3,"href":"http:\/\/www.istanbuletc.com\/en\/wp-json\/wp\/v2\/pages\/3133\/revisions"}],"predecessor-version":[{"id":3299,"href":"http:\/\/www.istanbuletc.com\/en\/wp-json\/wp\/v2\/pages\/3133\/revisions\/3299"}],"wp:attachment":[{"href":"http:\/\/www.istanbuletc.com\/en\/wp-json\/wp\/v2\/media?parent=3133"}],"curies":[{"name":"wp","href":"https:\/\/api.w.org\/{rel}","templated":true}]}}