{"id":2086,"date":"2017-06-08T16:01:19","date_gmt":"2017-06-08T13:01:19","guid":{"rendered":"http:\/\/istanbuletc.com\/?page_id=2086"},"modified":"2018-06-22T12:31:19","modified_gmt":"2018-06-22T09:31:19","slug":"klinik-psikoloji-yuksek-lisans-programi","status":"publish","type":"page","link":"http:\/\/www.istanbuletc.com\/ru\/klinik-psikoloji-yuksek-lisans-programi\/","title":{"rendered":"\u041c\u0410\u0413\u0418\u0421\u0422\u0415\u0420\u0421\u041a\u0410\u042f \u041f\u0420\u041e\u0413\u0420\u0410\u041c\u041c\u0410 \u041f\u041e \u0421\u041f\u0415\u0426\u0418\u0410\u041b\u042c\u041d\u041e\u0421\u0422\u0418 \u00ab\u041a\u041b\u0418\u041d\u0418\u0427\u0415\u0421\u041a\u0410\u042f \u041f\u0421\u0418\u0425\u041e\u041b\u041e\u0413\u0418\u042f\u00bb"},"content":{"rendered":"<p>[vc_row][vc_column][vc_single_image image=&#187;2098&#8243; img_size=&#187;676\u00d7112&#8243; alignment=&#187;center&#187;][\/vc_column][\/vc_row][vc_row][vc_column width=&#187;1\/2&#8243;][vc_column_text]<strong>PROGRAMIN AMACI<\/strong><br \/>\nKlinik Psikoloji program\u0131n\u0131n amac\u0131, dan\u0131\u015fanlar\u0131n ve hastalar\u0131n psikolojik sorunlar\u0131 ile ilgili tan\u0131 koyabilen, psikolojik testlerini yapabilen ve psikoterapilerini uygulayabilen uzman psikologlar yeti\u015ftirmektir.<\/p>\n<p><strong>\u00c7ALI\u015eMA ALANLARI<\/strong><br \/>\nKlinik Psikoloji alan\u0131nda e\u011fitim alan ki\u015filer; Hastanelerde, Psikiyatri Kliniklerinde, Psikolojik Dan\u0131\u015fma Merkezlerinde, Rehabilitasyon Merkezlerinde, \u00dcniversitelerde, Huzurevlerinde, \u00c7ocuk Esirgeme Kurumlar\u0131nda, Belediyelerin \u0130lgili Birimlerinde, \u00e7al\u0131\u015fma imkan\u0131 bulmaktad\u0131r.<\/p>\n<p><strong>PROGRAMA BA\u015eVURU \u0130\u00c7\u0130N GEREKL\u0130 BELGELER<\/strong><br \/>\n1. Ba\u015fvuru Formu<br \/>\n2. Lisans Diplomas\u0131n\u0131n Asl\u0131 veya Noter Onayl\u0131 \u00d6rne\u011fi<br \/>\n3. Lisans Transkript Fotokopisi ( Not D\u00f6k\u00fcm\u00fc )<br \/>\n4. ALES S\u0131nav Sonu\u00e7 Belgesi Fotokopisi ( 55 Puan &#8212; Tezli Program )<br \/>\n5. N\u00fcfus C\u00fczdan\u0131 Fotokopisi<br \/>\n6. \u0130kametgah Belgesi<br \/>\n7. 6 Adet Foto\u011fraf<br \/>\n8. Sa\u011fl\u0131k Raporu ( Aile Hekimlerinden )[\/vc_column_text][vc_column_text]<span style=\"color: #ff0000;\"><strong>PS\u0130KOLOJ\u0130 L\u0130SANS PROGRAMI MEZUNLARI \u0130\u00c7\u0130N\u00a0<\/strong><\/span><\/p>\n<p><strong>TEZL\u0130 PROGRAM<\/strong><\/p>\n<table border=\"0\" width=\"492\" cellspacing=\"0\" cellpadding=\"0\">\n<tbody>\n<tr>\n<td style=\"text-align: center;\" colspan=\"3\"><strong>ZORUNLU DERSLER<\/strong><\/td>\n<\/tr>\n<tr>\n<td style=\"text-align: left;\" width=\"87\">PSY500<\/td>\n<td width=\"344\">Ara\u015ft\u0131rma Y\u00f6ntemleri<\/td>\n<td style=\"text-align: center;\" width=\"61\"><\/td>\n<\/tr>\n<tr>\n<td style=\"text-align: left;\">PSY501<\/td>\n<td>Yeti\u015fkinlik Psikopatolojisi ve Psikoterapi (I)<\/td>\n<td style=\"text-align: center;\"><\/td>\n<\/tr>\n<tr>\n<td style=\"text-align: left;\">PSY502<\/td>\n<td>Yeti\u015fkinlik Psikopatolojisi ve Psikoterapi (II)<\/td>\n<td style=\"text-align: center;\"><\/td>\n<\/tr>\n<tr>\n<td style=\"text-align: left;\">PSY506<\/td>\n<td>Psikolojik Testler ve Uygulamas\u0131<\/td>\n<td style=\"text-align: center;\"><\/td>\n<\/tr>\n<tr>\n<td style=\"text-align: left;\">PSY507<\/td>\n<td>Klinik De\u011ferlendirme ve Uygulama<\/td>\n<td style=\"text-align: center;\"><\/td>\n<\/tr>\n<tr>\n<td style=\"text-align: left;\">PSY509<\/td>\n<td>Psikoterapi Teknikleri<\/td>\n<td style=\"text-align: center;\"><\/td>\n<\/tr>\n<tr>\n<td style=\"text-align: left;\">PSY590<\/td>\n<td>Klinik Psikoloji Semineri<\/td>\n<td style=\"text-align: center;\"><\/td>\n<\/tr>\n<tr>\n<td style=\"text-align: left;\">PSY595<\/td>\n<td>Klinik Psikoloji Staj\u0131<\/td>\n<td style=\"text-align: center;\"><\/td>\n<\/tr>\n<tr>\n<td style=\"text-align: left;\">PSY599<\/td>\n<td>Bitirme Tezi<\/td>\n<td style=\"text-align: center;\"><\/td>\n<\/tr>\n<tr>\n<td style=\"text-align: center;\" colspan=\"3\"><strong>SE\u00c7MEL\u0130 DERSLER<\/strong><\/td>\n<\/tr>\n<tr>\n<td style=\"text-align: left;\" width=\"87\">PSY503<\/td>\n<td width=\"344\">Ya\u015fl\u0131l\u0131k Psikolojisi<\/td>\n<td style=\"text-align: center;\" width=\"61\"><\/td>\n<\/tr>\n<tr>\n<td style=\"text-align: left;\">PSY504<\/td>\n<td>\u00c7ocukluk Psikopatolojisi<\/td>\n<td style=\"text-align: center;\"><\/td>\n<\/tr>\n<tr>\n<td style=\"text-align: left;\">PSY505<\/td>\n<td>Zihinsel Engel<\/td>\n<td style=\"text-align: center;\"><\/td>\n<\/tr>\n<tr>\n<td style=\"text-align: left;\">PSY508<\/td>\n<td>\u00c7a\u011fda\u015f Ki\u015filik Kuramlar\u0131<\/td>\n<td style=\"text-align: center;\"><\/td>\n<\/tr>\n<tr>\n<td style=\"text-align: left;\">PSY510<\/td>\n<td>Dinamik Psikoterapiler<\/td>\n<td style=\"text-align: center;\"><\/td>\n<\/tr>\n<tr>\n<td style=\"text-align: left;\">PSY511<\/td>\n<td>Kognitif Davran\u0131\u015f\u00e7\u0131 Terapiler<\/td>\n<td style=\"text-align: center;\"><\/td>\n<\/tr>\n<tr>\n<td style=\"text-align: left;\">PSY512<\/td>\n<td>\u00a0Davran\u0131\u015f Biyolojisi<\/td>\n<td style=\"text-align: center;\"><\/td>\n<\/tr>\n<tr>\n<td style=\"text-align: left;\">PSY513<\/td>\n<td>Psikofizyolojik Bozukluklar<\/td>\n<td style=\"text-align: center;\"><\/td>\n<\/tr>\n<tr>\n<td style=\"text-align: left;\">PSY514<\/td>\n<td>Psikolojide Etik<\/td>\n<td style=\"text-align: center;\"><\/td>\n<\/tr>\n<tr>\n<td style=\"text-align: left;\">PSY515<\/td>\n<td>Psikofarmakoloji<\/td>\n<td style=\"text-align: center;\"><\/td>\n<\/tr>\n<tr>\n<td style=\"text-align: left;\">PSY516<\/td>\n<td>Madde Ba\u011f\u0131ml\u0131l\u0131\u011f\u0131 Tedavisi<\/td>\n<td style=\"text-align: center;\"><\/td>\n<\/tr>\n<tr>\n<td style=\"text-align: left;\">PSY517<\/td>\n<td>\u00c7ocuk \u0130stismar\u0131<\/td>\n<td style=\"text-align: center;\"><\/td>\n<\/tr>\n<tr>\n<td style=\"text-align: left;\">PSY518<\/td>\n<td>Psikanalitik<\/td>\n<td style=\"text-align: center;\"><\/td>\n<\/tr>\n<tr>\n<td style=\"text-align: left;\">PSY530<\/td>\n<td>Psikolojide Benlik Modelleri Klasik Yakla\u015f\u0131mlar<\/td>\n<td style=\"text-align: center;\"><\/td>\n<\/tr>\n<tr>\n<td style=\"text-align: left;\">PSY531<\/td>\n<td>Psikolojide Benlik Modelleri Modern Yakla\u015f\u0131mlar<\/td>\n<td style=\"text-align: center;\"><\/td>\n<\/tr>\n<\/tbody>\n<\/table>\n<p>[\/vc_column_text][vc_column_text]<span style=\"color: #ff0000;\"><strong>ALAN DI\u015eI L\u0130SANS PROGRAM MEZUNLARI \u0130\u00c7\u0130N<\/strong><\/span><\/p>\n<p><strong>TEZL\u0130 PROGRAM<\/strong><\/p>\n<table border=\"0\" width=\"492\" cellspacing=\"0\" cellpadding=\"0\">\n<tbody>\n<tr>\n<td style=\"text-align: center;\" colspan=\"3\"><strong>B\u0130L\u0130MSEL HAZIRLIK DERSLER\u0130<em>\u00a0( 3 DERS )<\/em><\/strong><\/td>\n<\/tr>\n<tr>\n<td style=\"text-align: left;\" width=\"87\">PSY101<\/td>\n<td width=\"344\">Psikolojiye Giri\u015f<\/td>\n<td style=\"text-align: center;\" width=\"61\"><\/td>\n<\/tr>\n<tr>\n<td style=\"text-align: left;\">PSY342<\/td>\n<td>Psikopatoloji<\/td>\n<td style=\"text-align: center;\"><\/td>\n<\/tr>\n<tr>\n<td style=\"text-align: left;\">PSY441<\/td>\n<td>Klinik Psikoloji<\/td>\n<td style=\"text-align: center;\"><\/td>\n<\/tr>\n<\/tbody>\n<\/table>\n<p>[\/vc_column_text][vc_column_text]<\/p>\n<table width=\"100%%\" cellspacing=\"0\" cellpadding=\"0\">\n<tbody>\n<tr>\n<td bgcolor=\"#F2ABAD\"><em><strong>Not :<\/strong>\u00a0Tezli Psikoloji Y\u00fcksek Lisans program\u0131 7 ders + seminer + tez ve b\u00f6l\u00fcm\u00fcn uygun g\u00f6rece\u011fi yerde e\u011fitim s\u00fcresi i\u00e7erisinde minimum bir ay stajdan olu\u015fmaktad\u0131r. Se\u00e7meli ders Psikoloji B\u00f6l\u00fcm Ba\u015fkanl\u0131\u011f\u0131 taraf\u0131ndan belirlenecektir.<\/em><\/td>\n<\/tr>\n<\/tbody>\n<\/table>\n<p>[\/vc_column_text][vc_column_text]<strong><a href=\"http:\/\/istanbuletc.com\/wp-content\/uploads\/2017\/06\/12.grup_.pdf\" target=\"_blank\" rel=\"noopener noreferrer\"><img decoding=\"async\" loading=\"lazy\" class=\"wp-image-2097 size-full aligncenter\" src=\"http:\/\/istanbuletc.com\/wp-content\/uploads\/2017\/06\/program-brosuru.png\" alt=\"\" width=\"269\" height=\"80\" \/><\/a><\/strong>[\/vc_column_text][\/vc_column][vc_column width=&#187;1\/2&#8243;][vc_single_image image=&#187;2601&#8243; img_size=&#187;1000&#215;821&#8243; alignment=&#187;center&#187;][vc_empty_space height=&#187;40px&#187;][vc_column_text]<strong>TEZS\u0130Z\u00a0PROGRAM<\/strong><\/p>\n<table border=\"0\" width=\"492\" cellspacing=\"0\" cellpadding=\"0\">\n<tbody>\n<tr>\n<td style=\"text-align: center;\" colspan=\"3\"><strong>ZORUNLU DERSLER<\/strong><\/td>\n<\/tr>\n<tr>\n<td style=\"text-align: left;\" width=\"87\">PSY500<\/td>\n<td width=\"344\">Ara\u015ft\u0131rma Y\u00f6ntemleri<\/td>\n<td style=\"text-align: center;\" width=\"61\"><\/td>\n<\/tr>\n<tr>\n<td style=\"text-align: left;\">PSY501<\/td>\n<td>Yeti\u015fkinlik Psikopatolojisi ve Psikoterapi (I)<\/td>\n<td style=\"text-align: center;\"><\/td>\n<\/tr>\n<tr>\n<td style=\"text-align: left;\">PSY502<\/td>\n<td>Yeti\u015fkinlik Psikopatolojisi ve Psikoterapi (II)<\/td>\n<td style=\"text-align: center;\"><\/td>\n<\/tr>\n<tr>\n<td style=\"text-align: left;\">PSY506<\/td>\n<td>Psikolojik Testler ve Uygulamas\u0131<\/td>\n<td style=\"text-align: center;\"><\/td>\n<\/tr>\n<tr>\n<td style=\"text-align: left;\">PSY507<\/td>\n<td>Klinik De\u011ferlendirme ve Uygulama<\/td>\n<td style=\"text-align: center;\"><\/td>\n<\/tr>\n<tr>\n<td style=\"text-align: left;\">PSY509<\/td>\n<td>Psikoterapi Teknikleri<\/td>\n<td style=\"text-align: center;\"><\/td>\n<\/tr>\n<tr>\n<td style=\"text-align: left;\">PSY590<\/td>\n<td>Klinik Psikoloji Semineri<\/td>\n<td style=\"text-align: center;\"><\/td>\n<\/tr>\n<tr>\n<td style=\"text-align: left;\">PSY595<\/td>\n<td>Klinik Psikoloji Staj\u0131<\/td>\n<td style=\"text-align: center;\"><\/td>\n<\/tr>\n<tr>\n<td style=\"text-align: left;\">PSY598<\/td>\n<td>Mezuniyet Projesi<\/td>\n<td style=\"text-align: center;\"><\/td>\n<\/tr>\n<tr>\n<td style=\"text-align: center;\" colspan=\"3\"><strong>SE\u00c7MEL\u0130 DERSLER<\/strong><\/td>\n<\/tr>\n<tr>\n<td style=\"text-align: left;\" width=\"87\">PSY503<\/td>\n<td width=\"344\">Ya\u015fl\u0131l\u0131k Psikolojisi<\/td>\n<td style=\"text-align: center;\" width=\"61\"><\/td>\n<\/tr>\n<tr>\n<td style=\"text-align: left;\">PSY504<\/td>\n<td>\u00c7ocukluk Psikopatolojisi<\/td>\n<td style=\"text-align: center;\"><\/td>\n<\/tr>\n<tr>\n<td style=\"text-align: left;\">PSY505<\/td>\n<td>Zihinsel Engel<\/td>\n<td style=\"text-align: center;\"><\/td>\n<\/tr>\n<tr>\n<td style=\"text-align: left;\">PSY508<\/td>\n<td>\u00c7a\u011fda\u015f Ki\u015filik Kuramlar\u0131<\/td>\n<td style=\"text-align: center;\"><\/td>\n<\/tr>\n<tr>\n<td style=\"text-align: left;\">PSY510<\/td>\n<td>Dinamik Psikoterapiler<\/td>\n<td style=\"text-align: center;\"><\/td>\n<\/tr>\n<tr>\n<td style=\"text-align: left;\">PSY511<\/td>\n<td>Kognitif Davran\u0131\u015f\u00e7\u0131 Terapiler<\/td>\n<td style=\"text-align: center;\"><\/td>\n<\/tr>\n<tr>\n<td style=\"text-align: left;\">PSY512<\/td>\n<td>\u00a0Davran\u0131\u015f Biyolojisi<\/td>\n<td style=\"text-align: center;\"><\/td>\n<\/tr>\n<tr>\n<td style=\"text-align: left;\">PSY513<\/td>\n<td>Psikofizyolojik Bozukluklar<\/td>\n<td style=\"text-align: center;\"><\/td>\n<\/tr>\n<tr>\n<td style=\"text-align: left;\">PSY514<\/td>\n<td>Psikolojide Etik<\/td>\n<td style=\"text-align: center;\"><\/td>\n<\/tr>\n<tr>\n<td style=\"text-align: left;\">PSY515<\/td>\n<td>Psikofarmakoloji<\/td>\n<td style=\"text-align: center;\"><\/td>\n<\/tr>\n<tr>\n<td style=\"text-align: left;\">PSY516<\/td>\n<td>Madde Ba\u011f\u0131ml\u0131l\u0131\u011f\u0131 Tedavisi<\/td>\n<td style=\"text-align: center;\"><\/td>\n<\/tr>\n<tr>\n<td style=\"text-align: left;\">PSY517<\/td>\n<td>\u00c7ocuk \u0130stismar\u0131<\/td>\n<td style=\"text-align: center;\"><\/td>\n<\/tr>\n<tr>\n<td style=\"text-align: left;\">PSY518<\/td>\n<td>Psikanalitik<\/td>\n<td style=\"text-align: center;\"><\/td>\n<\/tr>\n<tr>\n<td style=\"text-align: left;\">PSY530<\/td>\n<td>Psikolojide Benlik Modelleri Klasik Yakla\u015f\u0131mlar<\/td>\n<td style=\"text-align: center;\"><\/td>\n<\/tr>\n<tr>\n<td style=\"text-align: left;\">PSY531<\/td>\n<td>Psikolojide Benlik Modelleri Modern Yakla\u015f\u0131mlar<\/td>\n<td style=\"text-align: center;\"><\/td>\n<\/tr>\n<\/tbody>\n<\/table>\n<p>[\/vc_column_text][vc_empty_space height=&#187;53px&#187;][vc_column_text]<strong>TEZS\u0130Z\u00a0PROGRAM<\/strong><\/p>\n<table border=\"0\" width=\"492\" cellspacing=\"0\" cellpadding=\"0\">\n<tbody>\n<tr>\n<td style=\"text-align: center;\" colspan=\"3\"><strong>B\u0130L\u0130MSEL HAZIRLIK DERSLER\u0130<em>\u00a0( 3 DERS )<\/em><\/strong><\/td>\n<\/tr>\n<tr>\n<td style=\"text-align: left;\" width=\"87\">PSY101<\/td>\n<td width=\"344\">Psikolojiye Giri\u015f<\/td>\n<td style=\"text-align: center;\" width=\"61\"><\/td>\n<\/tr>\n<tr>\n<td style=\"text-align: left;\">PSY342<\/td>\n<td>Psikopatoloji<\/td>\n<td style=\"text-align: center;\"><\/td>\n<\/tr>\n<tr>\n<td style=\"text-align: left;\">PSY441<\/td>\n<td>Klinik Psikoloji<\/td>\n<td style=\"text-align: center;\"><\/td>\n<\/tr>\n<\/tbody>\n<\/table>\n<p>[\/vc_column_text][vc_column_text]<\/p>\n<table width=\"100%%\" cellspacing=\"0\" cellpadding=\"0\">\n<tbody>\n<tr>\n<td bgcolor=\"#F2ABAD\"><em><strong>Not :<\/strong>\u00a0Tezsiz Klinik Psikoloji Y\u00fcksek Lisans program\u0131 10 ders + bitirme projesi ve b\u00f6l\u00fcm\u00fcn uygun g\u00f6rece\u011fi yerde e\u011fitim s\u00fcresi i\u00e7erisinde minimum bir ay stajdan olu\u015fmaktad\u0131r. Se\u00e7meli dersler Psikoloji B\u00f6l\u00fcm Ba\u015fkanl\u0131\u011f\u0131 taraf\u0131ndan belirlenecektir.<\/em><\/td>\n<\/tr>\n<\/tbody>\n<\/table>\n<p>[\/vc_column_text][vc_column_text]<a href=\"http:\/\/istanbuletc.com\/wp-content\/uploads\/2018\/05\/ydu_kayit.pdf\" target=\"_blank\" rel=\"noopener noreferrer\"><img decoding=\"async\" loading=\"lazy\" class=\"alignnone size-full wp-image-2565 aligncenter\" src=\"http:\/\/istanbuletc.com\/wp-content\/uploads\/2017\/06\/kayit_formu.png\" alt=\"\" width=\"215\" height=\"80\" \/><\/a>[\/vc_column_text][\/vc_column][\/vc_row]<\/p>","protected":false},"excerpt":{"rendered":"<p>[vc_row][vc_column][vc_single_image image=&#187;2098&#8243; img_size=&#187;676\u00d7112&#8243; alignment=&#187;center&#187;][\/vc_column][\/vc_row][vc_row][vc_column width=&#187;1\/2&#8243;][vc_column_text]PROGRAMIN AMACI Klinik Psikoloji program\u0131n\u0131n amac\u0131, dan\u0131\u015fanlar\u0131n ve hastalar\u0131n psikolojik sorunlar\u0131 ile ilgili tan\u0131 koyabilen, psikolojik testlerini yapabilen ve psikoterapilerini uygulayabilen uzman psikologlar yeti\u015ftirmektir. \u00c7ALI\u015eMA ALANLARI Klinik Psikoloji alan\u0131nda e\u011fitim alan ki\u015filer; Hastanelerde, Psikiyatri Kliniklerinde, Psikolojik Dan\u0131\u015fma Merkezlerinde, Rehabilitasyon Merkezlerinde, \u00dcniversitelerde, Huzurevlerinde, \u00c7ocuk Esirgeme Kurumlar\u0131nda, Belediyelerin \u0130lgili Birimlerinde, \u00e7al\u0131\u015fma imkan\u0131 bulmaktad\u0131r. [&hellip;]<\/p>\n","protected":false},"author":1,"featured_media":0,"parent":0,"menu_order":0,"comment_status":"closed","ping_status":"closed","template":"","meta":{"footnotes":""},"_links":{"self":[{"href":"http:\/\/www.istanbuletc.com\/ru\/wp-json\/wp\/v2\/pages\/2086"}],"collection":[{"href":"http:\/\/www.istanbuletc.com\/ru\/wp-json\/wp\/v2\/pages"}],"about":[{"href":"http:\/\/www.istanbuletc.com\/ru\/wp-json\/wp\/v2\/types\/page"}],"author":[{"embeddable":true,"href":"http:\/\/www.istanbuletc.com\/ru\/wp-json\/wp\/v2\/users\/1"}],"replies":[{"embeddable":true,"href":"http:\/\/www.istanbuletc.com\/ru\/wp-json\/wp\/v2\/comments?post=2086"}],"version-history":[{"count":40,"href":"http:\/\/www.istanbuletc.com\/ru\/wp-json\/wp\/v2\/pages\/2086\/revisions"}],"predecessor-version":[{"id":2882,"href":"http:\/\/www.istanbuletc.com\/ru\/wp-json\/wp\/v2\/pages\/2086\/revisions\/2882"}],"wp:attachment":[{"href":"http:\/\/www.istanbuletc.com\/ru\/wp-json\/wp\/v2\/media?parent=2086"}],"curies":[{"name":"wp","href":"https:\/\/api.w.org\/{rel}","templated":true}]}}