{"id":2423,"date":"2018-05-20T01:02:36","date_gmt":"2018-05-19T22:02:36","guid":{"rendered":"http:\/\/istanbuletc.com\/?page_id=2423"},"modified":"2018-06-26T12:39:00","modified_gmt":"2018-06-26T09:39:00","slug":"kisi-psikolojisi","status":"publish","type":"page","link":"http:\/\/www.istanbuletc.com\/ru\/kisi-psikolojisi\/","title":{"rendered":"Ki\u015fi Psikolojisi"},"content":{"rendered":"<p class=\"qtranxs-available-languages-message qtranxs-available-languages-message-ru\">\u0418\u0437\u0432\u0438\u043d\u0438\u0442\u0435, \u044d\u0442\u043e\u0442 \u0442\u0435\u0445\u0442 \u0434\u043e\u0441\u0442\u0443\u043f\u0435\u043d \u0442\u043e\u043b\u044c\u043a\u043e \u0432 &ldquo;<a href=\"http:\/\/www.istanbuletc.com\/tr\/wp-json\/wp\/v2\/pages\/2423\" class=\"qtranxs-available-language-link qtranxs-available-language-link-tr\" title=\"Turkish\">\u0442\u0443\u0440\u0435\u0446\u043a\u0438\u0439<\/a>&rdquo;. For the sake of viewer convenience, the content is shown below in the alternative language. You may click the link to switch the active language.<\/p><p>[vc_row][vc_column][vc_row_inner][vc_column_inner width=&#187;1\/2&#8243;][vc_column_text]<\/p>\n<div class=\"page\" title=\"Page 2\">\n<div class=\"layoutArea\">\n<div class=\"column\">\n<p><strong>Uluslararas\u0131 Vizyon U\u0308niversitesi Hakk\u0131nda<\/strong><\/p>\n<p>Uluslararas\u0131 Vizyon U\u0308niversitesi, Merkezi Makedonya\u2019n\u0131n Gostivar s\u0327ehrinde bulunan \u201cS\u0327ar-Vardar I\u0307lim Ku\u0308ltu\u0308r ve Sanat Vakf\u0131\u201dn\u0131n 17 Haziran 2014 tarihinde Makedonya Cumhuriyeti Hu\u0308ku\u0308metine \u201cUluslararas\u0131 Vizyon U\u0308niversitesi\u201dnin kurulmas\u0131 ic\u0327in ic\u0327in yapm\u0131s\u0327 oldug\u0306u bas\u0327vuru, 07 Ekim 2014 tarihinde, Makedonya Cumhuriyeti Hu\u0308ku\u0308meti Bakanlar Kurulu karar\u0131n\u0131n ve 20 Ekim 2014 tarihli resmi gazetenin 153 say\u0131l\u0131 ve 4781 nolu yay\u0131mlanmas\u0131 ile, Uluslararas\u0131 Vizyon U\u0308niversitesi, M.C. Bakanlar Kurulu Karar\u0131 ile Avrupa ve Balkanlarda kurulan ve Tu\u0308rkiye d\u0131s\u0327\u0131nda anadilde eg\u0306itim yapma hakk\u0131na sahip olan ve resmi akredite edilen ilk ve tek u\u0308niversite hu\u0308viyetini kazand\u0131.<\/p>\n<p>24 Ekim 2014 tarihi itibar\u0131 ile Makedonya Cumhuriyeti Akreditasyon kurulunun 15-98\/6 say\u0131l\u0131 karar\u0131 ile, Uluslararas\u0131 Vizyon U\u0308niversitesi akredite edilip resmi hu\u0308vviyetini kazanm\u0131s\u0327 oldu.<\/p>\n<p>Balkan cog\u0306rafyas\u0131n\u0131n yap\u0131s\u0131n\u0131 esas alarak, su\u0308rdu\u0308ru\u0308lebilir kalk\u0131nma, gelis\u0327me ve var olma vasf\u0131 eg\u0306itimden gec\u0327mektedir. Genelde Balkanlar, yerelde Makedonya\u2019da yas\u0327ayan Tu\u0308rklerin de yer ald\u0131g\u0306\u0131 tu\u0308m az\u0131nl\u0131klar\u0131n, az\u0131nl\u0131k statu\u0308su\u0308nu\u0308n getirdig\u0306i s\u0131k\u0131nt\u0131lar\u0131n en bas\u0327\u0131nda, yu\u0308ksek o\u0308g\u0306renimde ana dilde eg\u0306itim sorunu yer almaktad\u0131r.<\/p>\n<p>U\u0308lke ve bo\u0308lge insan\u0131n\u0131n geleneksel birikimini, c\u0327ag\u0306das\u0327 bilgiyi ve teknikleri kullanarak belirlemek, deg\u0306erlendirmek ve yeniden yorumlamak misyonunu gu\u0308tmektedir.<\/p>\n<p>Uluslararas\u0131 Vizyon U\u0308niversitesi bas\u0327lang\u0131c\u0327 olarak bes\u0327 faku\u0308lte, bes\u0327 lisans ve alt\u0131 yu\u0308ksek lisans olmak u\u0308zere toplam 10 program dahilinde faaliyet go\u0308stermektedir. Hedefler ve toplumsal ihtiyac\u0327lar\u0131n kars\u0327\u0131lanmas\u0131 dog\u0306rultusunda, Sag\u0306l\u0131k Bilimleri Faku\u0308ltesi\u2019nin ac\u0327\u0131lmas\u0131 ic\u0327in c\u0327al\u0131s\u0327malar devam etmektedir.<\/p>\n<p>Aras\u0327t\u0131rma ve I\u0307nceleme yoluyla elde edilen sonuc\u0327lar bilim du\u0308nyas\u0131yla ve toplumla paylas\u0327mak u\u0308niversitenin projeksiyonlar\u0131 bu\u0308nyesindedir.<\/p>\n<\/div>\n<\/div>\n<\/div>\n<p>[\/vc_column_text][\/vc_column_inner][vc_column_inner width=&#187;1\/2&#8243;][vc_single_image image=&#187;2455&#8243; img_size=&#187;800&#215;800&#8243;][\/vc_column_inner][\/vc_row_inner][vc_row_inner][vc_column_inner width=&#187;1\/2&#8243;][vc_column_text]<strong>Ki\u015fi Psikolojisi Y\u00fcksek\u00a0Lisans B\u00f6l\u00fcm\u00fc Dersleri<\/strong><\/p>\n<p><strong>1. Yar\u0131y\u0131l<\/strong><\/p>\n<table border=\"0\" width=\"492\" cellspacing=\"0\" cellpadding=\"0\">\n<tbody>\n<tr>\n<td style=\"text-align: center;\" width=\"41\"><strong>No<\/strong><\/td>\n<td width=\"387\"><strong>Ders Ad\u0131<\/strong><\/td>\n<td style=\"text-align: center;\" width=\"64\"><strong>AKTS<\/strong><\/td>\n<\/tr>\n<tr>\n<td style=\"text-align: center;\">1<\/td>\n<td>Kis\u0327ilik Bilim Esaslar\u0131<\/td>\n<td style=\"text-align: center;\">8<\/td>\n<\/tr>\n<tr>\n<td style=\"text-align: center;\">2<\/td>\n<td>PDR\u2019de C\u0327al\u0131s\u0327ma Becerileri<\/td>\n<td style=\"text-align: center;\">8<\/td>\n<\/tr>\n<tr>\n<td style=\"text-align: center;\">3<\/td>\n<td>Analitik Karma Psikoterapi<\/td>\n<td style=\"text-align: center;\">8<\/td>\n<\/tr>\n<tr>\n<td style=\"text-align: center;\">4<\/td>\n<td>Sec\u0327meli Ders<\/td>\n<td style=\"text-align: center;\">6<\/td>\n<\/tr>\n<tr>\n<td style=\"text-align: center;\"><span style=\"color: #ffffff;\">&#8212;<\/span><\/td>\n<td>&#8212;\u00a0Psikotepide Yo\u0308ntem ve Dan\u0131s\u0327manl\u0131k Teknikleri<\/td>\n<td style=\"text-align: center;\"><\/td>\n<\/tr>\n<tr>\n<td style=\"text-align: center;\"><span style=\"color: #ffffff;\">&#8212;<\/span><\/td>\n<td>&#8212;\u00a0Bilis\u0327sel Davran\u0131s\u0327c\u0327\u0131 Terapi<\/td>\n<td style=\"text-align: center;\"><\/td>\n<\/tr>\n<\/tbody>\n<\/table>\n<p>[\/vc_column_text][\/vc_column_inner][vc_column_inner width=&#187;1\/2&#8243;][vc_column_text css=&#187;.vc_custom_1526995062926{padding-top: 50px !important;}&#187;]<strong>2. Yar\u0131y\u0131l<\/strong><\/p>\n<table border=\"0\" width=\"492\" cellspacing=\"0\" cellpadding=\"0\">\n<tbody>\n<tr>\n<td style=\"text-align: center;\" width=\"41\"><strong>No<\/strong><\/td>\n<td width=\"387\"><strong>Ders Ad\u0131<\/strong><\/td>\n<td style=\"text-align: center;\" width=\"64\"><strong>AKTS<\/strong><\/td>\n<\/tr>\n<tr>\n<td style=\"text-align: center;\">1<\/td>\n<td>Sec\u0327meli Ders<\/td>\n<td style=\"text-align: center;\">6<\/td>\n<\/tr>\n<tr>\n<td style=\"text-align: center;\"><\/td>\n<td>&#8212;\u00a0Psikoloji Tarihi<\/td>\n<td style=\"text-align: center;\"><\/td>\n<\/tr>\n<tr>\n<td style=\"text-align: center;\"><\/td>\n<td>&#8212;\u00a0Nical Aras\u0327t\u0131rma Yo\u0308ntemleri<\/td>\n<td style=\"text-align: center;\"><\/td>\n<\/tr>\n<tr>\n<td style=\"text-align: center;\">2<\/td>\n<td>U\u0308niversite Listesinden Sec\u0327meli Ders<\/td>\n<td style=\"text-align: center;\">6<\/td>\n<\/tr>\n<tr>\n<td style=\"text-align: center;\">\u00a03<\/td>\n<td>Master Tezi<\/td>\n<td style=\"text-align: center;\">18<\/td>\n<\/tr>\n<tr>\n<td style=\"text-align: center;\"><span style=\"color: #ffffff;\">\u00a0&#8212;<\/span><\/td>\n<td><\/td>\n<td style=\"text-align: center;\"><\/td>\n<\/tr>\n<\/tbody>\n<\/table>\n<p>[\/vc_column_text][\/vc_column_inner][\/vc_row_inner][vc_tta_accordion][vc_tta_section i_icon_fontawesome=&#187;fa-icon-stm_icon_book_stack&#187; add_icon=&#187;true&#187; title=&#187;E\u011fitim Mevzuat\u0131&#187; tab_id=&#187;1526729094262-0586a47a-83e2&#8243;][vc_column_text]<\/p>\n<div class=\"page\" title=\"Page 2\">\n<div class=\"layoutArea\">\n<div class=\"column\">\n<p>\u041cakedonya Cumhuriyeti yu\u0308ksek o\u0308g\u0306renim kanununun 150. maddesine istinaden: U\u0308niversite aday\u0131 o\u0308g\u0306renciler yu\u0308ksek o\u0308g\u0306renimlerine iki statu\u0308de devam etme hakk\u0131na sahiptir.<\/p>\n<p><strong>O\u0308rgu\u0308n Eg\u0306itim (Klasik)<\/strong>\u00a0teorik derslerde % 70 uygulamal\u0131 derslerde % 80 devaml\u0131l\u0131k zorunludur.<\/p>\n<p>\u2022 O\u0308rgu\u0308n Eg\u0306itim (Mazeretli) devam zorunlulug\u0306u yoktur<\/p>\n<p><strong><br \/>\nO\u0308rgu\u0308n eg\u0306itim (mazeretli)<\/strong>\u00a0olabilmek ic\u0327in aday\u0131n:<\/p>\n<p>\u2022 Kronik Rahats\u0131z Olmas\u0131 (muayene go\u0308rmu\u0308s\u0327 oldug\u0306u devlet hastanesinden rapor)<br \/>\n\u2022 Evli Olmas\u0131 (evlilik cu\u0308zdan\u0131n\u0131n noter tasdikli nu\u0308shas\u0131 ibraz edilmeli)<br \/>\n\u2022 I\u0307s\u0327 ilis\u0327kisine tabi olmas\u0131 (c\u0327al\u0131s\u0327t\u0131g\u0306\u0131 kurumdan c\u0327al\u0131s\u0327t\u0131g\u0306\u0131na dair teyid mektubu veya sgk hizmet do\u0308ku\u0308mu\u0308)<\/p>\n<p><strong>O\u0308rgu\u0308n Eg\u0306itim (Mazeretli) Uygulamas\u0131<\/strong><\/p>\n<p>Her do\u0308nem akademik takvim bas\u0327lamas\u0131na mu\u0308takiben 15 is\u0327 gu\u0308nu\u0308 ic\u0327erisinde o\u0308g\u0306rencilere sorumlu olduklar\u0131 derslerin ders notlar\u0131 go\u0308nderilmektedir.<br \/>\nDo\u0308nem sonlar\u0131nda ilgili adaylara h\u0131zland\u0131r\u0131lm\u0131s\u0327 ders verilmektedir.<br \/>\nH\u0131zland\u0131r\u0131lm\u0131s\u0327 dersler akademik takvimde o\u0308ngo\u0308ru\u0308len tarihlerde gerc\u0327ekles\u0327mektedir.<\/p>\n<p>Gu\u0308z Do\u0308nemi S\u0327ubat ay\u0131n\u0131n ilk haftas\u0131nda ilk do\u0308nemin s\u0131navlar\u0131,<br \/>\nBahar Do\u0308nemi Haziran ay\u0131n\u0131n ilk haftas\u0131nda ikinci do\u0308nemin s\u0131navlar\u0131 yap\u0131lmaktad\u0131r.<\/p>\n<p><strong>O\u0308rgu\u0308n Eg\u0306itim (Mazeretli) Bas\u0327vurusu ve Muafiyet<\/strong><\/p>\n<p>Muafiyet ve I\u0307ntibak I\u0307s\u0327lemleri Yo\u0308nergesine istinaden ilgili aday\u0131n kac\u0327 krediden muaf olacag\u0306\u0131 ve kac\u0327 kredi tamamlamas\u0131 gerektig\u0306i tespit edilmektedir.<\/p>\n<\/div>\n<\/div>\n<\/div>\n<p>[\/vc_column_text][\/vc_tta_section][vc_tta_section i_icon_fontawesome=&#187;fa fa-exclamation-triangle&#187; add_icon=&#187;true&#187; title=&#187;Ba\u015fvuru Ko\u015fullar\u0131&#187; tab_id=&#187;1526904970842-bf4f1abe-74fd&#187;][vc_column_text]<\/p>\n<div class=\"page\" title=\"Page 2\">\n<div class=\"section\">\n<div class=\"layoutArea\">\n<div class=\"column\">\n<div class=\"page\" title=\"Page 2\">\n<div class=\"section\">\n<div class=\"layoutArea\">\n<div class=\"column\">\n<p>Mu\u0308lakat Kay\u0131t Formunu Doldurmak.<\/p>\n<\/div>\n<\/div>\n<\/div>\n<\/div>\n<p><em><strong>NOT:<\/strong>\u00a0Mu\u0308lakattan bas\u0327ar\u0131l\u0131 olan o\u0308g\u0306rencilerimiz, kay\u0131t ic\u0327in gereken as\u0327ag\u0306\u0131daki belgeleri eksiksiz teslim edip, o\u0308ngo\u0308ru\u0308len mali yu\u0308ku\u0308mlu\u0308lu\u0308g\u0306u\u0308 yerine getirdiklerinden itibaren u\u0308niversitemize kayd\u0131 gerc\u0327ekles\u0327ecektir.<\/em><\/p>\n<\/div>\n<\/div>\n<\/div>\n<\/div>\n<p>[\/vc_column_text][\/vc_tta_section][\/vc_tta_accordion][vc_column_text]<\/p>\n<h4><span style=\"color: #171258;\"><strong>Uluslararas\u0131 Vizyon \u00dcniversitesi T\u00fcrk \u00d6\u011frencilerin Kayd\u0131 i\u00e7in Gerekli Belgeler<\/strong><\/span><\/h4>\n<div class=\"page\" title=\"Page 2\">\n<div class=\"section\">\n<div class=\"layoutArea\">\n<div class=\"column\">\n<p><strong>U\u0308NI\u0307VERSI\u0307TE DI\u0307PLOMASI<\/strong>\u00a0( 4 y\u0131ll\u0131k U\u0308niversite Lisans Diplomas\u0131 asl\u0131 vilayet makam\u0131ndan apostil edilmelidir.)<br \/>\n<strong>TRANSKRI\u0307PT<\/strong>\u00a0( U\u0308niversite Not Do\u0308ku\u0308mu\u0308 )<br \/>\n<strong>ULUSLARARASI DOG\u0306UM BELGESI\u0307<\/strong>\u00a0( Nu\u0308fus mu\u0308du\u0308rlu\u0308g\u0306u\u0308nden al\u0131nmaktad\u0131r.)<br \/>\n<strong>SAG\u0306LIK RAPORU<\/strong>\u00a0( Devlet hastanelerinden sag\u0306l\u0131k mu\u0308du\u0308rlu\u0308g\u0306u\u0308 onayl\u0131 \u201cresimli \u201c notar tasd\u0131kl\u0131 belge.) ADLI\u0307 SI\u0307CI\u0307L KAYDI ( Vilayet makam\u0131ndan ( Adliye\u2019den ) al\u0131nmaktad\u0131r.)<br \/>\n<strong>I\u0307KAMETGAH<\/strong>\u00a0( Nu\u0308fur Mu\u0308du\u0308rlu\u0308g\u0306u\u0308 veya muhtarl\u0131ktan al\u0131nacakt\u0131r )<br \/>\n<strong>PASAPORT FOTOKOPI\u0307SI\u0307<\/strong>\u00a0( En Az 4 Y\u0131l su\u0308reli Pasaportun resimli olan bo\u0308lu\u0308mu\u0308n fotokopisi.)<br \/>\n<strong>VEKALETNAME<br \/>\n<\/strong><strong>TAAHU\u0308TNAME<br \/>\n<\/strong><strong>SGK PROVI\u0307ZYON BELGESI\u0307<\/strong>\u00a0(Sosyal Sigortas\u0131 Olmayan aday o\u0308g\u0306renci, o\u0308zel sag\u0306l\u0131k sigortas\u0131 yapt\u0131rmas\u0131 gerekmetedir)<br \/>\n<strong>FOTOG\u0306RAF<\/strong>\u00a0(6 Adet vesikal\u0131k resim arka zemini beyaz olmas\u0131 gerekir.)<\/p>\n<\/div>\n<\/div>\n<\/div>\n<\/div>\n<p>[\/vc_column_text][vc_column_text]<a href=\"http:\/\/www.istanbuletc.com\/wp-content\/uploads\/2018\/06\/yuksek-lisans-psikoloji.pdf\" target=\"_blank\" rel=\"noopener noreferrer\"><img decoding=\"async\" loading=\"lazy\" class=\"size-full wp-image-2097 aligncenter\" src=\"http:\/\/istanbuletc.com\/wp-content\/uploads\/2017\/06\/program-brosuru.png\" alt=\"\" width=\"269\" height=\"80\" \/><\/a>[\/vc_column_text][\/vc_column][\/vc_row]<\/p>","protected":false},"excerpt":{"rendered":"<p>\u0418\u0437\u0432\u0438\u043d\u0438\u0442\u0435, \u044d\u0442\u043e\u0442 \u0442\u0435\u0445\u0442 \u0434\u043e\u0441\u0442\u0443\u043f\u0435\u043d \u0442\u043e\u043b\u044c\u043a\u043e \u0432 &ldquo;\u0442\u0443\u0440\u0435\u0446\u043a\u0438\u0439&rdquo;. For the sake of viewer convenience, the content is shown below in the alternative language. You may click the link to switch the active language.[vc_row][vc_column][vc_row_inner][vc_column_inner width=&#187;1\/2&#8243;][vc_column_text] Uluslararas\u0131 Vizyon U\u0308niversitesi Hakk\u0131nda Uluslararas\u0131 Vizyon U\u0308niversitesi, Merkezi Makedonya\u2019n\u0131n Gostivar s\u0327ehrinde bulunan \u201cS\u0327ar-Vardar I\u0307lim Ku\u0308ltu\u0308r ve Sanat Vakf\u0131\u201dn\u0131n 17 Haziran 2014 tarihinde [&hellip;]<\/p>\n","protected":false},"author":1,"featured_media":0,"parent":0,"menu_order":0,"comment_status":"closed","ping_status":"closed","template":"","meta":{"footnotes":""},"_links":{"self":[{"href":"http:\/\/www.istanbuletc.com\/ru\/wp-json\/wp\/v2\/pages\/2423"}],"collection":[{"href":"http:\/\/www.istanbuletc.com\/ru\/wp-json\/wp\/v2\/pages"}],"about":[{"href":"http:\/\/www.istanbuletc.com\/ru\/wp-json\/wp\/v2\/types\/page"}],"author":[{"embeddable":true,"href":"http:\/\/www.istanbuletc.com\/ru\/wp-json\/wp\/v2\/users\/1"}],"replies":[{"embeddable":true,"href":"http:\/\/www.istanbuletc.com\/ru\/wp-json\/wp\/v2\/comments?post=2423"}],"version-history":[{"count":8,"href":"http:\/\/www.istanbuletc.com\/ru\/wp-json\/wp\/v2\/pages\/2423\/revisions"}],"predecessor-version":[{"id":2938,"href":"http:\/\/www.istanbuletc.com\/ru\/wp-json\/wp\/v2\/pages\/2423\/revisions\/2938"}],"wp:attachment":[{"href":"http:\/\/www.istanbuletc.com\/ru\/wp-json\/wp\/v2\/media?parent=2423"}],"curies":[{"name":"wp","href":"https:\/\/api.w.org\/{rel}","templated":true}]}}