{"id":2625,"date":"2018-05-26T01:37:20","date_gmt":"2018-05-25T22:37:20","guid":{"rendered":"http:\/\/istanbuletc.com\/?page_id=2625"},"modified":"2018-05-30T15:03:44","modified_gmt":"2018-05-30T12:03:44","slug":"yakin-dogu-universitesi","status":"publish","type":"page","link":"http:\/\/www.istanbuletc.com\/ru\/yakin-dogu-universitesi\/","title":{"rendered":"Yak\u0131n Do\u011fu \u00dcniversitesi"},"content":{"rendered":"<p class=\"qtranxs-available-languages-message qtranxs-available-languages-message-ru\">\u0418\u0437\u0432\u0438\u043d\u0438\u0442\u0435, \u044d\u0442\u043e\u0442 \u0442\u0435\u0445\u0442 \u0434\u043e\u0441\u0442\u0443\u043f\u0435\u043d \u0442\u043e\u043b\u044c\u043a\u043e \u0432 &ldquo;<a href=\"http:\/\/www.istanbuletc.com\/tr\/wp-json\/wp\/v2\/pages\/2625\" class=\"qtranxs-available-language-link qtranxs-available-language-link-tr\" title=\"Turkish\">\u0442\u0443\u0440\u0435\u0446\u043a\u0438\u0439<\/a>&rdquo;. For the sake of viewer convenience, the content is shown below in the alternative language. You may click the link to switch the active language.<\/p><p>[vc_row][vc_column][vc_gallery type=&#187;slick_slider&#187; images=&#187;2712,2713,2714,2715,2716,2717,2718,2719,2720,2721,2722,2723,2725,2726,2727,2728,2729,2730,2731,2733,2734,2735,2736,2737,2738,2739,2740,2741,2742,2743,2744,2745,2747,2748,2749,2750,2751,2752,2753,2754,2755,2756,2757,2758,2759,2760,2761,2762,2763,2764,2767,2769,2770,2771,2773,2774,2775,2724&#8243; img_size=&#187;195&#215;195&#8243; css_animation=&#187;zoomIn&#187;][\/vc_column][\/vc_row]<\/p>","protected":false},"excerpt":{"rendered":"<p>\u0418\u0437\u0432\u0438\u043d\u0438\u0442\u0435, \u044d\u0442\u043e\u0442 \u0442\u0435\u0445\u0442 \u0434\u043e\u0441\u0442\u0443\u043f\u0435\u043d \u0442\u043e\u043b\u044c\u043a\u043e \u0432 &ldquo;\u0442\u0443\u0440\u0435\u0446\u043a\u0438\u0439&rdquo;. For the sake of viewer convenience, the content is shown below in the alternative language. You may click the link to switch the active language.[vc_row][vc_column][vc_gallery type=&#187;slick_slider&#187; images=&#187;2712,2713,2714,2715,2716,2717,2718,2719,2720,2721,2722,2723,2725,2726,2727,2728,2729,2730,2731,2733,2734,2735,2736,2737,2738,2739,2740,2741,2742,2743,2744,2745,2747,2748,2749,2750,2751,2752,2753,2754,2755,2756,2757,2758,2759,2760,2761,2762,2763,2764,2767,2769,2770,2771,2773,2774,2775,2724&#8243; img_size=&#187;195&#215;195&#8243; css_animation=&#187;zoomIn&#187;][\/vc_column][\/vc_row]<\/p>\n","protected":false},"author":1,"featured_media":0,"parent":0,"menu_order":0,"comment_status":"closed","ping_status":"closed","template":"","meta":{"footnotes":""},"_links":{"self":[{"href":"http:\/\/www.istanbuletc.com\/ru\/wp-json\/wp\/v2\/pages\/2625"}],"collection":[{"href":"http:\/\/www.istanbuletc.com\/ru\/wp-json\/wp\/v2\/pages"}],"about":[{"href":"http:\/\/www.istanbuletc.com\/ru\/wp-json\/wp\/v2\/types\/page"}],"author":[{"embeddable":true,"href":"http:\/\/www.istanbuletc.com\/ru\/wp-json\/wp\/v2\/users\/1"}],"replies":[{"embeddable":true,"href":"http:\/\/www.istanbuletc.com\/ru\/wp-json\/wp\/v2\/comments?post=2625"}],"version-history":[{"count":6,"href":"http:\/\/www.istanbuletc.com\/ru\/wp-json\/wp\/v2\/pages\/2625\/revisions"}],"predecessor-version":[{"id":2877,"href":"http:\/\/www.istanbuletc.com\/ru\/wp-json\/wp\/v2\/pages\/2625\/revisions\/2877"}],"wp:attachment":[{"href":"http:\/\/www.istanbuletc.com\/ru\/wp-json\/wp\/v2\/media?parent=2625"}],"curies":[{"name":"wp","href":"https:\/\/api.w.org\/{rel}","templated":true}]}}