{"id":3132,"date":"2023-09-04T16:04:38","date_gmt":"2023-09-04T13:04:38","guid":{"rendered":"http:\/\/www.istanbuletc.com\/?page_id=3132"},"modified":"2023-09-04T20:44:43","modified_gmt":"2023-09-04T17:44:43","slug":"cocuk-bakim","status":"publish","type":"page","link":"http:\/\/www.istanbuletc.com\/ru\/cocuk-bakim\/","title":{"rendered":"\u00c7ocuk Bak\u0131m"},"content":{"rendered":"<p class=\"qtranxs-available-languages-message qtranxs-available-languages-message-ru\">\u0418\u0437\u0432\u0438\u043d\u0438\u0442\u0435, \u044d\u0442\u043e\u0442 \u0442\u0435\u0445\u0442 \u0434\u043e\u0441\u0442\u0443\u043f\u0435\u043d \u0442\u043e\u043b\u044c\u043a\u043e \u0432 &ldquo;<a href=\"http:\/\/www.istanbuletc.com\/tr\/wp-json\/wp\/v2\/pages\/3132\" class=\"qtranxs-available-language-link qtranxs-available-language-link-tr\" title=\"Turkish\">\u0442\u0443\u0440\u0435\u0446\u043a\u0438\u0439<\/a>&rdquo; \u0438 &ldquo;<a href=\"http:\/\/www.istanbuletc.com\/en\/wp-json\/wp\/v2\/pages\/3132\" class=\"qtranxs-available-language-link qtranxs-available-language-link-en\" title=\"English\">\u0430\u043c\u0435\u0440\u0438\u043a\u0430\u043d\u0441\u043a\u0438\u0439 \u0430\u043d\u0433\u043b\u0438\u0439\u0441\u043a\u0438\u0439<\/a>&rdquo;. For the sake of viewer convenience, the content is shown below in this site default language. You may click one of the links to switch the site language to another available language.<\/p><p>[vc_row][vc_column width=&#187;1\/6&#8243;][vc_empty_space][vc_single_image image=&#187;3266&#8243; alignment=&#187;center&#187;][\/vc_column][vc_column width=&#187;1\/6&#8243;][vc_column_text]<\/p>\n<div class=\"page\" title=\"Page 9\">\n<div class=\"section\">\n<div class=\"layoutArea\">\n<div class=\"column\">\n<h3 style=\"text-align: left;\">Yetkin C\u0327al\u0131s\u0327anlar<\/h3>\n<p style=\"text-align: left;\">C\u0327ocuklar\u0131m\u0131z\u0131n bak\u0131m\u0131n\u0131 ve eg\u0306itimini u\u0308stlenen deneyimli ve sertifikal\u0131 c\u0327al\u0131s\u0327anlar\u0131m\u0131zla gu\u0308vende olacag\u0306\u0131n\u0131zdan emin olabilirsiniz.<\/p>\n<\/div>\n<\/div>\n<\/div>\n<\/div>\n<p>[\/vc_column_text][\/vc_column][vc_column width=&#187;1\/6&#8243;][vc_empty_space][vc_single_image image=&#187;3264&#8243; alignment=&#187;center&#187;][\/vc_column][vc_column width=&#187;1\/6&#8243;][vc_column_text]<\/p>\n<div class=\"page\" title=\"Page 9\">\n<div class=\"section\">\n<div class=\"layoutArea\">\n<div class=\"column\">\n<div class=\"page\" title=\"Page 9\">\n<div class=\"section\">\n<div class=\"layoutArea\">\n<div class=\"column\">\n<h3 style=\"text-align: left;\">Maksimum Eg\u0306lence<\/h3>\n<p style=\"text-align: left;\">C\u0327ocuklar\u0131n\u0131z\u0131n eg\u0306lenirken o\u0308g\u0306renmelerini sag\u0306lamak ic\u0327in, oyunlar ve aktiviteler belirliyor ve mu\u0308mku\u0308n olan en iyi c\u0327ocuk bak\u0131m hizmeti sunuyoruz.<\/p>\n<\/div>\n<\/div>\n<\/div>\n<\/div>\n<\/div>\n<\/div>\n<\/div>\n<\/div>\n<p>[\/vc_column_text][\/vc_column][vc_column width=&#187;1\/6&#8243;][vc_empty_space][vc_single_image image=&#187;3265&#8243; alignment=&#187;center&#187;][\/vc_column][vc_column width=&#187;1\/6&#8243;][vc_column_text]<\/p>\n<div class=\"page\" title=\"Page 9\">\n<div class=\"section\">\n<div class=\"layoutArea\">\n<div class=\"column\">\n<div class=\"page\" title=\"Page 9\">\n<div class=\"section\">\n<div class=\"layoutArea\">\n<div class=\"column\">\n<div class=\"page\" title=\"Page 9\">\n<div class=\"section\">\n<div class=\"layoutArea\">\n<div class=\"column\">\n<div class=\"page\" title=\"Page 9\">\n<div class=\"section\">\n<div class=\"layoutArea\">\n<div class=\"column\">\n<h3 style=\"text-align: left;\">Gu\u0308nlu\u0308k Raporlama<\/h3>\n<div class=\"page\" title=\"Page 9\">\n<div class=\"section\">\n<div class=\"layoutArea\">\n<div class=\"column\">\n<p style=\"text-align: left;\">Bak\u0131mla ilgili tu\u0308m ayr\u0131nt\u0131lar\u0131 h\u0131zl\u0131, etkili ve ayr\u0131nt\u0131l\u0131 bir s\u0327ekilde raporluyoruz. Bu sayede, c\u0327ocug\u0306unuzun ne yapt\u0131g\u0306\u0131n\u0131 ve ne o\u0308g\u0306rendig\u0306ini net bir s\u0327ekilde takip edebilirsiniz.<\/p>\n<\/div>\n<\/div>\n<\/div>\n<\/div>\n<\/div>\n<\/div>\n<\/div>\n<\/div>\n<\/div>\n<\/div>\n<\/div>\n<\/div>\n<\/div>\n<\/div>\n<\/div>\n<\/div>\n<\/div>\n<\/div>\n<\/div>\n<\/div>\n<p>[\/vc_column_text][\/vc_column][\/vc_row]<\/p>","protected":false},"excerpt":{"rendered":"<p>\u0418\u0437\u0432\u0438\u043d\u0438\u0442\u0435, \u044d\u0442\u043e\u0442 \u0442\u0435\u0445\u0442 \u0434\u043e\u0441\u0442\u0443\u043f\u0435\u043d \u0442\u043e\u043b\u044c\u043a\u043e \u0432 &ldquo;\u0442\u0443\u0440\u0435\u0446\u043a\u0438\u0439&rdquo; \u0438 &ldquo;\u0430\u043c\u0435\u0440\u0438\u043a\u0430\u043d\u0441\u043a\u0438\u0439 \u0430\u043d\u0433\u043b\u0438\u0439\u0441\u043a\u0438\u0439&rdquo;. For the sake of viewer convenience, the content is shown below in this site default language. You may click one of the links to switch the site language to another available language.[vc_row][vc_column width=&#187;1\/6&#8243;][vc_empty_space][vc_single_image image=&#187;3266&#8243; alignment=&#187;center&#187;][\/vc_column][vc_column width=&#187;1\/6&#8243;][vc_column_text] Yetkin C\u0327al\u0131s\u0327anlar C\u0327ocuklar\u0131m\u0131z\u0131n bak\u0131m\u0131n\u0131 ve eg\u0306itimini u\u0308stlenen deneyimli ve [&hellip;]<\/p>\n","protected":false},"author":1,"featured_media":0,"parent":0,"menu_order":0,"comment_status":"closed","ping_status":"closed","template":"","meta":{"footnotes":""},"_links":{"self":[{"href":"http:\/\/www.istanbuletc.com\/ru\/wp-json\/wp\/v2\/pages\/3132"}],"collection":[{"href":"http:\/\/www.istanbuletc.com\/ru\/wp-json\/wp\/v2\/pages"}],"about":[{"href":"http:\/\/www.istanbuletc.com\/ru\/wp-json\/wp\/v2\/types\/page"}],"author":[{"embeddable":true,"href":"http:\/\/www.istanbuletc.com\/ru\/wp-json\/wp\/v2\/users\/1"}],"replies":[{"embeddable":true,"href":"http:\/\/www.istanbuletc.com\/ru\/wp-json\/wp\/v2\/comments?post=3132"}],"version-history":[{"count":12,"href":"http:\/\/www.istanbuletc.com\/ru\/wp-json\/wp\/v2\/pages\/3132\/revisions"}],"predecessor-version":[{"id":3267,"href":"http:\/\/www.istanbuletc.com\/ru\/wp-json\/wp\/v2\/pages\/3132\/revisions\/3267"}],"wp:attachment":[{"href":"http:\/\/www.istanbuletc.com\/ru\/wp-json\/wp\/v2\/media?parent=3132"}],"curies":[{"name":"wp","href":"https:\/\/api.w.org\/{rel}","templated":true}]}}