{"id":793,"date":"2015-06-30T09:41:33","date_gmt":"2015-06-30T09:41:33","guid":{"rendered":"http:\/\/masterstudy.stylemixthemes.com\/demo\/?page_id=793"},"modified":"2022-09-06T03:37:06","modified_gmt":"2022-09-06T00:37:06","slug":"iletisim","status":"publish","type":"page","link":"http:\/\/www.istanbuletc.com\/ru\/iletisim\/","title":{"rendered":"\u041a\u041e\u041d\u0422\u0410\u041a\u0422\u041d\u0410\u042f"},"content":{"rendered":"<p>[vc_row css=&#187;.vc_custom_1435659486461{margin-bottom: 0px !important;}&#187;][vc_column width=&#187;1\/2&#8243; el_class=&#187;stm_icon_box_responsive&#187;][vc_custom_heading text=&#187;\u041a\u041e\u041d\u0422\u0410\u041a\u0422\u041d\u0410\u042f \u0418\u041d\u0424\u041e\u0420\u041c\u0410\u0426\u0418\u042f&#187; font_container=&#187;tag:h3|text_align:left&#187; google_fonts=&#187;font_family:Montserrat%3Aregular%2C700|font_style:700%20bold%20regular%3A700%3Anormal&#187; css=&#187;.vc_custom_1497490130190{margin-top: -20px !important;margin-bottom: 35px !important;}&#187;][stm_icon_box title_holder=&#187;h5&#8243; icon=&#187;fa-icon-stm_icon_pin-o&#187; icon_size=&#187;35&#8243; icon_align=&#187;left&#187; icon_width=&#187;35&#8243; icon_color=&#187;#eab830&#8243; title=&#187;\u0430\u0434\u0440\u0435\u0441 : &#187; box_bg_color=&#187;#ffffff&#187; box_text_color=&#187;#555555&#8243; css=&#187;.vc_custom_1497490456904{margin-top: 0px !important;border-top-width: 1px !important;border-bottom-width: 1px !important;padding-top: 30px !important;padding-right: 0px !important;padding-bottom: 14px !important;padding-left: 0px !important;border-top-color: #e1e2e4 !important;border-top-style: solid !important;border-bottom-color: #e1e2e4 !important;border-bottom-style: solid !important;}&#187; css_icon=&#187;.vc_custom_1497490456903{padding-left: 7px !important;}&#187;]Konak Mahallesi Lefko\u015fa Caddesi No:42 Origami \u0130\u015f Merkezi Kat:6\/42 Nil\u00fcfer\/Bursa\/T\u00fcrkiye[\/stm_icon_box][vc_row_inner css=&#187;.vc_custom_1435139343164{margin-bottom: 0px !important;}&#187;][vc_column_inner el_class=&#187;stm_sm_gutter_back&#187; css=&#187;.vc_custom_1436791397964{padding-right: 0px !important;}&#187; offset=&#187;vc_col-lg-6 vc_col-md-6&#8243;][stm_icon_box title_holder=&#187;h5&#8243; link_color_style=&#187;dark&#187; icon=&#187;fa-icon-stm_icon_phone-o&#187; icon_size=&#187;33&#8243; icon_align=&#187;left&#187; icon_width=&#187;35&#8243; icon_color=&#187;#eab830&#8243; title=&#187;\u0442\u0435\u043b\u0435\u0444\u043e\u043d:&#187; box_bg_color=&#187;#ffffff&#187; box_text_color=&#187;#555555&#8243; css=&#187;.vc_custom_1530170022616{margin-top: 27px !important;border-bottom-width: 1px !important;padding-top: 0px !important;padding-right: 15px !important;padding-bottom: 17px !important;padding-left: 0px !important;border-bottom-color: #e1e2e4 !important;border-bottom-style: solid !important;}&#187; css_icon=&#187;.vc_custom_1530170022614{padding-left: 7px !important;}&#187;]<a href=\"tel:+902244529898\">+90 224 452 98 98<\/a>[\/stm_icon_box][\/vc_column_inner][vc_column_inner el_class=&#187;stm_sm_gutter_back&#187; css=&#187;.vc_custom_1436790977027{padding-left: 0px !important;}&#187; offset=&#187;vc_col-lg-6 vc_col-md-6&#8243;][stm_icon_box title_holder=&#187;h5&#8243; link_color_style=&#187;dark&#187; icon=&#187;fa-icon-stm_icon_fax&#187; icon_size=&#187;33&#8243; icon_align=&#187;left&#187; icon_width=&#187;61&#8243; icon_color=&#187;#eab830&#8243; title=&#187;\u0444\u0430\u043a\u0441:&#187; box_bg_color=&#187;#ffffff&#187; box_text_color=&#187;#555555&#8243; css=&#187;.vc_custom_1497490475151{margin-top: 27px !important;border-bottom-width: 1px !important;padding-top: 0px !important;padding-right: 0px !important;padding-bottom: 17px !important;padding-left: 0px !important;border-bottom-color: #e1e2e4 !important;border-bottom-style: solid !important;}&#187; css_icon=&#187;.vc_custom_1497490475150{padding-left: 26px !important;}&#187;]+90 224 451 67 67[\/stm_icon_box][\/vc_column_inner][\/vc_row_inner][vc_row_inner css=&#187;.vc_custom_1435139343164{margin-bottom: 0px !important;}&#187;][vc_column_inner el_class=&#187;stm_sm_gutter_back stm_bottom_border&#187; css=&#187;.vc_custom_1436791452718{padding-right: 0px !important;}&#187; offset=&#187;vc_col-lg-6 vc_col-md-6&#8243;][stm_icon_box title_holder=&#187;h5&#8243; link_color_style=&#187;dark&#187; icon=&#187;fa-icon-stm_icon_mail-o&#187; icon_size=&#187;22&#8243; icon_align=&#187;left&#187; icon_width=&#187;35&#8243; icon_color=&#187;#eab830&#8243; title=&#187;\u043f\u043e \u044d\u043b\u0435\u043a\u0442\u0440\u043e\u043d\u043d\u043e\u0439 \u043f\u043e\u0447\u0442\u0435:&#187; box_bg_color=&#187;#ffffff&#187; box_text_color=&#187;#555555&#8243; css=&#187;.vc_custom_1530170043479{margin-top: 27px !important;padding-top: 0px !important;padding-right: 15px !important;padding-bottom: 14px !important;padding-left: 0px !important;}&#187; css_icon=&#187;.vc_custom_1530170043477{padding-top: 10px !important;padding-left: 3px !important;}&#187;]<a href=\"mailto:info@istanbuletc.com\">info@istanbuletc.com<\/a>[\/stm_icon_box][\/vc_column_inner][vc_column_inner el_class=&#187;stm_sm_gutter_back&#187; css=&#187;.vc_custom_1436791272952{padding-left: 0px !important;}&#187; offset=&#187;vc_col-lg-6 vc_col-md-6&#8243;][stm_icon_box title_holder=&#187;h5&#8243; link_color_style=&#187;dark&#187; icon=&#187;fa-icon-stm_icon_earth&#187; icon_size=&#187;33&#8243; icon_align=&#187;left&#187; icon_width=&#187;61&#8243; icon_color=&#187;#eab830&#8243; title=&#187;\u0441\u0430\u0439\u0442:&#187; box_bg_color=&#187;#ffffff&#187; box_text_color=&#187;#555555&#8243; css=&#187;.vc_custom_1497490500993{margin-top: 27px !important;padding-top: 0px !important;padding-right: 0px !important;padding-bottom: 14px !important;padding-left: 0px !important;}&#187; css_icon=&#187;.vc_custom_1497490500992{padding-top: 3px !important;padding-left: 26px !important;}&#187;]www.istanbuletc.com[\/stm_icon_box][\/vc_column_inner][\/vc_row_inner][\/vc_column][vc_column width=&#187;1\/2&#8243;][vc_custom_heading text=&#187;\u043c\u0435\u0441\u0442\u043e&#187; font_container=&#187;tag:h3|text_align:left&#187; google_fonts=&#187;font_family:Montserrat%3Aregular%2C700|font_style:700%20bold%20regular%3A700%3Anormal&#187; css=&#187;.vc_custom_1497490232589{margin-top: -20px !important;margin-bottom: 35px !important;}&#187;][vc_gmaps link=&#187;#E-8_JTNDaWZyYW1lJTIwc3JjJTNEJTIyaHR0cHMlM0ElMkYlMkZ3d3cuZ29vZ2xlLmNvbSUyRm1hcHMlMkZlbWJlZCUzRnBiJTNEJTIxMW0xOCUyMTFtMTIlMjExbTMlMjExZDMwNDcuMDk4NTE1NjI5OTQlMjEyZDI4Ljk4OTQ3ODAxNTU4Mjc2JTIxM2Q0MC4yMDY4NzE0NzYyOTk1JTIxMm0zJTIxMWYwJTIxMmYwJTIxM2YwJTIxM20yJTIxMWkxMDI0JTIxMmk3NjglMjE0ZjEzLjElMjEzbTMlMjExbTIlMjExczB4MTRjYTE0MjlkOTFjZTY3NSUyNTNBMHhjM2IyNTkzMzYxNjBlZDczJTIxMnNPcmlnYW1pJTJCRmxhdCUyQk9mZmljZSUyMTVlMCUyMTNtMiUyMTFzdHIlMjEyc3RyJTIxNHYxNDk2NDg0MjgxNjc1JTIyJTIwd2lkdGglM0QlMjI2MDAlMjIlMjBoZWlnaHQlM0QlMjI0NTAlMjIlMjBmcmFtZWJvcmRlciUzRCUyMjAlMjIlMjBzdHlsZSUzRCUyMmJvcmRlciUzQTAlMjIlMjBhbGxvd2Z1bGxzY3JlZW4lM0UlM0MlMkZpZnJhbWUlM0U=&#187; size=&#187;266&#8243;][\/vc_column][\/vc_row][vc_row][vc_column][stm_multy_separator css=&#187;.vc_custom_1435665826984{margin-top: 39px !important;margin-bottom: 0px !important;}&#187;][\/vc_column][\/vc_row]<\/p>","protected":false},"excerpt":{"rendered":"<p>[vc_row css=&#187;.vc_custom_1435659486461{margin-bottom: 0px !important;}&#187;][vc_column width=&#187;1\/2&#8243; el_class=&#187;stm_icon_box_responsive&#187;][vc_custom_heading text=&#187;\u041a\u041e\u041d\u0422\u0410\u041a\u0422\u041d\u0410\u042f \u0418\u041d\u0424\u041e\u0420\u041c\u0410\u0426\u0418\u042f&#187; font_container=&#187;tag:h3|text_align:left&#187; google_fonts=&#187;font_family:Montserrat%3Aregular%2C700|font_style:700%20bold%20regular%3A700%3Anormal&#187; css=&#187;.vc_custom_1497490130190{margin-top: -20px !important;margin-bottom: 35px !important;}&#187;][stm_icon_box title_holder=&#187;h5&#8243; icon=&#187;fa-icon-stm_icon_pin-o&#187; icon_size=&#187;35&#8243; icon_align=&#187;left&#187; icon_width=&#187;35&#8243; icon_color=&#187;#eab830&#8243; title=&#187;\u0430\u0434\u0440\u0435\u0441 : &#187; box_bg_color=&#187;#ffffff&#187; box_text_color=&#187;#555555&#8243; css=&#187;.vc_custom_1497490456904{margin-top: 0px !important;border-top-width: 1px !important;border-bottom-width: 1px !important;padding-top: 30px !important;padding-right: 0px !important;padding-bottom: 14px !important;padding-left: 0px !important;border-top-color: #e1e2e4 !important;border-top-style: solid !important;border-bottom-color: #e1e2e4 !important;border-bottom-style: solid !important;}&#187; css_icon=&#187;.vc_custom_1497490456903{padding-left: 7px !important;}&#187;]Konak Mahallesi Lefko\u015fa Caddesi [&hellip;]<\/p>\n","protected":false},"author":1,"featured_media":0,"parent":0,"menu_order":0,"comment_status":"closed","ping_status":"open","template":"","meta":{"footnotes":""},"_links":{"self":[{"href":"http:\/\/www.istanbuletc.com\/ru\/wp-json\/wp\/v2\/pages\/793"}],"collection":[{"href":"http:\/\/www.istanbuletc.com\/ru\/wp-json\/wp\/v2\/pages"}],"about":[{"href":"http:\/\/www.istanbuletc.com\/ru\/wp-json\/wp\/v2\/types\/page"}],"author":[{"embeddable":true,"href":"http:\/\/www.istanbuletc.com\/ru\/wp-json\/wp\/v2\/users\/1"}],"replies":[{"embeddable":true,"href":"http:\/\/www.istanbuletc.com\/ru\/wp-json\/wp\/v2\/comments?post=793"}],"version-history":[{"count":44,"href":"http:\/\/www.istanbuletc.com\/ru\/wp-json\/wp\/v2\/pages\/793\/revisions"}],"predecessor-version":[{"id":3099,"href":"http:\/\/www.istanbuletc.com\/ru\/wp-json\/wp\/v2\/pages\/793\/revisions\/3099"}],"wp:attachment":[{"href":"http:\/\/www.istanbuletc.com\/ru\/wp-json\/wp\/v2\/media?parent=793"}],"curies":[{"name":"wp","href":"https:\/\/api.w.org\/{rel}","templated":true}]}}