{"id":1670,"date":"2017-06-04T02:31:26","date_gmt":"2017-06-03T23:31:26","guid":{"rendered":"http:\/\/istanbuletc.com\/?page_id=1670"},"modified":"2017-06-15T04:01:35","modified_gmt":"2017-06-15T01:01:35","slug":"yuksek-lisans","status":"publish","type":"page","link":"http:\/\/www.istanbuletc.com\/tr\/yuksek-lisans\/","title":{"rendered":"Y\u00fcksek Lisans Programlar\u0131 Hakk\u0131nda"},"content":{"rendered":"<p>[vc_row][vc_column][vc_tta_tabs style=&#8221;modern&#8221; color=&#8221;peacoc&#8221; alignment=&#8221;center&#8221; active_section=&#8221;1&#8243;][vc_tta_section i_icon_fontawesome=&#8221;fa fa-question-circle&#8221; add_icon=&#8221;true&#8221; title=&#8221;Nedir ?&#8221; tab_id=&#8221;1496534278476-2c57b84c-81c5&#8243;][vc_row_inner][vc_column_inner][vc_custom_heading text=&#8221;Y\u00dcKSEK L\u0130SANS NED\u0130R ?&#8221; font_container=&#8221;tag:h2|text_align:center&#8221; google_fonts=&#8221;font_family:Montserrat%3Aregular%2C700|font_style:700%20bold%20regular%3A700%3Anormal&#8221;][\/vc_column_inner][\/vc_row_inner][vc_row_inner][vc_column_inner width=&#8221;1\/2&#8243;][vc_column_text]G\u00fcn\u00fcm\u00fczde e\u011fitimin \u00f6nemi tart\u0131\u015f\u0131lmaz. Art\u0131k sadece lisans mezunu olmak yetmiyor. Kimi e\u011fitim hayat\u0131na devam etmek ve alan\u0131nda uzmanla\u015fmak kimi de i\u015f hayat\u0131nda y\u00fckselmek i\u00e7in mutlaka y\u00fcksek lisans veya doktora e\u011fitimi almay\u0131 tercih ediyor. \u00dcstelik talep olduk\u00e7a fazla oldu\u011fu i\u00e7in \u00f6zel \u00fcniversiteler \u00e7al\u0131\u015fanlar i\u00e7in i\u015ften sonra gidebilecekleri, ak\u015fam saatlerine denk gelen pek \u00e7ok y\u00fcksek lisans program\u0131 i\u00e7in se\u00e7enek sunuyorlar.<\/p>\n<p>Ge\u00e7mi\u015fe bakt\u0131\u011f\u0131m\u0131zda y\u00fcksek lisans ve doktora daha \u00e7ok akademik kariyere giden yolda bir basamak olarak g\u00f6r\u00fcl\u00fcyordu ve kariyerine akademik hayatta devam etmek isteyenlerin tercihi oluyordu. Oysa g\u00fcn\u00fcm\u00fczde \u00e7e\u015fitlenen programlar her ya\u015ftan insanlar i\u00e7in cezbedici oluyor.<\/p>\n<p>Y\u00fcksek Lisans, lisans e\u011fitimi bittikten sonra devam edilen e\u011fitime verilen isimdir. \u0130ngilizcesi &#8220;master&#8221; olan bir lisans \u00f6\u011fretimine dayal\u0131 e\u011fitim-\u00f6\u011fretim ve ara\u015ft\u0131rman\u0131n sonu\u00e7lar\u0131n\u0131 ortaya koymay\u0131 ama\u00e7layan bir y\u00fcksek\u00f6\u011fretimdir.<\/p>\n<p>Y\u00fcksek lisans e\u011fitimi, ki\u015finin e\u011fitim ald\u0131\u011f\u0131 bran\u015fta uzmanla\u015fmas\u0131 ve bu durumu bilimsel bir makaleyle (tezle) ispat etmesiyle tamamlan\u0131r. Bu e\u011fitimin ard\u0131ndan ki\u015fi &#8220;bilim uzman\u0131\u201d, \u201cuzman hekim&#8221;, &#8220;y\u00fcksek m\u00fchendis&#8221;, &#8220;y\u00fcksek mimar&#8221; gibi unvanlara sahip olur.[\/vc_column_text][\/vc_column_inner][vc_column_inner width=&#8221;1\/2&#8243;][vc_single_image image=&#8221;1840&#8243; img_size=&#8221;800&#215;800&#8243;][\/vc_column_inner][\/vc_row_inner][\/vc_tta_section][vc_tta_section i_type=&#8221;openiconic&#8221; i_icon_openiconic=&#8221;vc-oi vc-oi-ok-circle&#8221; add_icon=&#8221;true&#8221; title=&#8221;Ne \u0130\u015fe Yarar ?&#8221; tab_id=&#8221;1496534180635-a21bd403-5b02&#8243;][vc_row_inner][vc_column_inner][vc_custom_heading text=&#8221;Y\u00dcKSEK L\u0130SANS NE \u0130\u015eE YARAR?&#8221; font_container=&#8221;tag:h2|text_align:center&#8221; google_fonts=&#8221;font_family:Montserrat%3Aregular%2C700|font_style:700%20bold%20regular%3A700%3Anormal&#8221;][\/vc_column_inner][\/vc_row_inner][vc_row_inner][vc_column_inner width=&#8221;1\/2&#8243;][vc_single_image image=&#8221;1839&#8243; img_size=&#8221;800&#215;800&#8243;][\/vc_column_inner][vc_column_inner width=&#8221;1\/2&#8243;][vc_column_text]Bu e\u011fitimi alan bireyler \u00f6ncelikle kendilerini ilgili alanda akademik anlamda b\u00fcy\u00fck oranda geli\u015ftirir. \u0130lgili alandaki bu yetkinlik gerek \u00f6zel sekt\u00f6rde gerekse kamuda olduk\u00e7a fark yaratmaktad\u0131r.<\/p>\n<p><strong>1.<\/strong> Y\u00fcksek lisans mezuniyet \u015fart\u0131 aranan ara\u015ft\u0131rma g\u00f6revlisi, \u00f6\u011fretim g\u00f6revlisi, okutman, uzman gibi kadrolara ba\u015fvuru yaparak y\u00fcksek\u00f6\u011fretim kurumlar\u0131nda \u00e7al\u0131\u015fabilirsiniz.<br \/>\n<strong>2.<\/strong> Tezli y\u00fcksek lisans mezunlar\u0131 doktora e\u011fitimine ba\u015flayarak akademik kariyere devam edebilirsiniz.<br \/>\n<strong>3.<\/strong> \u00d6zel sekt\u00f6rde yap\u0131lan i\u015f ba\u015fvurular\u0131n\u0131zda i\u015fe kabul edilme \u015fans\u0131n\u0131z artar. \u00d6zellikle y\u00f6netici pozisyonlar\u0131na yap\u0131lacak al\u0131mlarda y\u00fcksek lisans mezunlar\u0131 tercih edilir. \u00d6te yandan \u00e7al\u0131\u015ft\u0131\u011f\u0131n\u0131z \u015firkette \u00fcst pozisyonlara terfi etme \u015fans\u0131n\u0131z artar.<br \/>\n<strong>4.<\/strong> Kamuda \u00e7al\u0131\u015fan bir memur iseniz y\u00fcksek lisans mezunu olman\u0131z durumunda \u00e7al\u0131\u015ft\u0131\u011f\u0131n\u0131z kurumda daha \u00fcst pozisyonlara y\u00fckselebilirsiniz, ayr\u0131ca maa\u015f\u0131n\u0131z da artar.[\/vc_column_text][\/vc_column_inner][\/vc_row_inner][\/vc_tta_section][vc_tta_section i_icon_fontawesome=&#8221;fa fa-star&#8221; add_icon=&#8221;true&#8221; title=&#8221;Amac\u0131&#8221; tab_id=&#8221;1496534353597-9502cf67-c778&#8243;][vc_row_inner][vc_column_inner][vc_custom_heading text=&#8221;Y\u00dcKSEK L\u0130SANSIN AMACI&#8221; font_container=&#8221;tag:h2|text_align:center&#8221; google_fonts=&#8221;font_family:Montserrat%3Aregular%2C700|font_style:700%20bold%20regular%3A700%3Anormal&#8221;][\/vc_column_inner][\/vc_row_inner][vc_row_inner][vc_column_inner width=&#8221;1\/2&#8243;][vc_column_text]E\u011fitimin amac\u0131 \u00f6\u011frenciye ilgili alanda bilimsel anlamda yetkinlik kazand\u0131rmakt\u0131r. E\u011fitimi s\u00fcresince \u00f6\u011frenciye bilimsel ara\u015ft\u0131rma y\u00f6ntemleri \u00f6\u011fretilerek, bu y\u00f6ntemlerin ilgili alana uygulamas\u0131 ama\u00e7lan\u0131r. Tezli y\u00fcksek lisans programlar\u0131nda \u00f6\u011frenci tez yazarak belirledi\u011fi konuda alan ara\u015ft\u0131rmalar\u0131n\u0131 yaparak \u00f6zg\u00fcn bir \u00e7al\u0131\u015fma ortaya koymas\u0131 istenir. Bu da sadece \u00f6\u011frenciye de\u011fil, ilgili alana bilimsel anlamda katk\u0131 sa\u011flar.[\/vc_column_text][\/vc_column_inner][vc_column_inner width=&#8221;1\/2&#8243;][vc_single_image image=&#8221;1837&#8243; img_size=&#8221;800&#215;800&#8243;][\/vc_column_inner][\/vc_row_inner][\/vc_tta_section][vc_tta_section i_icon_fontawesome=&#8221;fa fa-calendar-o&#8221; add_icon=&#8221;true&#8221; title=&#8221;Ka\u00e7 Y\u0131l S\u00fcrer ?&#8221; tab_id=&#8221;1496534259984-8bd0cb74-cefe&#8221;][vc_row_inner][vc_column_inner][vc_custom_heading text=&#8221;Y\u00dcKSEK L\u0130SANS KA\u00c7 YIL S\u00dcRER ?&#8221; font_container=&#8221;tag:h2|text_align:center&#8221; google_fonts=&#8221;font_family:Montserrat%3Aregular%2C700|font_style:700%20bold%20regular%3A700%3Anormal&#8221;][\/vc_column_inner][\/vc_row_inner][vc_row_inner][vc_column_inner width=&#8221;1\/2&#8243;][vc_single_image image=&#8221;1841&#8243; img_size=&#8221;800&#215;800&#8243;][\/vc_column_inner][vc_column_inner width=&#8221;1\/2&#8243;][vc_column_text]Tezli y\u00fcksek lisans e\u011fitim s\u00fcresi 4 yar\u0131y\u0131ld\u0131r, yani 2 y\u0131l s\u00fcrer. Bu s\u00fcrenin 2 yar\u0131y\u0131l\u0131 ders d\u00f6nemidir, tez yazma s\u00fcresi de 2 yar\u0131y\u0131ld\u0131r. Ders d\u00f6neminde ya da tez d\u00f6neminde ba\u015far\u0131s\u0131z olan \u00f6\u011frenciye 2 yar\u0131y\u0131l daha ek s\u00fcre verilir. Bu 6 yar\u0131y\u0131ll\u0131k azami s\u00fcre sonunda ba\u015far\u0131s\u0131z olan \u00f6\u011frencinin y\u00fcksek\u00f6\u011fretim kurumu ile ili\u015fi\u011fi kesilir.<\/p>\n<p>Tezsiz y\u00fcksek lisans e\u011fitim s\u00fcresi 2 yar\u0131y\u0131ld\u0131r, yani 1 y\u0131l s\u00fcrer. 2 yar\u0131y\u0131ll\u0131k ders d\u00f6neminin ard\u0131ndan \u00f6\u011frenci d\u00f6nem projesi yazarak mezun olur. Belirtilen s\u00fcrede bitirilmedi\u011fi takdirde 1 yar\u0131y\u0131l daha s\u00fcre verilir, bu s\u00fcresinin sonunda mezun olunmamas\u0131 durumunda \u00f6\u011frenci ba\u015far\u0131s\u0131z say\u0131larak y\u00fcksek\u00f6\u011fretim kurumu ile ili\u015fi\u011fi kesilir.[\/vc_column_text][\/vc_column_inner][\/vc_row_inner][\/vc_tta_section][vc_tta_section i_icon_fontawesome=&#8221;fa fa-file-text&#8221; add_icon=&#8221;true&#8221; title=&#8221;Nas\u0131l Yap\u0131l\u0131r ?&#8221; tab_id=&#8221;1496532659762-5067af32-46d1&#8243;][vc_row_inner][vc_column_inner][vc_custom_heading text=&#8221;Y\u00dcKSEK L\u0130SANS NASIL YAPILIR ?&#8221; font_container=&#8221;tag:h2|text_align:center&#8221; google_fonts=&#8221;font_family:Montserrat%3Aregular%2C700|font_style:700%20bold%20regular%3A700%3Anormal&#8221;][\/vc_column_inner][\/vc_row_inner][vc_row_inner][vc_column_inner width=&#8221;1\/2&#8243;][vc_column_text]Y\u00fcksek lisans ba\u015fvurular\u0131 i\u00e7in kontenjanlar \u00fcniversitelerin kendi sitelerinde g\u00fcz ve bahar d\u00f6nemi olmak \u00fczere y\u0131lda 2 defa ilan edilir. Tezli y\u00fcksek lisans ba\u015fvuru s\u00fcreci ve \u00f6\u011frencili\u011fe kabul\u00fcn ard\u0131ndan geli\u015fen s\u00fcre\u00e7 \u015fu \u015fekildedir:<\/p>\n<p><strong>1.<\/strong> \u00dcniversitelerin ilan etti\u011fi kontenjanlardaki ba\u015fvuru \u015fartlar\u0131n\u0131 sa\u011flayan aday, \u00fcniversitelere bireysel olarak internet yoluyla ya da bizzat ba\u015fvurularda bulunur. Ba\u015fvurularda lisans diplomas\u0131(ya da ge\u00e7ici mezuniyet belgesi), lisans transkripti, ALES puan\u0131n\u0131 g\u00f6sterir belge istenir.<br \/>\n<strong>2.<\/strong> Tezli y\u00fcksek lisans programlar\u0131nda kontenjanlara ba\u015fvuran adaylar aras\u0131ndan \u015fartlar\u0131 sa\u011flayanlardan en y\u00fcksek \u00f6n de\u011ferlendirme puan\u0131na sahip olanlar belirlenen bir tarihte m\u00fclakata \u00e7a\u011f\u0131r\u0131l\u0131r.<br \/>\n<strong>3.<\/strong> M\u00fclakata giren \u00f6\u011frencilerin de\u011ferlendirme kriterlerine m\u00fclakat puan\u0131 da dahil edilir.<br \/>\n<strong>4.<\/strong> \u00dcniversite kontenjan dahilinde en y\u00fcksek toplam ba\u015far\u0131 puan\u0131na sahip olan \u00f6\u011frencileri AS\u0130L olarak kabul edildi\u011fini ilan eder, AS\u0130L adaylar\u0131n kay\u0131t yapt\u0131rmamas\u0131 durumunda yerine almak i\u00e7in YEDEK adaylar\u0131 da belirler.<br \/>\n<strong>5.<\/strong> Programa kabul edilecek adaylar\u0131n belirlenmesinin ard\u0131ndan kay\u0131t s\u00fcreci ba\u015flar. Kay\u0131t s\u00fcresince \u00f6\u011frencilerden gerekli belgeler istenir. S\u00fcrecin tamamlanmas\u0131n\u0131n ard\u0131ndan aday resmen y\u00fcksek lisans \u00f6\u011frencisi olur.<br \/>\n<strong>6.<\/strong> Kay\u0131t s\u00fcrecinin ard\u0131ndan ders d\u00f6nemi ba\u015flar, 2 yar\u0131y\u0131l s\u00fcrer.<br \/>\n<strong>7.<\/strong> Ders d\u00f6nemi sonuna do\u011fru \u00f6\u011frenciye bir tez dan\u0131\u015fman\u0131 atan\u0131r. Tez dan\u0131\u015fman\u0131 ile birlikte \u00f6\u011frenci tez konusunu belirler.<br \/>\n<strong>8.<\/strong> Ders d\u00f6neminin bitmesi ile birlikte \u00f6\u011frenci tez d\u00f6nemine girerek tez yazmaya ba\u015flar. Tez d\u00f6neminde \u00f6\u011frenci \u00fcniversiteye sadece tez dan\u0131\u015fman\u0131 ile tezin gidi\u015fat\u0131n\u0131 de\u011ferlendirmek i\u00e7in gider.<br \/>\n<strong>9.<\/strong> Tez yaz\u0131m\u0131n\u0131n bitmesinin ard\u0131ndan dan\u0131\u015fman ve b\u00f6l\u00fcm taraf\u0131ndan tez savunmas\u0131 i\u00e7in j\u00fcri \u00fcyeleri belirlenerek \u00fcniversiteden bir tez savunma tarihi istenir. Bu s\u00fcre\u00e7te tez j\u00fcrilerine tezi okumas\u0131 i\u00e7in da\u011f\u0131t\u0131m yap\u0131l\u0131r.<br \/>\n<strong>10.<\/strong> Savunma tarihinde \u00f6\u011frenci tez j\u00fcrisi taraf\u0131ndan oylama usul\u00fc ile ba\u015far\u0131l\u0131 ya da ba\u015far\u0131s\u0131z olarak de\u011ferlendirme yap\u0131l\u0131r. Ba\u015far\u0131l\u0131 olarak de\u011ferlendirilen \u00f6\u011frenci tez savunma g\u00fcn\u00fc mezun olur.<br \/>\n<strong>11.<\/strong> Ba\u015far\u0131s\u0131z olarak de\u011ferlendirilen \u00f6\u011frenciye belirli bir tarih verilerek tezinde \u00f6nerilen de\u011fi\u015fikliklerin yapmas\u0131 istenir, s\u00fcrenin sonunda \u00f6\u011frenci tekrar savunmaya girer.[\/vc_column_text][\/vc_column_inner][vc_column_inner width=&#8221;1\/2&#8243;][vc_single_image image=&#8221;1838&#8243; img_size=&#8221;800&#215;800&#8243;][\/vc_column_inner][\/vc_row_inner][\/vc_tta_section][vc_tta_section i_icon_fontawesome=&#8221;fa fa-bars&#8221; add_icon=&#8221;true&#8221; title=&#8221;\u00c7e\u015fitleri&#8221; tab_id=&#8221;1496534400980-29e1b225-292d&#8221;][vc_row_inner][vc_column_inner][vc_custom_heading text=&#8221;Y\u00dcKSEK L\u0130SANS \u00c7E\u015e\u0130TLER\u0130&#8221; font_container=&#8221;tag:h2|text_align:center&#8221; google_fonts=&#8221;font_family:Montserrat%3Aregular%2C700|font_style:700%20bold%20regular%3A700%3Anormal&#8221;][\/vc_column_inner][\/vc_row_inner][vc_row_inner][vc_column_inner width=&#8221;1\/2&#8243;][vc_single_image image=&#8221;1836&#8243; img_size=&#8221;800&#215;800&#8243;][\/vc_column_inner][vc_column_inner width=&#8221;1\/2&#8243;][vc_column_text]Temelde y\u00fcksek lisans programlar\u0131nda tez yazma durumuna g\u00f6re ve program\u0131n y\u00fcr\u00fct\u00fcld\u00fc\u011f\u00fc \u015fekillere g\u00f6re \u00e7e\u015fitli ayr\u0131mlar bulunmaktad\u0131r.<\/p>\n<ul>\n<li>Tezli y\u00fcksek lisans programlar\u0131: Ders d\u00f6neminin ard\u0131ndan tez yaz\u0131l\u0131r.<\/li>\n<li>Tezsiz y\u00fcksek lisans programlar\u0131: Ders d\u00f6neminin ard\u0131ndan tez yaz\u0131lmaz, d\u00f6nem projesi yaz\u0131l\u0131r.<\/li>\n<li>Uzaktan y\u00fcksek lisans programlar\u0131: Tezli ya da tezsiz olabilir, dersler i\u00e7in \u00fcniversiteye gidilmez, dersler online olarak internet \u00fczerinden y\u00fcr\u00fct\u00fcl\u00fcr.<\/li>\n<li>\u0130kinci \u00f6\u011fretim y\u00fcksek lisans programlar\u0131: Tezli ya da tezsiz olabilir, dersler genellikle mesai saatinden sonra yap\u0131l\u0131r, \u00e7al\u0131\u015fanlar i\u00e7in uygundur.<\/li>\n<li>MBA : Master of Business Administration k\u0131saltmas\u0131 olan MBA; \u201c\u0130\u015fletme Y\u00f6netimi\u201d y\u00fcksek lisans\u0131 i\u00e7in kullan\u0131lan bir tabirdir.<\/li>\n<\/ul>\n<p>[\/vc_column_text][\/vc_column_inner][\/vc_row_inner][\/vc_tta_section][\/vc_tta_tabs][\/vc_column][\/vc_row]<\/p>","protected":false},"excerpt":{"rendered":"<p>[vc_row][vc_column][vc_tta_tabs style=&#8221;modern&#8221; color=&#8221;peacoc&#8221; alignment=&#8221;center&#8221; active_section=&#8221;1&#8243;][vc_tta_section i_icon_fontawesome=&#8221;fa fa-question-circle&#8221; add_icon=&#8221;true&#8221; title=&#8221;Nedir ?&#8221; tab_id=&#8221;1496534278476-2c57b84c-81c5&#8243;][vc_row_inner][vc_column_inner][vc_custom_heading text=&#8221;Y\u00dcKSEK L\u0130SANS NED\u0130R ?&#8221; font_container=&#8221;tag:h2|text_align:center&#8221; google_fonts=&#8221;font_family:Montserrat%3Aregular%2C700|font_style:700%20bold%20regular%3A700%3Anormal&#8221;][\/vc_column_inner][\/vc_row_inner][vc_row_inner][vc_column_inner width=&#8221;1\/2&#8243;][vc_column_text]G\u00fcn\u00fcm\u00fczde e\u011fitimin \u00f6nemi tart\u0131\u015f\u0131lmaz. Art\u0131k sadece lisans mezunu olmak yetmiyor. Kimi e\u011fitim hayat\u0131na devam etmek ve alan\u0131nda uzmanla\u015fmak kimi de i\u015f hayat\u0131nda y\u00fckselmek i\u00e7in mutlaka y\u00fcksek lisans veya doktora e\u011fitimi almay\u0131 tercih ediyor. \u00dcstelik talep olduk\u00e7a fazla oldu\u011fu [&hellip;]<\/p>\n","protected":false},"author":1,"featured_media":0,"parent":0,"menu_order":0,"comment_status":"closed","ping_status":"closed","template":"","meta":{"footnotes":""},"_links":{"self":[{"href":"http:\/\/www.istanbuletc.com\/tr\/wp-json\/wp\/v2\/pages\/1670"}],"collection":[{"href":"http:\/\/www.istanbuletc.com\/tr\/wp-json\/wp\/v2\/pages"}],"about":[{"href":"http:\/\/www.istanbuletc.com\/tr\/wp-json\/wp\/v2\/types\/page"}],"author":[{"embeddable":true,"href":"http:\/\/www.istanbuletc.com\/tr\/wp-json\/wp\/v2\/users\/1"}],"replies":[{"embeddable":true,"href":"http:\/\/www.istanbuletc.com\/tr\/wp-json\/wp\/v2\/comments?post=1670"}],"version-history":[{"count":29,"href":"http:\/\/www.istanbuletc.com\/tr\/wp-json\/wp\/v2\/pages\/1670\/revisions"}],"predecessor-version":[{"id":2163,"href":"http:\/\/www.istanbuletc.com\/tr\/wp-json\/wp\/v2\/pages\/1670\/revisions\/2163"}],"wp:attachment":[{"href":"http:\/\/www.istanbuletc.com\/tr\/wp-json\/wp\/v2\/media?parent=1670"}],"curies":[{"name":"wp","href":"https:\/\/api.w.org\/{rel}","templated":true}]}}