{"id":1695,"date":"2017-06-04T03:12:56","date_gmt":"2017-06-04T00:12:56","guid":{"rendered":"http:\/\/istanbuletc.com\/?page_id=1695"},"modified":"2017-07-27T13:11:43","modified_gmt":"2017-07-27T10:11:43","slug":"doktora","status":"publish","type":"page","link":"http:\/\/www.istanbuletc.com\/tr\/doktora\/","title":{"rendered":"Doktora Programlar\u0131 Hakk\u0131nda"},"content":{"rendered":"<p>[vc_row][vc_column][vc_tta_tabs style=&#8221;modern&#8221; color=&#8221;peacoc&#8221; alignment=&#8221;center&#8221; active_section=&#8221;1&#8243;][vc_tta_section i_icon_fontawesome=&#8221;fa fa-question-circle&#8221; add_icon=&#8221;true&#8221; title=&#8221;Nedir ?&#8221; tab_id=&#8221;1496534278476-2c57b84c-81c5&#8243;][vc_row_inner][vc_column_inner][vc_custom_heading text=&#8221;DOKTORA NED\u0130R ?&#8221; font_container=&#8221;tag:h2|text_align:center&#8221; google_fonts=&#8221;font_family:Montserrat%3Aregular%2C700|font_style:700%20bold%20regular%3A700%3Anormal&#8221;][\/vc_column_inner][\/vc_row_inner][vc_row_inner][vc_column_inner width=&#8221;1\/2&#8243;][vc_column_text]Doktora, \u00fcniversitelerin\u00a0verdi\u011fi en y\u00fcksek d\u00fczeyde akademik e\u011fitim\u00a0t\u00fcr\u00fcd\u00fcr. Doktora e\u011fitimi; akademik d\u00fczeyde\u00a0ara\u015ft\u0131rma yapabilme, ilgili konularda bilimsel yorum ve sentez yapabilme yetisini en \u00fcst d\u00fczeye \u00e7\u0131kartmay\u0131 ama\u00e7lamaktad\u0131r. Bu nedenle doktora e\u011fitimde adaydan\u00a0ilgili alana bilimsel a\u00e7\u0131dan bir yenilik getirme, y\u00f6ntem geli\u015ftirme veya mevcut bilimsel y\u00f6ntemleri ilgili alana uygulama yetkinlikleri beklenir.[\/vc_column_text][\/vc_column_inner][vc_column_inner width=&#8221;1\/2&#8243;][vc_single_image image=&#8221;1848&#8243; img_size=&#8221;800&#215;800&#8243;][\/vc_column_inner][\/vc_row_inner][\/vc_tta_section][vc_tta_section i_type=&#8221;openiconic&#8221; i_icon_openiconic=&#8221;vc-oi vc-oi-ok-circle&#8221; add_icon=&#8221;true&#8221; title=&#8221;Kimler Yapabilir ?&#8221; tab_id=&#8221;1496534180635-a21bd403-5b02&#8243;][vc_row_inner][vc_column_inner][vc_custom_heading text=&#8221;K\u0130MLER DOKTORA YAPAB\u0130L\u0130R ?&#8221; font_container=&#8221;tag:h2|text_align:center&#8221; google_fonts=&#8221;font_family:Montserrat%3Aregular%2C700|font_style:700%20bold%20regular%3A700%3Anormal&#8221;][\/vc_column_inner][\/vc_row_inner][vc_row_inner][vc_column_inner width=&#8221;1\/2&#8243;][vc_single_image image=&#8221;1847&#8243; img_size=&#8221;800&#215;800&#8243;][\/vc_column_inner][vc_column_inner width=&#8221;1\/2&#8243;][vc_column_text]Doktora yapabilmek i\u00e7in \u00fcniversitelerin tezli y\u00fcksek lisans programlar\u0131ndan mezun olmak gerekmektedir, tezsiz y\u00fcksek lisans programlar\u0131ndan mezun olanlar doktora program\u0131na ba\u015fvuru yapamazlar(06.02.2013 tarihinden \u00f6nce tezsiz y\u00fcksek lisansa kay\u0131tl\u0131 olan veya mezun olanlar hari\u00e7). Lisans mezunlar\u0131 b\u00fct\u00fcnle\u015fik doktora programlar\u0131na ba\u015fvuru yapabilirler, tezli y\u00fcksek lisans programlar\u0131ndan mezun olmadan direkt olarak doktora programlar\u0131na ba\u015fvuru yapamazlar.[\/vc_column_text][\/vc_column_inner][\/vc_row_inner][\/vc_tta_section][vc_tta_section i_icon_fontawesome=&#8221;fa fa-star&#8221; add_icon=&#8221;true&#8221; title=&#8221;B\u00fct\u00fcnle\u015fik Doktora Nedir ?&#8221; tab_id=&#8221;1496534353597-9502cf67-c778&#8243;][vc_row_inner][vc_column_inner][vc_custom_heading text=&#8221;B\u00dcT\u00dcNLE\u015e\u0130K DOKTORA NED\u0130R?&#8221; font_container=&#8221;tag:h2|text_align:center&#8221; google_fonts=&#8221;font_family:Montserrat%3Aregular%2C700|font_style:700%20bold%20regular%3A700%3Anormal&#8221;][\/vc_column_inner][\/vc_row_inner][vc_row_inner][vc_column_inner width=&#8221;1\/2&#8243;][vc_column_text]B\u00fct\u00fcnle\u015fik doktora lisans mezunlar\u0131na tezli y\u00fcksek lisans yapmadan direkt olarak doktora program\u0131na ba\u015flamalar\u0131na olanak sa\u011flayan bir doktora t\u00fcr\u00fcd\u00fcr. \u00dclkemizde her b\u00f6l\u00fcmde b\u00fct\u00fcnle\u015fik doktora program\u0131 bulunmamaktad\u0131r, say\u0131s\u0131 olduk\u00e7a azd\u0131r. B\u00fct\u00fcnle\u015fik doktora programlar\u0131 s\u00fcresi genellikle 5 y\u0131ld\u0131r.[\/vc_column_text][\/vc_column_inner][vc_column_inner width=&#8221;1\/2&#8243;][vc_single_image image=&#8221;1846&#8243; img_size=&#8221;800&#215;800&#8243;][\/vc_column_inner][\/vc_row_inner][\/vc_tta_section][vc_tta_section i_icon_fontawesome=&#8221;fa fa-calendar-o&#8221; add_icon=&#8221;true&#8221; title=&#8221;Ka\u00e7 Y\u0131l S\u00fcrer ?&#8221; tab_id=&#8221;1496534259984-8bd0cb74-cefe&#8221;][vc_row_inner][vc_column_inner][vc_custom_heading text=&#8221;DOKTORA S\u00dcREC\u0130&#8221; font_container=&#8221;tag:h2|text_align:center&#8221; google_fonts=&#8221;font_family:Montserrat%3Aregular%2C700|font_style:700%20bold%20regular%3A700%3Anormal&#8221;][\/vc_column_inner][\/vc_row_inner][vc_row_inner][vc_column_inner width=&#8221;1\/2&#8243;][vc_single_image image=&#8221;1845&#8243; img_size=&#8221;800&#215;800&#8243;][\/vc_column_inner][vc_column_inner width=&#8221;1\/2&#8243;][vc_column_text]Doktora e\u011fitiminde aday, 2 d\u00f6nemlik (1 y\u0131l) ders d\u00f6neminin ard\u0131ndan doktora yeterlilik s\u0131nav\u0131na girer. Yeterlilik s\u0131nav\u0131 ba\u015far\u0131l\u0131 bir \u015fekilde verilebilirse aday tez d\u00f6nemine ge\u00e7er, ba\u015far\u0131s\u0131z olunmas\u0131 durumunda adaya s\u00fcre verilerek bir sonraki yeterlilik s\u0131nav\u0131na haz\u0131rlanmas\u0131 istenir. \u00dc\u00e7 yeterlilik s\u0131nav\u0131ndan ba\u015far\u0131s\u0131z olan aday doktora ders d\u00f6nemine yeniden ba\u015flar. Yeterlilik s\u0131nav\u0131 sonras\u0131 tez yazma s\u00fcrecine girilir. Normal \u015fartlarda Doktora tez yazma s\u00fcresi 3 y\u0131ld\u0131r. Bu s\u00fcre\u00e7te tez izleme komiteleri taraf\u0131ndan belirli aral\u0131klarda yaz\u0131m\u0131 devam eden tez de\u011ferlendirilir.[\/vc_column_text][\/vc_column_inner][\/vc_row_inner][\/vc_tta_section][vc_tta_section i_icon_fontawesome=&#8221;fa fa-file-text&#8221; add_icon=&#8221;true&#8221; title=&#8221;Derecesi&#8221; tab_id=&#8221;1496532659762-5067af32-46d1&#8243;][vc_row_inner][vc_column_inner][vc_custom_heading text=&#8221;DOKTORA DERECES\u0130&#8221; font_container=&#8221;tag:h2|text_align:center&#8221; google_fonts=&#8221;font_family:Montserrat%3Aregular%2C700|font_style:700%20bold%20regular%3A700%3Anormal&#8221;][\/vc_column_inner][\/vc_row_inner][vc_row_inner][vc_column_inner width=&#8221;1\/2&#8243;][vc_column_text]Doktora derecesi ki\u015finin \u00e7al\u0131\u015ft\u0131\u011f\u0131 alanda akademik d\u00fczeyde yetkin oldu\u011funun g\u00f6stergesidir. Doktora e\u011fitimini ba\u015far\u0131l\u0131 bir \u015fekilde bitirenlere \u201cDoktor(Dr.)\u201d \u00fcnvan\u0131 verilir. Doktor \u00fcnvan\u0131 bizzat Y\u00d6K taraf\u0131ndan verilir.<\/p>\n<p>Bu \u00fcnvan e\u011fitim alan\u0131nda doktora yap\u0131lanlara verilir, t\u0131p alan\u0131ndaki doktor \u00fcnvan\u0131ndan farkl\u0131d\u0131r.<\/p>\n<p>Doktor \u00fcnvan\u0131 ki\u015fiye aittir, bu \u00fcnvan\u0131 kullanabilmesi i\u00e7in herhangi bir y\u00fcksek\u00f6\u011fretim kurumunda \u00e7al\u0131\u015fmas\u0131 \u015fart de\u011fildir.[\/vc_column_text][\/vc_column_inner][vc_column_inner width=&#8221;1\/2&#8243;][vc_single_image image=&#8221;1844&#8243; img_size=&#8221;800&#215;800&#8243;][\/vc_column_inner][\/vc_row_inner][\/vc_tta_section][vc_tta_section i_icon_fontawesome=&#8221;fa fa-bars&#8221; add_icon=&#8221;true&#8221; title=&#8221;Sonras\u0131&#8221; tab_id=&#8221;1496534400980-29e1b225-292d&#8221;][vc_row_inner][vc_column_inner][vc_custom_heading text=&#8221;DOKTORA SONRASI&#8221; font_container=&#8221;tag:h2|text_align:center&#8221; google_fonts=&#8221;font_family:Montserrat%3Aregular%2C700|font_style:700%20bold%20regular%3A700%3Anormal&#8221;][\/vc_column_inner][\/vc_row_inner][vc_row_inner][vc_column_inner width=&#8221;1\/2&#8243;][vc_single_image image=&#8221;1849&#8243; img_size=&#8221;800&#215;800&#8243;][\/vc_column_inner][vc_column_inner width=&#8221;1\/2&#8243;][vc_column_text]Doktora e\u011fitimini bitirip doktor \u00fcnvan\u0131 alan aday, \u00e7al\u0131\u015ft\u0131\u011f\u0131 alanda y\u00fcksek\u00f6\u011fretim kurumlar\u0131n\u0131n yard\u0131mc\u0131 do\u00e7ent doktor al\u0131mlar\u0131na ba\u015fvuru yapabilir. Bir y\u00fcksek\u00f6\u011fretim kurumuna yerle\u015fen aday yard. do\u00e7. dr. \u00fcnvan\u0131 al\u0131r, bu kadro \u00fcnvan\u0131d\u0131r.<\/p>\n<p>Ki\u015fi ilgili kurumda \u00e7al\u0131\u015ft\u0131\u011f\u0131 s\u00fcre\u00e7te yard. do\u00e7. dr. \u00fcnvan\u0131n\u0131 kullanabilir. \u00d6te yandan \u00f6\u011fretim g\u00f6revlisi, ara\u015ft\u0131rma g\u00f6revlisi gibi alt kadrolara da ba\u015fvuru yapabilir.<\/p>\n<p>Doktora mezunu olan aday ilgili alanda \u00f6zel sekt\u00f6rde de i\u015f bulabilir, \u00f6zel sekt\u00f6rde \u00f6zellikle \u00fcst d\u00fczey kadrolar i\u00e7in yap\u0131lan ba\u015fvurularda doktora e\u011fitiminin b\u00fcy\u00fck art\u0131s\u0131 olacakt\u0131r.[\/vc_column_text][\/vc_column_inner][\/vc_row_inner][\/vc_tta_section][vc_tta_section i_icon_fontawesome=&#8221;fa fa-file-text&#8221; add_icon=&#8221;true&#8221; title=&#8221;Doktoran\u0131n Faydalar\u0131 Nelerdir ?&#8221; tab_id=&#8221;1496535565313-7c23ac23-cd7f&#8221;][vc_row_inner][vc_column_inner][vc_custom_heading text=&#8221;DOKTORANIN FAYDALARI NELERD\u0130R ?&#8221; font_container=&#8221;tag:h2|text_align:center&#8221; google_fonts=&#8221;font_family:Montserrat%3Aregular%2C700|font_style:700%20bold%20regular%3A700%3Anormal&#8221;][\/vc_column_inner][\/vc_row_inner][vc_row_inner][vc_column_inner width=&#8221;1\/2&#8243;][vc_column_text]Doktora e\u011fitimi bireye akademik a\u00e7\u0131dan ilgili alanda \u00fcst d\u00fczeyde yetkinlik kazanmas\u0131n\u0131 sa\u011flar. \u0130lgili alanda uzman oldu\u011funun en somut kan\u0131t\u0131d\u0131r. Gerek kamuda, gerekse \u00f6zel sekt\u00f6rde i\u015f bulma a\u00e7\u0131s\u0131ndan b\u00fcy\u00fck kolayl\u0131k sa\u011flamaktad\u0131r.[\/vc_column_text][\/vc_column_inner][vc_column_inner width=&#8221;1\/2&#8243;][vc_single_image image=&#8221;1851&#8243; img_size=&#8221;800&#215;800&#8243;][\/vc_column_inner][\/vc_row_inner][\/vc_tta_section][\/vc_tta_tabs][\/vc_column][\/vc_row]<\/p>","protected":false},"excerpt":{"rendered":"<p>[vc_row][vc_column][vc_tta_tabs style=&#8221;modern&#8221; color=&#8221;peacoc&#8221; alignment=&#8221;center&#8221; active_section=&#8221;1&#8243;][vc_tta_section i_icon_fontawesome=&#8221;fa fa-question-circle&#8221; add_icon=&#8221;true&#8221; title=&#8221;Nedir ?&#8221; tab_id=&#8221;1496534278476-2c57b84c-81c5&#8243;][vc_row_inner][vc_column_inner][vc_custom_heading text=&#8221;DOKTORA NED\u0130R ?&#8221; font_container=&#8221;tag:h2|text_align:center&#8221; google_fonts=&#8221;font_family:Montserrat%3Aregular%2C700|font_style:700%20bold%20regular%3A700%3Anormal&#8221;][\/vc_column_inner][\/vc_row_inner][vc_row_inner][vc_column_inner width=&#8221;1\/2&#8243;][vc_column_text]Doktora, \u00fcniversitelerin\u00a0verdi\u011fi en y\u00fcksek d\u00fczeyde akademik e\u011fitim\u00a0t\u00fcr\u00fcd\u00fcr. Doktora e\u011fitimi; akademik d\u00fczeyde\u00a0ara\u015ft\u0131rma yapabilme, ilgili konularda bilimsel yorum ve sentez yapabilme yetisini en \u00fcst d\u00fczeye \u00e7\u0131kartmay\u0131 ama\u00e7lamaktad\u0131r. Bu nedenle doktora e\u011fitimde adaydan\u00a0ilgili alana bilimsel a\u00e7\u0131dan bir yenilik getirme, y\u00f6ntem geli\u015ftirme veya [&hellip;]<\/p>\n","protected":false},"author":1,"featured_media":0,"parent":0,"menu_order":0,"comment_status":"closed","ping_status":"closed","template":"","meta":{"footnotes":""},"_links":{"self":[{"href":"http:\/\/www.istanbuletc.com\/tr\/wp-json\/wp\/v2\/pages\/1695"}],"collection":[{"href":"http:\/\/www.istanbuletc.com\/tr\/wp-json\/wp\/v2\/pages"}],"about":[{"href":"http:\/\/www.istanbuletc.com\/tr\/wp-json\/wp\/v2\/types\/page"}],"author":[{"embeddable":true,"href":"http:\/\/www.istanbuletc.com\/tr\/wp-json\/wp\/v2\/users\/1"}],"replies":[{"embeddable":true,"href":"http:\/\/www.istanbuletc.com\/tr\/wp-json\/wp\/v2\/comments?post=1695"}],"version-history":[{"count":14,"href":"http:\/\/www.istanbuletc.com\/tr\/wp-json\/wp\/v2\/pages\/1695\/revisions"}],"predecessor-version":[{"id":2287,"href":"http:\/\/www.istanbuletc.com\/tr\/wp-json\/wp\/v2\/pages\/1695\/revisions\/2287"}],"wp:attachment":[{"href":"http:\/\/www.istanbuletc.com\/tr\/wp-json\/wp\/v2\/media?parent=1695"}],"curies":[{"name":"wp","href":"https:\/\/api.w.org\/{rel}","templated":true}]}}