{"id":2016,"date":"2017-06-05T00:13:00","date_gmt":"2017-06-04T21:13:00","guid":{"rendered":"http:\/\/istanbuletc.com\/?page_id=2016"},"modified":"2017-06-21T16:02:37","modified_gmt":"2017-06-21T13:02:37","slug":"sivil-toplum-kuruluslarina-ve-meslek-gruplarina-yonelik-psikolojik-etkinliklerimiz","status":"publish","type":"page","link":"http:\/\/www.istanbuletc.com\/tr\/sivil-toplum-kuruluslarina-ve-meslek-gruplarina-yonelik-psikolojik-etkinliklerimiz\/","title":{"rendered":"S\u0130V\u0130L TOPLUM KURULU\u015eLARINA ve MESLEK GRUPLARINA Y\u00d6NEL\u0130K PS\u0130KOLOJ\u0130K ETK\u0130NL\u0130KLER\u0130M\u0130Z"},"content":{"rendered":"<p>[vc_row][vc_column width=&#8221;1\/2&#8243;][vc_column_text]\u0130l\u00e7e d\u00fczeyinde faaliyet g\u00f6steren yerel STK\u2019lar ve ulusal STK\u2019lar\u0131n il\u00e7elerdeki yerel \u015fubelerinde (dernek vak\u0131f, federasyon, hem\u015feri dernekleri, lokaller, vb.) \u00e7al\u0131\u015fanlara, y\u00f6neticilere, etkile\u015fim i\u00e7erisinde olduklar\u0131 sosyal gruplara y\u00f6nelik psikolojik etkinlikler d\u00fczenlenebilir. Kurumlarla yap\u0131lan isti\u015fareler ve ihtiya\u00e7 analizi sonucunda belirlenen konularda e\u011fitimler d\u00fczenlenebilir. Ailede ileti\u015fim, \u00e7ocuk e\u011fitimi, ki\u015fisel ve mesleki geli\u015fim gibi konularda sosyal kalk\u0131nmay\u0131 g\u00fc\u00e7lendirecek etkinlikler haz\u0131rlanabilir.<\/p>\n<p>Ayn\u0131 \u015fekilde il\u00e7e i\u00e7erisinde \u00e7al\u0131\u015fan, \u00fcreten, i\u015fveren pozisyonunda bulunan, sanat ve ticaret erbab\u0131na, esnaf ve is\u00e7ilere y\u00f6nelik \u00e7e\u015fitli meslek gruplar\u0131na g\u00f6re seminerler etkinlikler d\u00fczenlenebilir. Kahvehaneler, lokaller, hanlar, al\u0131\u015fveri\u015f\u0327 merkezlerine y\u00f6nelik bu merkezlerden faydalanan vatanda\u015flar y\u00f6nelik etkinlikler d\u00fczenlenebilir.<\/p>\n<p>\u00d6rne\u011fin al\u0131\u015f\u0327 veri\u015f\u0327 merkezlerinde ak\u0131l oyunlar\u0131 yar\u0131\u015fmalar\u0131, tezgahtarlara ikna e\u011fitimi, g\u0131da \u00fcretimi ve sat\u0131\u015f\u0131 yapan esnaflara hijyen, muhasebecilere ve kasiyerlere dikkat, kuaf\u00f6r ve berberlere etkili ileti\u015fim, sporculara motivasyon vb. seminerler d\u00fczenlenebilir. Grup \u00e7al\u0131\u015fmalar\u0131 organize edilebilir.[\/vc_column_text][\/vc_column][vc_column width=&#8221;1\/2&#8243;][vc_single_image image=&#8221;1906&#8243; img_size=&#8221;1000&#215;721&#8243; alignment=&#8221;center&#8221;][\/vc_column][\/vc_row]<\/p>","protected":false},"excerpt":{"rendered":"<p>[vc_row][vc_column width=&#8221;1\/2&#8243;][vc_column_text]\u0130l\u00e7e d\u00fczeyinde faaliyet g\u00f6steren yerel STK\u2019lar ve ulusal STK\u2019lar\u0131n il\u00e7elerdeki yerel \u015fubelerinde (dernek vak\u0131f, federasyon, hem\u015feri dernekleri, lokaller, vb.) \u00e7al\u0131\u015fanlara, y\u00f6neticilere, etkile\u015fim i\u00e7erisinde olduklar\u0131 sosyal gruplara y\u00f6nelik psikolojik etkinlikler d\u00fczenlenebilir. Kurumlarla yap\u0131lan isti\u015fareler ve ihtiya\u00e7 analizi sonucunda belirlenen konularda e\u011fitimler d\u00fczenlenebilir. Ailede ileti\u015fim, \u00e7ocuk e\u011fitimi, ki\u015fisel ve mesleki geli\u015fim gibi konularda sosyal kalk\u0131nmay\u0131 g\u00fc\u00e7lendirecek [&hellip;]<\/p>\n","protected":false},"author":1,"featured_media":0,"parent":0,"menu_order":0,"comment_status":"closed","ping_status":"closed","template":"","meta":{"footnotes":""},"_links":{"self":[{"href":"http:\/\/www.istanbuletc.com\/tr\/wp-json\/wp\/v2\/pages\/2016"}],"collection":[{"href":"http:\/\/www.istanbuletc.com\/tr\/wp-json\/wp\/v2\/pages"}],"about":[{"href":"http:\/\/www.istanbuletc.com\/tr\/wp-json\/wp\/v2\/types\/page"}],"author":[{"embeddable":true,"href":"http:\/\/www.istanbuletc.com\/tr\/wp-json\/wp\/v2\/users\/1"}],"replies":[{"embeddable":true,"href":"http:\/\/www.istanbuletc.com\/tr\/wp-json\/wp\/v2\/comments?post=2016"}],"version-history":[{"count":2,"href":"http:\/\/www.istanbuletc.com\/tr\/wp-json\/wp\/v2\/pages\/2016\/revisions"}],"predecessor-version":[{"id":2261,"href":"http:\/\/www.istanbuletc.com\/tr\/wp-json\/wp\/v2\/pages\/2016\/revisions\/2261"}],"wp:attachment":[{"href":"http:\/\/www.istanbuletc.com\/tr\/wp-json\/wp\/v2\/media?parent=2016"}],"curies":[{"name":"wp","href":"https:\/\/api.w.org\/{rel}","templated":true}]}}