{"id":2019,"date":"2017-06-05T00:13:16","date_gmt":"2017-06-04T21:13:16","guid":{"rendered":"http:\/\/istanbuletc.com\/?page_id=2019"},"modified":"2017-06-21T15:33:34","modified_gmt":"2017-06-21T12:33:34","slug":"belediye-yoneticilerine-ve-personeline-yonelik-psikolojik-etkinliklerimiz","status":"publish","type":"page","link":"http:\/\/www.istanbuletc.com\/tr\/belediye-yoneticilerine-ve-personeline-yonelik-psikolojik-etkinliklerimiz\/","title":{"rendered":"BELED\u0130YE Y\u00d6NET\u0130C\u0130LER\u0130NE ve PERSONEL\u0130NE Y\u00d6NEL\u0130K PS\u0130KOLOJ\u0130K ETK\u0130NL\u0130KLER\u0130M\u0130Z"},"content":{"rendered":"<p>[vc_row][vc_column width=&#8221;1\/2&#8243;][vc_column_text]Yerel y\u00f6netimlerde hizmet veren y\u00f6neticilerimizin yetkinliklerini g\u00fc\u00e7lendirmek i\u00e7in \u00e7e\u015fitli e\u011fitim, seminer, y\u00f6netici ko\u00e7lu\u011fu ve grup \u00e7al\u0131\u015fmalar\u0131yla uzmanl\u0131klar\u0131n\u0131 zenginle\u015ftirmesi elde edilecek kazan\u0131mlar\u0131 artt\u0131rmaktad\u0131r.<\/p>\n<ul>\n<li>I\u0307letis\u0327im ve Beden Dili<\/li>\n<li>Liderlik<\/li>\n<li>Motivasyon<\/li>\n<li>Problem \u00c7\u00f6zme ve Karar Verme<\/li>\n<li>Stratejik Planlama ve Y\u00f6netim<\/li>\n<li>Stres Y\u00f6netimi<\/li>\n<li>Zaman Y\u00f6netimi<\/li>\n<li>Deg\u0306is\u0327im Y\u00f6netimi<\/li>\n<li>Etkililik ve Verimlilik Y\u00f6netimi<\/li>\n<li>Ko\u00e7luk Becerileri<\/li>\n<li>Kriz Y\u00f6netimi<\/li>\n<li>M\u00fcs\u0327teri Odakl\u0131l\u0131k ve Hizmette Kalite<\/li>\n<li>M\u00fczakere Teknikleri<\/li>\n<li>\u00d6g\u0306renen Organizasyonlar<\/li>\n<li>Performans Y\u00f6netimi<\/li>\n<li>Tak\u0131m \u00c7al\u0131s\u0327mas\u0131<\/li>\n<li>Toplam Kalite Y\u00f6netimi<\/li>\n<li>Toplant\u0131 Y\u00f6netimi<\/li>\n<li>Yarat\u0131c\u0131l\u0131k ve Yenilik\u00e7ilik<\/li>\n<li>Y\u00f6netim Becerileri<\/li>\n<\/ul>\n<p>&nbsp;<\/p>\n<p>Bireysel Dan\u0131\u015fmanl\u0131k Hizmetlerimiz: Belediye personelinin \u00f6zellikle de g\u00f6rev tan\u0131m\u0131 gere\u011fi stres y\u00fckleyen birimlerde hizmet veren \u00e7al\u0131\u015fanlar\u0131n (zab\u0131ta, beyaz masa vb) zaman i\u00e7inde mesleki t\u00fckenmi\u015flik ve y\u0131pranm\u0131\u015fl\u0131klar\u0131 artmaktad\u0131r. Psikolojik tarama testi ile kurumun psikolojik haritas\u0131 \u00e7\u0131kar\u0131larak, yap\u0131lan analizler sonucunda kuruma bir yol haritas\u0131 \u00e7\u0131kar\u0131l\u0131r, ihtiya\u00e7 duyan personele de bireysel psikoterapi hizmeti verilebilir.<\/p>\n<p>Y\u00f6netici Ko\u00e7lu\u011fu: Ko\u00e7luk, bireyleri ve tak\u0131mlar\u0131 sonu\u00e7lara ula\u015ft\u0131rmak i\u00e7in yetkilendiren, geli\u015ftiren ve cesaretlendiren ortam ve ko\u015fullar\u0131 yaratan y\u00f6netsel bir eylemdir. Ko\u00e7lar, insanlar\u0131n bulunduklar\u0131 yerlerden olmak istedikleri yerlere gitmelerine yard\u0131mc\u0131 olurlar. Bunu; cesaretlendirme, \u00f6zendirme ve bilgilendirme yoluyla yaparlar.<\/p>\n<p>Vb. ba\u015fl\u0131klarda veyahut y\u00f6neticilerimizin ihtiya\u00e7 duyduklar\u0131 di\u011fer psikolojik konularda etkinlikler d\u00fczenleyebiliriz.<\/p>\n<p>[\/vc_column_text][\/vc_column][vc_column width=&#8221;1\/2&#8243;][vc_single_image image=&#8221;1901&#8243; img_size=&#8221;1000&#215;721&#8243; alignment=&#8221;center&#8221;][\/vc_column][\/vc_row]<\/p>","protected":false},"excerpt":{"rendered":"<p>[vc_row][vc_column width=&#8221;1\/2&#8243;][vc_column_text]Yerel y\u00f6netimlerde hizmet veren y\u00f6neticilerimizin yetkinliklerini g\u00fc\u00e7lendirmek i\u00e7in \u00e7e\u015fitli e\u011fitim, seminer, y\u00f6netici ko\u00e7lu\u011fu ve grup \u00e7al\u0131\u015fmalar\u0131yla uzmanl\u0131klar\u0131n\u0131 zenginle\u015ftirmesi elde edilecek kazan\u0131mlar\u0131 artt\u0131rmaktad\u0131r. I\u0307letis\u0327im ve Beden Dili Liderlik Motivasyon Problem \u00c7\u00f6zme ve Karar Verme Stratejik Planlama ve Y\u00f6netim Stres Y\u00f6netimi Zaman Y\u00f6netimi Deg\u0306is\u0327im Y\u00f6netimi Etkililik ve Verimlilik Y\u00f6netimi Ko\u00e7luk Becerileri Kriz Y\u00f6netimi M\u00fcs\u0327teri Odakl\u0131l\u0131k ve [&hellip;]<\/p>\n","protected":false},"author":1,"featured_media":0,"parent":0,"menu_order":0,"comment_status":"closed","ping_status":"closed","template":"","meta":{"footnotes":""},"_links":{"self":[{"href":"http:\/\/www.istanbuletc.com\/tr\/wp-json\/wp\/v2\/pages\/2019"}],"collection":[{"href":"http:\/\/www.istanbuletc.com\/tr\/wp-json\/wp\/v2\/pages"}],"about":[{"href":"http:\/\/www.istanbuletc.com\/tr\/wp-json\/wp\/v2\/types\/page"}],"author":[{"embeddable":true,"href":"http:\/\/www.istanbuletc.com\/tr\/wp-json\/wp\/v2\/users\/1"}],"replies":[{"embeddable":true,"href":"http:\/\/www.istanbuletc.com\/tr\/wp-json\/wp\/v2\/comments?post=2019"}],"version-history":[{"count":2,"href":"http:\/\/www.istanbuletc.com\/tr\/wp-json\/wp\/v2\/pages\/2019\/revisions"}],"predecessor-version":[{"id":2254,"href":"http:\/\/www.istanbuletc.com\/tr\/wp-json\/wp\/v2\/pages\/2019\/revisions\/2254"}],"wp:attachment":[{"href":"http:\/\/www.istanbuletc.com\/tr\/wp-json\/wp\/v2\/media?parent=2019"}],"curies":[{"name":"wp","href":"https:\/\/api.w.org\/{rel}","templated":true}]}}