{"id":2331,"date":"2018-05-19T13:17:37","date_gmt":"2018-05-19T10:17:37","guid":{"rendered":"http:\/\/istanbuletc.com\/?page_id=2331"},"modified":"2018-05-19T13:26:24","modified_gmt":"2018-05-19T10:26:24","slug":"kac-yil-surer","status":"publish","type":"page","link":"http:\/\/www.istanbuletc.com\/tr\/kac-yil-surer\/","title":{"rendered":"Ka\u00e7 Y\u0131l S\u00fcrer ?"},"content":{"rendered":"<p>[vc_row][vc_column][vc_row_inner][vc_column_inner][vc_custom_heading text=&#8221;DOKTORA S\u00dcREC\u0130&#8221; font_container=&#8221;tag:h2|text_align:center&#8221; google_fonts=&#8221;font_family:Montserrat%3Aregular%2C700|font_style:700%20bold%20regular%3A700%3Anormal&#8221;][\/vc_column_inner][\/vc_row_inner][vc_row_inner][vc_column_inner width=&#8221;1\/2&#8243;][vc_single_image image=&#8221;1845&#8243; img_size=&#8221;800&#215;800&#8243;][\/vc_column_inner][vc_column_inner width=&#8221;1\/2&#8243;][vc_column_text]Doktora e\u011fitiminde aday, 2 d\u00f6nemlik (1 y\u0131l) ders d\u00f6neminin ard\u0131ndan doktora yeterlilik s\u0131nav\u0131na girer. Yeterlilik s\u0131nav\u0131 ba\u015far\u0131l\u0131 bir \u015fekilde verilebilirse aday tez d\u00f6nemine ge\u00e7er, ba\u015far\u0131s\u0131z olunmas\u0131 durumunda adaya s\u00fcre verilerek bir sonraki yeterlilik s\u0131nav\u0131na haz\u0131rlanmas\u0131 istenir. \u00dc\u00e7 yeterlilik s\u0131nav\u0131ndan ba\u015far\u0131s\u0131z olan aday doktora ders d\u00f6nemine yeniden ba\u015flar. Yeterlilik s\u0131nav\u0131 sonras\u0131 tez yazma s\u00fcrecine girilir. Normal \u015fartlarda Doktora tez yazma s\u00fcresi 3 y\u0131ld\u0131r. Bu s\u00fcre\u00e7te tez izleme komiteleri taraf\u0131ndan belirli aral\u0131klarda yaz\u0131m\u0131 devam eden tez de\u011ferlendirilir.[\/vc_column_text][\/vc_column_inner][\/vc_row_inner][\/vc_column][\/vc_row]<\/p>","protected":false},"excerpt":{"rendered":"<p>[vc_row][vc_column][vc_row_inner][vc_column_inner][vc_custom_heading text=&#8221;DOKTORA S\u00dcREC\u0130&#8221; font_container=&#8221;tag:h2|text_align:center&#8221; google_fonts=&#8221;font_family:Montserrat%3Aregular%2C700|font_style:700%20bold%20regular%3A700%3Anormal&#8221;][\/vc_column_inner][\/vc_row_inner][vc_row_inner][vc_column_inner width=&#8221;1\/2&#8243;][vc_single_image image=&#8221;1845&#8243; img_size=&#8221;800&#215;800&#8243;][\/vc_column_inner][vc_column_inner width=&#8221;1\/2&#8243;][vc_column_text]Doktora e\u011fitiminde aday, 2 d\u00f6nemlik (1 y\u0131l) ders d\u00f6neminin ard\u0131ndan doktora yeterlilik s\u0131nav\u0131na girer. Yeterlilik s\u0131nav\u0131 ba\u015far\u0131l\u0131 bir \u015fekilde verilebilirse aday tez d\u00f6nemine ge\u00e7er, ba\u015far\u0131s\u0131z olunmas\u0131 durumunda adaya s\u00fcre verilerek bir sonraki yeterlilik s\u0131nav\u0131na haz\u0131rlanmas\u0131 istenir. \u00dc\u00e7 yeterlilik s\u0131nav\u0131ndan ba\u015far\u0131s\u0131z olan aday doktora ders d\u00f6nemine yeniden ba\u015flar. [&hellip;]<\/p>\n","protected":false},"author":1,"featured_media":0,"parent":0,"menu_order":0,"comment_status":"closed","ping_status":"closed","template":"","meta":{"footnotes":""},"_links":{"self":[{"href":"http:\/\/www.istanbuletc.com\/tr\/wp-json\/wp\/v2\/pages\/2331"}],"collection":[{"href":"http:\/\/www.istanbuletc.com\/tr\/wp-json\/wp\/v2\/pages"}],"about":[{"href":"http:\/\/www.istanbuletc.com\/tr\/wp-json\/wp\/v2\/types\/page"}],"author":[{"embeddable":true,"href":"http:\/\/www.istanbuletc.com\/tr\/wp-json\/wp\/v2\/users\/1"}],"replies":[{"embeddable":true,"href":"http:\/\/www.istanbuletc.com\/tr\/wp-json\/wp\/v2\/comments?post=2331"}],"version-history":[{"count":3,"href":"http:\/\/www.istanbuletc.com\/tr\/wp-json\/wp\/v2\/pages\/2331\/revisions"}],"predecessor-version":[{"id":2348,"href":"http:\/\/www.istanbuletc.com\/tr\/wp-json\/wp\/v2\/pages\/2331\/revisions\/2348"}],"wp:attachment":[{"href":"http:\/\/www.istanbuletc.com\/tr\/wp-json\/wp\/v2\/media?parent=2331"}],"curies":[{"name":"wp","href":"https:\/\/api.w.org\/{rel}","templated":true}]}}