{"id":2625,"date":"2018-05-26T01:37:20","date_gmt":"2018-05-25T22:37:20","guid":{"rendered":"http:\/\/istanbuletc.com\/?page_id=2625"},"modified":"2018-05-30T15:03:44","modified_gmt":"2018-05-30T12:03:44","slug":"yakin-dogu-universitesi","status":"publish","type":"page","link":"http:\/\/www.istanbuletc.com\/tr\/yakin-dogu-universitesi\/","title":{"rendered":"Yak\u0131n Do\u011fu \u00dcniversitesi"},"content":{"rendered":"<p>[vc_row][vc_column][vc_gallery type=&#8221;slick_slider&#8221; images=&#8221;2712,2713,2714,2715,2716,2717,2718,2719,2720,2721,2722,2723,2725,2726,2727,2728,2729,2730,2731,2733,2734,2735,2736,2737,2738,2739,2740,2741,2742,2743,2744,2745,2747,2748,2749,2750,2751,2752,2753,2754,2755,2756,2757,2758,2759,2760,2761,2762,2763,2764,2767,2769,2770,2771,2773,2774,2775,2724&#8243; img_size=&#8221;195&#215;195&#8243; css_animation=&#8221;zoomIn&#8221;][\/vc_column][\/vc_row]<\/p>","protected":false},"excerpt":{"rendered":"<p>[vc_row][vc_column][vc_gallery type=&#8221;slick_slider&#8221; images=&#8221;2712,2713,2714,2715,2716,2717,2718,2719,2720,2721,2722,2723,2725,2726,2727,2728,2729,2730,2731,2733,2734,2735,2736,2737,2738,2739,2740,2741,2742,2743,2744,2745,2747,2748,2749,2750,2751,2752,2753,2754,2755,2756,2757,2758,2759,2760,2761,2762,2763,2764,2767,2769,2770,2771,2773,2774,2775,2724&#8243; img_size=&#8221;195&#215;195&#8243; css_animation=&#8221;zoomIn&#8221;][\/vc_column][\/vc_row]<\/p>\n","protected":false},"author":1,"featured_media":0,"parent":0,"menu_order":0,"comment_status":"closed","ping_status":"closed","template":"","meta":{"footnotes":""},"_links":{"self":[{"href":"http:\/\/www.istanbuletc.com\/tr\/wp-json\/wp\/v2\/pages\/2625"}],"collection":[{"href":"http:\/\/www.istanbuletc.com\/tr\/wp-json\/wp\/v2\/pages"}],"about":[{"href":"http:\/\/www.istanbuletc.com\/tr\/wp-json\/wp\/v2\/types\/page"}],"author":[{"embeddable":true,"href":"http:\/\/www.istanbuletc.com\/tr\/wp-json\/wp\/v2\/users\/1"}],"replies":[{"embeddable":true,"href":"http:\/\/www.istanbuletc.com\/tr\/wp-json\/wp\/v2\/comments?post=2625"}],"version-history":[{"count":6,"href":"http:\/\/www.istanbuletc.com\/tr\/wp-json\/wp\/v2\/pages\/2625\/revisions"}],"predecessor-version":[{"id":2877,"href":"http:\/\/www.istanbuletc.com\/tr\/wp-json\/wp\/v2\/pages\/2625\/revisions\/2877"}],"wp:attachment":[{"href":"http:\/\/www.istanbuletc.com\/tr\/wp-json\/wp\/v2\/media?parent=2625"}],"curies":[{"name":"wp","href":"https:\/\/api.w.org\/{rel}","templated":true}]}}