{"id":2966,"date":"2018-07-24T15:00:13","date_gmt":"2018-07-24T12:00:13","guid":{"rendered":"http:\/\/www.istanbuletc.com\/?page_id=2966"},"modified":"2018-07-24T15:18:05","modified_gmt":"2018-07-24T12:18:05","slug":"klinik-psikoloji-vizyon","status":"publish","type":"page","link":"http:\/\/www.istanbuletc.com\/tr\/klinik-psikoloji-vizyon\/","title":{"rendered":"Klinik Psikoloji"},"content":{"rendered":"<p>[vc_row][vc_column][vc_row_inner][vc_column_inner width=&#8221;1\/2&#8243;][vc_column_text]<\/p>\n<div class=\"page\" title=\"Page 2\">\n<div class=\"layoutArea\">\n<div class=\"column\">\n<p><strong>Uluslararas\u0131 Vizyon U\u0308niversitesi Hakk\u0131nda<\/strong><\/p>\n<p>Uluslararas\u0131 Vizyon U\u0308niversitesi, Merkezi Makedonya\u2019n\u0131n Gostivar s\u0327ehrinde bulunan \u201cS\u0327ar-Vardar I\u0307lim Ku\u0308ltu\u0308r ve Sanat Vakf\u0131\u201dn\u0131n 17 Haziran 2014 tarihinde Makedonya Cumhuriyeti Hu\u0308ku\u0308metine \u201cUluslararas\u0131 Vizyon U\u0308niversitesi\u201dnin kurulmas\u0131 ic\u0327in ic\u0327in yapm\u0131s\u0327 oldug\u0306u bas\u0327vuru, 07 Ekim 2014 tarihinde, Makedonya Cumhuriyeti Hu\u0308ku\u0308meti Bakanlar Kurulu karar\u0131n\u0131n ve 20 Ekim 2014 tarihli resmi gazetenin 153 say\u0131l\u0131 ve 4781 nolu yay\u0131mlanmas\u0131 ile, Uluslararas\u0131 Vizyon U\u0308niversitesi, M.C. Bakanlar Kurulu Karar\u0131 ile Avrupa ve Balkanlarda kurulan ve Tu\u0308rkiye d\u0131s\u0327\u0131nda anadilde eg\u0306itim yapma hakk\u0131na sahip olan ve resmi akredite edilen ilk ve tek u\u0308niversite hu\u0308viyetini kazand\u0131.<\/p>\n<p>24 Ekim 2014 tarihi itibar\u0131 ile Makedonya Cumhuriyeti Akreditasyon kurulunun 15-98\/6 say\u0131l\u0131 karar\u0131 ile, Uluslararas\u0131 Vizyon U\u0308niversitesi akredite edilip resmi hu\u0308vviyetini kazanm\u0131s\u0327 oldu.<\/p>\n<p>Balkan cog\u0306rafyas\u0131n\u0131n yap\u0131s\u0131n\u0131 esas alarak, su\u0308rdu\u0308ru\u0308lebilir kalk\u0131nma, gelis\u0327me ve var olma vasf\u0131 eg\u0306itimden gec\u0327mektedir. Genelde Balkanlar, yerelde Makedonya\u2019da yas\u0327ayan Tu\u0308rklerin de yer ald\u0131g\u0306\u0131 tu\u0308m az\u0131nl\u0131klar\u0131n, az\u0131nl\u0131k statu\u0308su\u0308nu\u0308n getirdig\u0306i s\u0131k\u0131nt\u0131lar\u0131n en bas\u0327\u0131nda, yu\u0308ksek o\u0308g\u0306renimde ana dilde eg\u0306itim sorunu yer almaktad\u0131r.<\/p>\n<p>U\u0308lke ve bo\u0308lge insan\u0131n\u0131n geleneksel birikimini, c\u0327ag\u0306das\u0327 bilgiyi ve teknikleri kullanarak belirlemek, deg\u0306erlendirmek ve yeniden yorumlamak misyonunu gu\u0308tmektedir.<\/p>\n<p>Uluslararas\u0131 Vizyon U\u0308niversitesi bas\u0327lang\u0131c\u0327 olarak bes\u0327 faku\u0308lte, bes\u0327 lisans ve alt\u0131 yu\u0308ksek lisans olmak u\u0308zere toplam 10 program dahilinde faaliyet go\u0308stermektedir. Hedefler ve toplumsal ihtiyac\u0327lar\u0131n kars\u0327\u0131lanmas\u0131 dog\u0306rultusunda, Sag\u0306l\u0131k Bilimleri Faku\u0308ltesi\u2019nin ac\u0327\u0131lmas\u0131 ic\u0327in c\u0327al\u0131s\u0327malar devam etmektedir.<\/p>\n<p>Aras\u0327t\u0131rma ve I\u0307nceleme yoluyla elde edilen sonuc\u0327lar bilim du\u0308nyas\u0131yla ve toplumla paylas\u0327mak u\u0308niversitenin projeksiyonlar\u0131 bu\u0308nyesindedir.<\/p>\n<\/div>\n<\/div>\n<\/div>\n<p>[\/vc_column_text][\/vc_column_inner][vc_column_inner width=&#8221;1\/2&#8243;][vc_single_image image=&#8221;2969&#8243; img_size=&#8221;800&#215;800&#8243;][\/vc_column_inner][\/vc_row_inner][vc_tta_accordion][vc_tta_section i_icon_fontawesome=&#8221;fa-icon-stm_icon_book_stack&#8221; add_icon=&#8221;true&#8221; title=&#8221;E\u011fitim Mevzuat\u0131&#8221; tab_id=&#8221;1526729094262-0586a47a-83e2&#8243;][vc_column_text]<\/p>\n<div class=\"page\" title=\"Page 2\">\n<div class=\"layoutArea\">\n<div class=\"column\">\n<p>\u041cakedonya Cumhuriyeti yu\u0308ksek o\u0308g\u0306renim kanununun 150. maddesine istinaden: U\u0308niversite aday\u0131 o\u0308g\u0306renciler yu\u0308ksek o\u0308g\u0306renimlerine iki statu\u0308de devam etme hakk\u0131na sahiptir.<\/p>\n<p><strong>O\u0308rgu\u0308n Eg\u0306itim (Klasik)<\/strong>\u00a0teorik derslerde % 70 uygulamal\u0131 derslerde % 80 devaml\u0131l\u0131k zorunludur.<\/p>\n<p>\u2022 O\u0308rgu\u0308n Eg\u0306itim (Mazeretli) devam zorunlulug\u0306u yoktur<\/p>\n<p><strong><br \/>\nO\u0308rgu\u0308n eg\u0306itim (mazeretli)<\/strong>\u00a0olabilmek ic\u0327in aday\u0131n:<\/p>\n<p>\u2022 Kronik Rahats\u0131z Olmas\u0131 (muayene go\u0308rmu\u0308s\u0327 oldug\u0306u devlet hastanesinden rapor)<br \/>\n\u2022 Evli Olmas\u0131 (evlilik cu\u0308zdan\u0131n\u0131n noter tasdikli nu\u0308shas\u0131 ibraz edilmeli)<br \/>\n\u2022 I\u0307s\u0327 ilis\u0327kisine tabi olmas\u0131 (c\u0327al\u0131s\u0327t\u0131g\u0306\u0131 kurumdan c\u0327al\u0131s\u0327t\u0131g\u0306\u0131na dair teyid mektubu veya sgk hizmet do\u0308ku\u0308mu\u0308)<\/p>\n<p><strong>O\u0308rgu\u0308n Eg\u0306itim (Mazeretli) Uygulamas\u0131<\/strong><\/p>\n<p>Her do\u0308nem akademik takvim bas\u0327lamas\u0131na mu\u0308takiben 15 is\u0327 gu\u0308nu\u0308 ic\u0327erisinde o\u0308g\u0306rencilere sorumlu olduklar\u0131 derslerin ders notlar\u0131 go\u0308nderilmektedir.<br \/>\nDo\u0308nem sonlar\u0131nda ilgili adaylara h\u0131zland\u0131r\u0131lm\u0131s\u0327 ders verilmektedir.<br \/>\nH\u0131zland\u0131r\u0131lm\u0131s\u0327 dersler akademik takvimde o\u0308ngo\u0308ru\u0308len tarihlerde gerc\u0327ekles\u0327mektedir.<\/p>\n<p>Gu\u0308z Do\u0308nemi S\u0327ubat ay\u0131n\u0131n ilk haftas\u0131nda ilk do\u0308nemin s\u0131navlar\u0131,<br \/>\nBahar Do\u0308nemi Haziran ay\u0131n\u0131n ilk haftas\u0131nda ikinci do\u0308nemin s\u0131navlar\u0131 yap\u0131lmaktad\u0131r.<\/p>\n<p><strong>O\u0308rgu\u0308n Eg\u0306itim (Mazeretli) Bas\u0327vurusu ve Muafiyet<\/strong><\/p>\n<p>Muafiyet ve I\u0307ntibak I\u0307s\u0327lemleri Yo\u0308nergesine istinaden ilgili aday\u0131n kac\u0327 krediden muaf olacag\u0306\u0131 ve kac\u0327 kredi tamamlamas\u0131 gerektig\u0306i tespit edilmektedir.<\/p>\n<\/div>\n<\/div>\n<\/div>\n<p>[\/vc_column_text][\/vc_tta_section][vc_tta_section i_icon_fontawesome=&#8221;fa fa-exclamation-triangle&#8221; add_icon=&#8221;true&#8221; title=&#8221;Ba\u015fvuru Ko\u015fullar\u0131&#8221; tab_id=&#8221;1526904970842-bf4f1abe-74fd&#8221;][vc_column_text]<\/p>\n<div class=\"page\" title=\"Page 2\">\n<div class=\"section\">\n<div class=\"layoutArea\">\n<div class=\"column\">\n<div class=\"page\" title=\"Page 2\">\n<div class=\"section\">\n<div class=\"layoutArea\">\n<div class=\"column\">\n<ul>\n<li>Ba\u015fvuru Formunu Doldurmak.<\/li>\n<li>\u00d6zge\u00e7mi\u015f ve aday\u0131n yay\u0131mlanm\u0131\u015f makaleleri,<\/li>\n<li>Akademik Niyet Mektubu,<\/li>\n<li>\u0130ngilizce bildi\u011finize dair belge,<\/li>\n<li>Kimlik yada Pasport fotokopisi<\/li>\n<li>Lisans ve Y\u00fcksek Lisans Diplomas\u0131 (orjinali-apostilli)<\/li>\n<li>Lisans ve Y\u00fcksek Lisans Transkriptleri (orjinali-apostilli)<\/li>\n<\/ul>\n<\/div>\n<\/div>\n<\/div>\n<\/div>\n<\/div>\n<\/div>\n<\/div>\n<\/div>\n<p>[\/vc_column_text][\/vc_tta_section][\/vc_tta_accordion][vc_column_text]<a href=\"http:\/\/www.istanbuletc.com\/wp-content\/uploads\/2018\/07\/vizyon_doktora_-klinik.pdf\" target=\"_blank\" rel=\"noopener noreferrer\"><img decoding=\"async\" loading=\"lazy\" class=\"size-full wp-image-2097 aligncenter\" src=\"http:\/\/istanbuletc.com\/wp-content\/uploads\/2017\/06\/program-brosuru.png\" alt=\"\" width=\"269\" height=\"80\" \/><\/a>[\/vc_column_text][\/vc_column][\/vc_row]<\/p>","protected":false},"excerpt":{"rendered":"<p>[vc_row][vc_column][vc_row_inner][vc_column_inner width=&#8221;1\/2&#8243;][vc_column_text] Uluslararas\u0131 Vizyon U\u0308niversitesi Hakk\u0131nda Uluslararas\u0131 Vizyon U\u0308niversitesi, Merkezi Makedonya\u2019n\u0131n Gostivar s\u0327ehrinde bulunan \u201cS\u0327ar-Vardar I\u0307lim Ku\u0308ltu\u0308r ve Sanat Vakf\u0131\u201dn\u0131n 17 Haziran 2014 tarihinde Makedonya Cumhuriyeti Hu\u0308ku\u0308metine \u201cUluslararas\u0131 Vizyon U\u0308niversitesi\u201dnin kurulmas\u0131 ic\u0327in ic\u0327in yapm\u0131s\u0327 oldug\u0306u bas\u0327vuru, 07 Ekim 2014 tarihinde, Makedonya Cumhuriyeti Hu\u0308ku\u0308meti Bakanlar Kurulu karar\u0131n\u0131n ve 20 Ekim 2014 tarihli resmi gazetenin 153 say\u0131l\u0131 [&hellip;]<\/p>\n","protected":false},"author":1,"featured_media":0,"parent":0,"menu_order":0,"comment_status":"closed","ping_status":"closed","template":"","meta":{"footnotes":""},"_links":{"self":[{"href":"http:\/\/www.istanbuletc.com\/tr\/wp-json\/wp\/v2\/pages\/2966"}],"collection":[{"href":"http:\/\/www.istanbuletc.com\/tr\/wp-json\/wp\/v2\/pages"}],"about":[{"href":"http:\/\/www.istanbuletc.com\/tr\/wp-json\/wp\/v2\/types\/page"}],"author":[{"embeddable":true,"href":"http:\/\/www.istanbuletc.com\/tr\/wp-json\/wp\/v2\/users\/1"}],"replies":[{"embeddable":true,"href":"http:\/\/www.istanbuletc.com\/tr\/wp-json\/wp\/v2\/comments?post=2966"}],"version-history":[{"count":5,"href":"http:\/\/www.istanbuletc.com\/tr\/wp-json\/wp\/v2\/pages\/2966\/revisions"}],"predecessor-version":[{"id":2976,"href":"http:\/\/www.istanbuletc.com\/tr\/wp-json\/wp\/v2\/pages\/2966\/revisions\/2976"}],"wp:attachment":[{"href":"http:\/\/www.istanbuletc.com\/tr\/wp-json\/wp\/v2\/media?parent=2966"}],"curies":[{"name":"wp","href":"https:\/\/api.w.org\/{rel}","templated":true}]}}