{"id":3123,"date":"2023-09-01T21:48:14","date_gmt":"2023-09-01T18:48:14","guid":{"rendered":"http:\/\/www.istanbuletc.com\/?page_id=3123"},"modified":"2023-09-04T19:42:43","modified_gmt":"2023-09-04T16:42:43","slug":"neden-istanbul-etc","status":"publish","type":"page","link":"http:\/\/www.istanbuletc.com\/tr\/neden-istanbul-etc\/","title":{"rendered":"Neden \u0130stanbul ETC ?"},"content":{"rendered":"<p>[vc_row][vc_column][vc_row_inner][vc_column_inner width=&#8221;1\/2&#8243;][vc_single_image image=&#8221;3204&#8243; alignment=&#8221;center&#8221;][vc_column_text]<\/p>\n<div class=\"page\" title=\"Page 3\">\n<div class=\"section\">\n<div class=\"layoutArea\">\n<div class=\"column\">\n<h3 style=\"text-align: center;\"><strong>Uzmanl\u0131k alan\u0131<\/strong><\/h3>\n<p style=\"text-align: center;\">Profesyonel kadromuzla, bak\u0131m alan\u0131nda uzmanlas\u0327m\u0131s\u0327 bir ekibiz.<\/p>\n<\/div>\n<\/div>\n<\/div>\n<\/div>\n<p>[\/vc_column_text][vc_single_image image=&#8221;3119&#8243; alignment=&#8221;center&#8221;][vc_column_text]<\/p>\n<div class=\"page\" title=\"Page 3\">\n<div class=\"section\">\n<div class=\"layoutArea\">\n<div class=\"column\">\n<div class=\"page\" title=\"Page 3\">\n<div class=\"section\">\n<div class=\"layoutArea\">\n<div class=\"column\">\n<h3 style=\"text-align: center;\"><strong>Zamanlama<\/strong><\/h3>\n<\/div>\n<\/div>\n<\/div>\n<\/div>\n<div class=\"page\" title=\"Page 3\">\n<div class=\"section\">\n<div class=\"layoutArea\">\n<div class=\"column\">\n<p style=\"text-align: center;\">En uygun personeli bulmak ve su\u0308reci h\u0131zland\u0131rmak ad\u0131na tu\u0308m is\u0327lemlerimiz zaman\u0131nda ve gu\u0308venilir s\u0327ekilde gerc\u0327ekles\u0327tiriyoruz.<\/p>\n<\/div>\n<\/div>\n<\/div>\n<\/div>\n<\/div>\n<\/div>\n<\/div>\n<\/div>\n<p>[\/vc_column_text][\/vc_column_inner][vc_column_inner width=&#8221;1\/2&#8243;][vc_single_image image=&#8221;3203&#8243; alignment=&#8221;center&#8221;][vc_column_text]<\/p>\n<div class=\"page\" title=\"Page 3\">\n<div class=\"section\">\n<div class=\"layoutArea\">\n<div class=\"column\">\n<div class=\"page\" title=\"Page 3\">\n<div class=\"section\">\n<div class=\"layoutArea\">\n<div class=\"column\">\n<h3 style=\"text-align: center;\"><strong>Tecru\u0308be<\/strong><\/h3>\n<p style=\"text-align: center;\">Y\u0131llar\u0131n deneyimi sayesinde bu sekto\u0308rde belirleyici bir rol oynuyoruz.<\/p>\n<\/div>\n<\/div>\n<\/div>\n<\/div>\n<\/div>\n<\/div>\n<\/div>\n<\/div>\n<p>[\/vc_column_text][vc_single_image image=&#8221;3205&#8243; alignment=&#8221;center&#8221;][vc_column_text]<\/p>\n<div class=\"page\" title=\"Page 3\">\n<div class=\"section\">\n<div class=\"layoutArea\">\n<div class=\"column\">\n<div class=\"page\" title=\"Page 3\">\n<div class=\"section\">\n<div class=\"layoutArea\">\n<div class=\"column\">\n<div class=\"page\" title=\"Page 3\">\n<div class=\"section\">\n<div class=\"layoutArea\">\n<div class=\"column\">\n<h3 style=\"text-align: center;\"><strong>I\u0307s\u0327veren-Rehberi<\/strong><\/h3>\n<\/div>\n<\/div>\n<\/div>\n<\/div>\n<div class=\"page\" title=\"Page 3\">\n<div class=\"section\">\n<div class=\"layoutArea\">\n<div class=\"column\">\n<p style=\"text-align: center;\">I\u0307s\u0327veren-Rehberi Almanya&#8217;daki is\u0327verenlere, tu\u0308m is\u0327 ve is\u0327 su\u0308rec\u0327lerinde Tu\u0308rk personeli ve ku\u0308ltu\u0308ru\u0308ne ilis\u0327kin rehberlik sag\u0306l\u0131yoru<\/p>\n<\/div>\n<\/div>\n<\/div>\n<\/div>\n<\/div>\n<\/div>\n<\/div>\n<\/div>\n<\/div>\n<\/div>\n<\/div>\n<\/div>\n<p>[\/vc_column_text][\/vc_column_inner][\/vc_row_inner][\/vc_column][\/vc_row]<\/p>","protected":false},"excerpt":{"rendered":"<p>[vc_row][vc_column][vc_row_inner][vc_column_inner width=&#8221;1\/2&#8243;][vc_single_image image=&#8221;3204&#8243; alignment=&#8221;center&#8221;][vc_column_text] Uzmanl\u0131k alan\u0131 Profesyonel kadromuzla, bak\u0131m alan\u0131nda uzmanlas\u0327m\u0131s\u0327 bir ekibiz. [\/vc_column_text][vc_single_image image=&#8221;3119&#8243; alignment=&#8221;center&#8221;][vc_column_text] Zamanlama En uygun personeli bulmak ve su\u0308reci h\u0131zland\u0131rmak ad\u0131na tu\u0308m is\u0327lemlerimiz zaman\u0131nda ve gu\u0308venilir s\u0327ekilde gerc\u0327ekles\u0327tiriyoruz. [\/vc_column_text][\/vc_column_inner][vc_column_inner width=&#8221;1\/2&#8243;][vc_single_image image=&#8221;3203&#8243; alignment=&#8221;center&#8221;][vc_column_text] Tecru\u0308be Y\u0131llar\u0131n deneyimi sayesinde bu sekto\u0308rde belirleyici bir rol oynuyoruz. [\/vc_column_text][vc_single_image image=&#8221;3205&#8243; alignment=&#8221;center&#8221;][vc_column_text] I\u0307s\u0327veren-Rehberi I\u0307s\u0327veren-Rehberi Almanya&#8217;daki is\u0327verenlere, tu\u0308m is\u0327 [&hellip;]<\/p>\n","protected":false},"author":1,"featured_media":0,"parent":0,"menu_order":0,"comment_status":"closed","ping_status":"closed","template":"","meta":{"footnotes":""},"_links":{"self":[{"href":"http:\/\/www.istanbuletc.com\/tr\/wp-json\/wp\/v2\/pages\/3123"}],"collection":[{"href":"http:\/\/www.istanbuletc.com\/tr\/wp-json\/wp\/v2\/pages"}],"about":[{"href":"http:\/\/www.istanbuletc.com\/tr\/wp-json\/wp\/v2\/types\/page"}],"author":[{"embeddable":true,"href":"http:\/\/www.istanbuletc.com\/tr\/wp-json\/wp\/v2\/users\/1"}],"replies":[{"embeddable":true,"href":"http:\/\/www.istanbuletc.com\/tr\/wp-json\/wp\/v2\/comments?post=3123"}],"version-history":[{"count":9,"href":"http:\/\/www.istanbuletc.com\/tr\/wp-json\/wp\/v2\/pages\/3123\/revisions"}],"predecessor-version":[{"id":3208,"href":"http:\/\/www.istanbuletc.com\/tr\/wp-json\/wp\/v2\/pages\/3123\/revisions\/3208"}],"wp:attachment":[{"href":"http:\/\/www.istanbuletc.com\/tr\/wp-json\/wp\/v2\/media?parent=3123"}],"curies":[{"name":"wp","href":"https:\/\/api.w.org\/{rel}","templated":true}]}}