{"id":3132,"date":"2023-09-04T16:04:38","date_gmt":"2023-09-04T13:04:38","guid":{"rendered":"http:\/\/www.istanbuletc.com\/?page_id=3132"},"modified":"2023-09-04T20:44:43","modified_gmt":"2023-09-04T17:44:43","slug":"cocuk-bakim","status":"publish","type":"page","link":"http:\/\/www.istanbuletc.com\/tr\/cocuk-bakim\/","title":{"rendered":"\u00c7ocuk Bak\u0131m"},"content":{"rendered":"<p>[vc_row][vc_column width=&#8221;1\/6&#8243;][vc_empty_space][vc_single_image image=&#8221;3266&#8243; alignment=&#8221;center&#8221;][\/vc_column][vc_column width=&#8221;1\/6&#8243;][vc_column_text]<\/p>\n<div class=\"page\" title=\"Page 9\">\n<div class=\"section\">\n<div class=\"layoutArea\">\n<div class=\"column\">\n<h3 style=\"text-align: left;\">Yetkin C\u0327al\u0131s\u0327anlar<\/h3>\n<p style=\"text-align: left;\">C\u0327ocuklar\u0131m\u0131z\u0131n bak\u0131m\u0131n\u0131 ve eg\u0306itimini u\u0308stlenen deneyimli ve sertifikal\u0131 c\u0327al\u0131s\u0327anlar\u0131m\u0131zla gu\u0308vende olacag\u0306\u0131n\u0131zdan emin olabilirsiniz.<\/p>\n<\/div>\n<\/div>\n<\/div>\n<\/div>\n<p>[\/vc_column_text][\/vc_column][vc_column width=&#8221;1\/6&#8243;][vc_empty_space][vc_single_image image=&#8221;3264&#8243; alignment=&#8221;center&#8221;][\/vc_column][vc_column width=&#8221;1\/6&#8243;][vc_column_text]<\/p>\n<div class=\"page\" title=\"Page 9\">\n<div class=\"section\">\n<div class=\"layoutArea\">\n<div class=\"column\">\n<div class=\"page\" title=\"Page 9\">\n<div class=\"section\">\n<div class=\"layoutArea\">\n<div class=\"column\">\n<h3 style=\"text-align: left;\">Maksimum Eg\u0306lence<\/h3>\n<p style=\"text-align: left;\">C\u0327ocuklar\u0131n\u0131z\u0131n eg\u0306lenirken o\u0308g\u0306renmelerini sag\u0306lamak ic\u0327in, oyunlar ve aktiviteler belirliyor ve mu\u0308mku\u0308n olan en iyi c\u0327ocuk bak\u0131m hizmeti sunuyoruz.<\/p>\n<\/div>\n<\/div>\n<\/div>\n<\/div>\n<\/div>\n<\/div>\n<\/div>\n<\/div>\n<p>[\/vc_column_text][\/vc_column][vc_column width=&#8221;1\/6&#8243;][vc_empty_space][vc_single_image image=&#8221;3265&#8243; alignment=&#8221;center&#8221;][\/vc_column][vc_column width=&#8221;1\/6&#8243;][vc_column_text]<\/p>\n<div class=\"page\" title=\"Page 9\">\n<div class=\"section\">\n<div class=\"layoutArea\">\n<div class=\"column\">\n<div class=\"page\" title=\"Page 9\">\n<div class=\"section\">\n<div class=\"layoutArea\">\n<div class=\"column\">\n<div class=\"page\" title=\"Page 9\">\n<div class=\"section\">\n<div class=\"layoutArea\">\n<div class=\"column\">\n<div class=\"page\" title=\"Page 9\">\n<div class=\"section\">\n<div class=\"layoutArea\">\n<div class=\"column\">\n<h3 style=\"text-align: left;\">Gu\u0308nlu\u0308k Raporlama<\/h3>\n<div class=\"page\" title=\"Page 9\">\n<div class=\"section\">\n<div class=\"layoutArea\">\n<div class=\"column\">\n<p style=\"text-align: left;\">Bak\u0131mla ilgili tu\u0308m ayr\u0131nt\u0131lar\u0131 h\u0131zl\u0131, etkili ve ayr\u0131nt\u0131l\u0131 bir s\u0327ekilde raporluyoruz. Bu sayede, c\u0327ocug\u0306unuzun ne yapt\u0131g\u0306\u0131n\u0131 ve ne o\u0308g\u0306rendig\u0306ini net bir s\u0327ekilde takip edebilirsiniz.<\/p>\n<\/div>\n<\/div>\n<\/div>\n<\/div>\n<\/div>\n<\/div>\n<\/div>\n<\/div>\n<\/div>\n<\/div>\n<\/div>\n<\/div>\n<\/div>\n<\/div>\n<\/div>\n<\/div>\n<\/div>\n<\/div>\n<\/div>\n<\/div>\n<p>[\/vc_column_text][\/vc_column][\/vc_row]<\/p>","protected":false},"excerpt":{"rendered":"<p>[vc_row][vc_column width=&#8221;1\/6&#8243;][vc_empty_space][vc_single_image image=&#8221;3266&#8243; alignment=&#8221;center&#8221;][\/vc_column][vc_column width=&#8221;1\/6&#8243;][vc_column_text] Yetkin C\u0327al\u0131s\u0327anlar C\u0327ocuklar\u0131m\u0131z\u0131n bak\u0131m\u0131n\u0131 ve eg\u0306itimini u\u0308stlenen deneyimli ve sertifikal\u0131 c\u0327al\u0131s\u0327anlar\u0131m\u0131zla gu\u0308vende olacag\u0306\u0131n\u0131zdan emin olabilirsiniz. [\/vc_column_text][\/vc_column][vc_column width=&#8221;1\/6&#8243;][vc_empty_space][vc_single_image image=&#8221;3264&#8243; alignment=&#8221;center&#8221;][\/vc_column][vc_column width=&#8221;1\/6&#8243;][vc_column_text] Maksimum Eg\u0306lence C\u0327ocuklar\u0131n\u0131z\u0131n eg\u0306lenirken o\u0308g\u0306renmelerini sag\u0306lamak ic\u0327in, oyunlar ve aktiviteler belirliyor ve mu\u0308mku\u0308n olan en iyi c\u0327ocuk bak\u0131m hizmeti sunuyoruz. [\/vc_column_text][\/vc_column][vc_column width=&#8221;1\/6&#8243;][vc_empty_space][vc_single_image image=&#8221;3265&#8243; alignment=&#8221;center&#8221;][\/vc_column][vc_column width=&#8221;1\/6&#8243;][vc_column_text] Gu\u0308nlu\u0308k Raporlama Bak\u0131mla ilgili tu\u0308m [&hellip;]<\/p>\n","protected":false},"author":1,"featured_media":0,"parent":0,"menu_order":0,"comment_status":"closed","ping_status":"closed","template":"","meta":{"footnotes":""},"_links":{"self":[{"href":"http:\/\/www.istanbuletc.com\/tr\/wp-json\/wp\/v2\/pages\/3132"}],"collection":[{"href":"http:\/\/www.istanbuletc.com\/tr\/wp-json\/wp\/v2\/pages"}],"about":[{"href":"http:\/\/www.istanbuletc.com\/tr\/wp-json\/wp\/v2\/types\/page"}],"author":[{"embeddable":true,"href":"http:\/\/www.istanbuletc.com\/tr\/wp-json\/wp\/v2\/users\/1"}],"replies":[{"embeddable":true,"href":"http:\/\/www.istanbuletc.com\/tr\/wp-json\/wp\/v2\/comments?post=3132"}],"version-history":[{"count":12,"href":"http:\/\/www.istanbuletc.com\/tr\/wp-json\/wp\/v2\/pages\/3132\/revisions"}],"predecessor-version":[{"id":3267,"href":"http:\/\/www.istanbuletc.com\/tr\/wp-json\/wp\/v2\/pages\/3132\/revisions\/3267"}],"wp:attachment":[{"href":"http:\/\/www.istanbuletc.com\/tr\/wp-json\/wp\/v2\/media?parent=3132"}],"curies":[{"name":"wp","href":"https:\/\/api.w.org\/{rel}","templated":true}]}}