{"id":3268,"date":"2023-09-04T20:45:50","date_gmt":"2023-09-04T17:45:50","guid":{"rendered":"http:\/\/www.istanbuletc.com\/?page_id=3268"},"modified":"2023-09-04T21:07:05","modified_gmt":"2023-09-04T18:07:05","slug":"engelli-bakim-hizmeti","status":"publish","type":"page","link":"http:\/\/www.istanbuletc.com\/tr\/engelli-bakim-hizmeti\/","title":{"rendered":"Engelli Bak\u0131m Hizmeti"},"content":{"rendered":"<p>[vc_row][vc_column width=&#8221;1\/6&#8243;][vc_empty_space height=&#8221;12px&#8221;][vc_single_image image=&#8221;3289&#8243; img_size=&#8221;100&#215;100&#8243; alignment=&#8221;center&#8221;][vc_empty_space height=&#8221;5px&#8221;][vc_single_image image=&#8221;3287&#8243; img_size=&#8221;100&#215;100&#8243; alignment=&#8221;center&#8221;][vc_single_image image=&#8221;3288&#8243; img_size=&#8221;100&#215;100&#8243; alignment=&#8221;center&#8221;][\/vc_column][vc_column width=&#8221;1\/3&#8243;][vc_column_text]<\/p>\n<div class=\"page\" title=\"Page 8\">\n<div class=\"section\">\n<div class=\"layoutArea\">\n<div class=\"column\">\n<h3 style=\"text-align: left;\">Rehabilitasyon<\/h3>\n<p style=\"text-align: left;\">Engellilerin tekrar hareket kabiliyeti kazanmalar\u0131na yard\u0131mc\u0131 olmak amac\u0131yla, fizyoterapist desteg\u0306iyle rehabilitasyon hizmetleri sunuyoruz.<\/p>\n<\/div>\n<\/div>\n<\/div>\n<\/div>\n<p>[\/vc_column_text][vc_column_text]<\/p>\n<div class=\"page\" title=\"Page 8\">\n<div class=\"section\">\n<div class=\"layoutArea\">\n<div class=\"column\">\n<div class=\"page\" title=\"Page 8\">\n<div class=\"section\">\n<div class=\"layoutArea\">\n<div class=\"column\">\n<h3>Mekanik Bak\u0131m<\/h3>\n<p>Engellilerin gu\u0308nlu\u0308k hayatlar\u0131na yard\u0131mc\u0131 olmak ic\u0327in mekanik bak\u0131m hizmetleri sag\u0306layarak hayatlar\u0131n\u0131 kolaylas\u0327t\u0131r\u0131yoruz.<\/p>\n<\/div>\n<\/div>\n<\/div>\n<\/div>\n<\/div>\n<\/div>\n<\/div>\n<\/div>\n<p>[\/vc_column_text][vc_column_text]<\/p>\n<div class=\"page\" title=\"Page 8\">\n<div class=\"section\">\n<div class=\"layoutArea\">\n<div class=\"column\">\n<div class=\"page\" title=\"Page 8\">\n<div class=\"section\">\n<div class=\"layoutArea\">\n<div class=\"column\">\n<h3>Uluslararas\u0131 Standart<\/h3>\n<p>Engelli bak\u0131m hizmetlerimiz, uluslararas\u0131 kalite standartlar\u0131na uygun olarak yap\u0131land\u0131r\u0131lm\u0131s\u0327t\u0131r. Bo\u0308ylece, mu\u0308s\u0327terilerimizin gu\u0308vende olduklar\u0131 sag\u0306lanmaktad\u0131r.<\/p>\n<\/div>\n<\/div>\n<\/div>\n<\/div>\n<\/div>\n<\/div>\n<\/div>\n<\/div>\n<p>[\/vc_column_text][\/vc_column][vc_column width=&#8221;1\/2&#8243;][vc_single_image image=&#8221;3286&#8243; img_size=&#8221;600&#215;400&#8243; alignment=&#8221;center&#8221;][\/vc_column][\/vc_row]<\/p>","protected":false},"excerpt":{"rendered":"<p>[vc_row][vc_column width=&#8221;1\/6&#8243;][vc_empty_space height=&#8221;12px&#8221;][vc_single_image image=&#8221;3289&#8243; img_size=&#8221;100&#215;100&#8243; alignment=&#8221;center&#8221;][vc_empty_space height=&#8221;5px&#8221;][vc_single_image image=&#8221;3287&#8243; img_size=&#8221;100&#215;100&#8243; alignment=&#8221;center&#8221;][vc_single_image image=&#8221;3288&#8243; img_size=&#8221;100&#215;100&#8243; alignment=&#8221;center&#8221;][\/vc_column][vc_column width=&#8221;1\/3&#8243;][vc_column_text] Rehabilitasyon Engellilerin tekrar hareket kabiliyeti kazanmalar\u0131na yard\u0131mc\u0131 olmak amac\u0131yla, fizyoterapist desteg\u0306iyle rehabilitasyon hizmetleri sunuyoruz. [\/vc_column_text][vc_column_text] Mekanik Bak\u0131m Engellilerin gu\u0308nlu\u0308k hayatlar\u0131na yard\u0131mc\u0131 olmak ic\u0327in mekanik bak\u0131m hizmetleri sag\u0306layarak hayatlar\u0131n\u0131 kolaylas\u0327t\u0131r\u0131yoruz. [\/vc_column_text][vc_column_text] Uluslararas\u0131 Standart Engelli bak\u0131m hizmetlerimiz, uluslararas\u0131 kalite standartlar\u0131na uygun olarak yap\u0131land\u0131r\u0131lm\u0131s\u0327t\u0131r. [&hellip;]<\/p>\n","protected":false},"author":1,"featured_media":0,"parent":0,"menu_order":0,"comment_status":"closed","ping_status":"closed","template":"","meta":{"footnotes":""},"_links":{"self":[{"href":"http:\/\/www.istanbuletc.com\/tr\/wp-json\/wp\/v2\/pages\/3268"}],"collection":[{"href":"http:\/\/www.istanbuletc.com\/tr\/wp-json\/wp\/v2\/pages"}],"about":[{"href":"http:\/\/www.istanbuletc.com\/tr\/wp-json\/wp\/v2\/types\/page"}],"author":[{"embeddable":true,"href":"http:\/\/www.istanbuletc.com\/tr\/wp-json\/wp\/v2\/users\/1"}],"replies":[{"embeddable":true,"href":"http:\/\/www.istanbuletc.com\/tr\/wp-json\/wp\/v2\/comments?post=3268"}],"version-history":[{"count":17,"href":"http:\/\/www.istanbuletc.com\/tr\/wp-json\/wp\/v2\/pages\/3268\/revisions"}],"predecessor-version":[{"id":3290,"href":"http:\/\/www.istanbuletc.com\/tr\/wp-json\/wp\/v2\/pages\/3268\/revisions\/3290"}],"wp:attachment":[{"href":"http:\/\/www.istanbuletc.com\/tr\/wp-json\/wp\/v2\/media?parent=3268"}],"curies":[{"name":"wp","href":"https:\/\/api.w.org\/{rel}","templated":true}]}}