{"id":889,"date":"2015-07-02T05:10:48","date_gmt":"2015-07-02T05:10:48","guid":{"rendered":"http:\/\/masterstudy.stylemixthemes.com\/demo\/?page_id=889"},"modified":"2023-09-01T21:47:04","modified_gmt":"2023-09-01T18:47:04","slug":"biz-kimiz","status":"publish","type":"page","link":"http:\/\/www.istanbuletc.com\/tr\/biz-kimiz\/","title":{"rendered":"Biz Kimiz ?"},"content":{"rendered":"<p>[vc_row css=&#8221;.vc_custom_1435816078010{margin-bottom: 15px !important;}&#8221;][vc_column width=&#8221;1\/2&#8243;][vc_column_text css=&#8221;.vc_custom_1693592575215{margin-bottom: 32px !important;}&#8221;]<\/p>\n<div class=\"page\" title=\"Page 1\">\n<div class=\"section\">\n<div class=\"layoutArea\">\n<div class=\"column\">\n<p>\u0130stanbul ETC Hems\u0327irelik, Hems\u0327ire Yard\u0131mc\u0131l\u0131g\u0306\u0131, Yas\u0327l\u0131 Bak\u0131m Hizmeti, Engelli<br \/>\nBak\u0131m Hizmeti ve C\u0327ocuk Bak\u0131m Hizmeti konular\u0131nda hizmet veren bir sosyal<br \/>\nhizmet turizmi ajans\u0131d\u0131r.<\/p>\n<\/div>\n<\/div>\n<\/div>\n<\/div>\n<p>\u0130stanbul European Training Centre; i\u015f d\u00fcnyas\u0131 ve akademik d\u00fcnya aras\u0131nda bir ba\u011flant\u0131 noktas\u0131 olarak hareket eden ve b\u00f6ylece i\u015f d\u00fcnyas\u0131na yeni a\u00e7\u0131l\u0131mlar ve de\u011ferler getirmeyi hedefleyen, T\u00fcrkiye\u2019nin en b\u00fcy\u00fck \u00fcniversiteleri ile ortak e\u011fitimler yapan kurumudur.<\/p>\n<p>\u0130stanbul European Training Centre\u2019nin amac\u0131; bireylerin ki\u015fisel ve profesyonel hedeflerini ger\u00e7ekle\u015ftirmelerini desteklemek, i\u015f d\u00fcnyas\u0131na y\u00f6nelik e\u011fitimler d\u00fczenleyerek, \u00e7al\u0131\u015fanlar\u0131n ve firmalar\u0131n gelece\u011fine katk\u0131da bulunmakt\u0131r.<\/p>\n<p>\u0130stanbul European Training Centre, 2008 y\u0131l\u0131ndan bu yana T\u00fcrkiye\u2019nin \u00f6nde gelen \u00dcniversiteleri ile kurdu\u011fu e\u011fitim i\u015fbirlikleri ile binlerce bireye akademik kariyer yapma imkan\u0131 sunmu\u015f ve onlarca kuruma e\u011fitim vermi\u015ftir.[\/vc_column_text][\/vc_column][vc_column width=&#8221;1\/2&#8243;][vc_single_image image=&#8221;1570&#8243; img_size=&#8221;full&#8221; css=&#8221;.vc_custom_1496483706364{margin-top: 16px !important;margin-bottom: 88px !important;}&#8221;][\/vc_column][\/vc_row][vc_row][vc_column width=&#8221;1\/3&#8243;][stm_icon_box icon_color=&#8221;#ffffff&#8221; css_icon=&#8221;.vc_custom_1693593600351{background-image: url(http:\/\/www.istanbuletc.com\/wp-content\/uploads\/2023\/09\/continuous-improvement.png?id=3119) !important;}&#8221;]<\/p>\n<div class=\"page\" title=\"Page 2\">\n<div class=\"section\">\n<div class=\"layoutArea\">\n<div class=\"column\">\n<p style=\"text-align: center;\">\u0130stanbul ETC olarak, profesyonel bir bak\u0131m ekibiyle birlikte c\u0327al\u0131s\u0327\u0131yoruz ve mu\u0308s\u0327terilerimizin ihtiyac\u0327lar\u0131n\u0131 en iyi s\u0327ekilde kars\u0327\u0131lamak ic\u0327in c\u0327aba<br \/>\ngo\u0308steriyoruz.<\/p>\n<\/div>\n<\/div>\n<\/div>\n<\/div>\n<p>[\/stm_icon_box][\/vc_column][vc_column width=&#8221;1\/3&#8243;][stm_icon_box icon_color=&#8221;#ffffff&#8221; css_icon=&#8221;.vc_custom_1693593820747{background-image: url(http:\/\/www.istanbuletc.com\/wp-content\/uploads\/2023\/09\/continuous-improvement.png?id=3119) !important;}&#8221;]<\/p>\n<div class=\"page\" title=\"Page 2\">\n<div class=\"section\">\n<div class=\"layoutArea\">\n<div class=\"column\">\n<div class=\"page\" title=\"Page 2\">\n<div class=\"section\">\n<div class=\"layoutArea\">\n<div class=\"column\">\n<p style=\"text-align: center;\">Bas\u0327ta insanl\u0131k olmak u\u0308zere, sadakat, sayg\u0131, du\u0308ru\u0308stlu\u0308k, is\u0327 disiplini ve mu\u0308s\u0327teri odakl\u0131 yaklas\u0327\u0131m bizim o\u0308ncelikli deg\u0306erlerimizdir.<\/p>\n<\/div>\n<\/div>\n<\/div>\n<\/div>\n<\/div>\n<\/div>\n<\/div>\n<\/div>\n<p>[\/stm_icon_box][\/vc_column][vc_column width=&#8221;1\/3&#8243;][stm_icon_box icon_color=&#8221;#ffffff&#8221; css_icon=&#8221;.vc_custom_1693593794243{background-image: url(http:\/\/www.istanbuletc.com\/wp-content\/uploads\/2023\/09\/continuous-improvement.png?id=3119) !important;}&#8221;]<\/p>\n<div class=\"page\" title=\"Page 2\">\n<div class=\"section\">\n<div class=\"layoutArea\">\n<div class=\"column\">\n<div class=\"page\" title=\"Page 2\">\n<div class=\"section\">\n<div class=\"layoutArea\">\n<div class=\"column\">\n<p style=\"text-align: center;\">Mu\u0308s\u0327terilerimizle kurdug\u0306umuz gu\u0308venilir ilis\u0327kiler nedeniyle gelecekte de c\u0327al\u0131s\u0327maya devam ediyoruz.<\/p>\n<\/div>\n<\/div>\n<\/div>\n<\/div>\n<\/div>\n<\/div>\n<\/div>\n<\/div>\n<p>[\/stm_icon_box][\/vc_column][\/vc_row]<\/p>","protected":false},"excerpt":{"rendered":"<p>[vc_row css=&#8221;.vc_custom_1435816078010{margin-bottom: 15px !important;}&#8221;][vc_column width=&#8221;1\/2&#8243;][vc_column_text css=&#8221;.vc_custom_1693592575215{margin-bottom: 32px !important;}&#8221;] \u0130stanbul ETC Hems\u0327irelik, Hems\u0327ire Yard\u0131mc\u0131l\u0131g\u0306\u0131, Yas\u0327l\u0131 Bak\u0131m Hizmeti, Engelli Bak\u0131m Hizmeti ve C\u0327ocuk Bak\u0131m Hizmeti konular\u0131nda hizmet veren bir sosyal hizmet turizmi ajans\u0131d\u0131r. \u0130stanbul European Training Centre; i\u015f d\u00fcnyas\u0131 ve akademik d\u00fcnya aras\u0131nda bir ba\u011flant\u0131 noktas\u0131 olarak hareket eden ve b\u00f6ylece i\u015f d\u00fcnyas\u0131na yeni a\u00e7\u0131l\u0131mlar ve de\u011ferler [&hellip;]<\/p>\n","protected":false},"author":1,"featured_media":0,"parent":0,"menu_order":0,"comment_status":"closed","ping_status":"closed","template":"","meta":{"footnotes":""},"_links":{"self":[{"href":"http:\/\/www.istanbuletc.com\/tr\/wp-json\/wp\/v2\/pages\/889"}],"collection":[{"href":"http:\/\/www.istanbuletc.com\/tr\/wp-json\/wp\/v2\/pages"}],"about":[{"href":"http:\/\/www.istanbuletc.com\/tr\/wp-json\/wp\/v2\/types\/page"}],"author":[{"embeddable":true,"href":"http:\/\/www.istanbuletc.com\/tr\/wp-json\/wp\/v2\/users\/1"}],"replies":[{"embeddable":true,"href":"http:\/\/www.istanbuletc.com\/tr\/wp-json\/wp\/v2\/comments?post=889"}],"version-history":[{"count":16,"href":"http:\/\/www.istanbuletc.com\/tr\/wp-json\/wp\/v2\/pages\/889\/revisions"}],"predecessor-version":[{"id":3122,"href":"http:\/\/www.istanbuletc.com\/tr\/wp-json\/wp\/v2\/pages\/889\/revisions\/3122"}],"wp:attachment":[{"href":"http:\/\/www.istanbuletc.com\/tr\/wp-json\/wp\/v2\/media?parent=889"}],"curies":[{"name":"wp","href":"https:\/\/api.w.org\/{rel}","templated":true}]}}