{"id":2374,"date":"2018-05-19T15:01:41","date_gmt":"2018-05-19T12:01:41","guid":{"rendered":"http:\/\/istanbuletc.com\/?page_id=2374"},"modified":"2023-09-01T21:02:44","modified_gmt":"2023-09-01T18:02:44","slug":"taras-shevchenko-universitesi","status":"publish","type":"page","link":"http:\/\/www.istanbuletc.com\/ua\/yakin-dogu-universitesi\/taras-shevchenko-universitesi\/","title":{"rendered":"Kilinik Psikoloji"},"content":{"rendered":"<p class=\"qtranxs-available-languages-message qtranxs-available-languages-message-ua\">\u0412\u0438\u0431\u0430\u0447\u0442\u0435 \u0446\u0435\u0439 \u0442\u0435\u043a\u0441\u0442 \u0434\u043e\u0441\u0442\u0443\u043f\u043d\u0438\u0439 \u0442\u0456\u043b\u044c\u043a\u0438 \u0432 &ldquo;<a href=\"http:\/\/www.istanbuletc.com\/tr\/wp-json\/wp\/v2\/pages\/2374\" class=\"qtranxs-available-language-link qtranxs-available-language-link-tr\" title=\"Turkish\">\u0442\u0443\u0440\u0435\u0446\u044c\u043a\u0430<\/a>&rdquo;. For the sake of viewer convenience, the content is shown below in the alternative language. You may click the link to switch the active language.<\/p><p>[vc_row][vc_column][vc_row_inner][vc_column_inner width=&#8221;1\/2&#8243;][vc_column_text]<strong>\u00dcniversitemiz Hakk\u0131nda Genel Bilgiler\u00a0<\/strong><\/p>\n<p>1834 y\u0131l\u0131nda kurulan Kiev Milli Taras Shevchenko \u00dcniversitesi; bilim, e\u011fitim, k\u00fclt\u00fcr ve topluma \u00e7ok de\u011ferli katk\u0131larda bulunacak akademisyenler, \u00f6\u011fretim \u00fcyeleri ve \u00f6\u011frenciler yeti\u015ftirmenin yan\u0131 s\u0131ra, Ukrayna halk\u0131n\u0131n hayat\u0131n\u0131 iyile\u015ftirmek ve gelecek ku\u015faklara yeni ufuklar a\u00e7may\u0131 hedeflemektedir. Kiev Milli Taras Shevchenko \u00dcniversitesi; ayr\u0131 bir ara\u015ft\u0131rma profili ve Ukrayna&#8217;n\u0131n \u00f6nde gelen, \u00e7a\u011fda\u015f bir akademik e\u011fitim merkezi olmas\u0131 y\u00f6n\u00fcyle \u00f6rnek bir \u00fcniversitedir. \u00dcniversitemiz 13 fak\u00fclte, 9 enstit\u00fcden olu\u015fmaktad\u0131r. \u00dcniversitede 26 binin \u00fczerinde \u00f6\u011frenci bulunmaktad\u0131r. Y\u00fcksek lisansta yakla\u015f\u0131k 1.645 ve Doktorada ortalama 225 \u00f6\u011frencisi vard\u0131r. \u00dcniversitede her y\u0131l 350&#8217;den fazla doktora ve y\u00fcksek lisans tezi haz\u0131rlamaktad\u0131r. \u00dcniversitemiz; konforlu \u00f6\u011frenci yurtlar\u0131, bilgisayar kul\u00fcpleri, spor tesisleri, kafeteryalar ve dans salonlar\u0131 bulunan b\u00fcy\u00fck bir kamp\u00fcse sahiptir. Sa\u011fl\u0131kl\u0131 bir ya\u015fam tarz\u0131n\u0131 te\u015fvik etmek i\u00e7in ayr\u0131ca \u00fcniversitemizin, Dnipro Nehri&#8217;nin k\u0131y\u0131s\u0131nda, hem sa\u011fl\u0131k spas\u0131 hem de spor tesisleri bulunmaktad\u0131r. G\u00fcn\u00fcm\u00fcz itibari ile \u00fcniversitemizin; 57 \u00fclkeden, 227 yabanc\u0131 e\u011fitim ve bilimsel kurum ile ikili ortakl\u0131k anla\u015fmalar\u0131 bulunmaktad\u0131r. Gerek ara\u015ft\u0131rma yapmak gerekse de konferanslara kat\u0131lmak ve konferans vermek suretiyle, y\u0131lda 32 \u00fclkeden, 180 yabanc\u0131 akademisyen ve \u00f6\u011fretim \u00fcyesi \u00fcniversitemizi ziyaret etmektedir. Her y\u0131l 1500&#8217;den fazla \u00f6\u011fretim g\u00f6revlisi, ara\u015ft\u0131rmac\u0131 ve \u00f6\u011frenci, yurtd\u0131\u015f\u0131nda 59 \u00fclkeye akademik ama\u00e7l\u0131 seyahat etmektedir. Kiev Milli Taras Shevchenko \u00dcniversitesi, 2017-2018 y\u0131llar\u0131nda QS World University Rankings (D\u00fcnya \u00dcniversiteler S\u0131ralamas\u0131nda) d\u00fcnyan\u0131n en iyi \u00fcniversiteleri listesinde, 411- 420&#8217;inci s\u0131ralar\u0131nda yer almaktad\u0131r.[\/vc_column_text][\/vc_column_inner][vc_column_inner width=&#8221;1\/2&#8243;][vc_single_image image=&#8221;2380&#8243; img_size=&#8221;800&#215;800&#8243;][\/vc_column_inner][\/vc_row_inner][vc_tta_accordion][vc_tta_section title=&#8221;I\u0307lk 1000&#8217;e giren \u00dcniversitelere Direkt Denklik Yurtd\u0131\u015f\u0131 Y\u00fcksek\u00f6\u011fretim Diplomalar\u0131 Tan\u0131ma ve Denklik Y\u00f6netmeli\u011fi&#8221; tab_id=&#8221;1526729094262-0586a47a-83e2&#8243;][vc_column_text]MADDE 7 \u2013 (1) Mezun olunan kurumun e\u011fitim-\u00f6\u011fretiminin niteli\u011finde teredd\u00fct olu\u015fmas\u0131 durumunda Y\u00fcksek\u00f6\u011fretim Kurulunun de\u011ferlendirme hakk\u0131 sakl\u0131 kalmak kayd\u0131yla, 5 inci ve 6 nc\u0131 maddeler kapsam\u0131nda uygunlu\u011fu tespit edilen diploma denklik ba\u015fvurular\u0131yla ilgili denklik i\u015flemi a\u015fa\u011f\u0131daki hallerde SYBS uygulanmaks\u0131z\u0131n yap\u0131l\u0131r:<\/p>\n<p>a) T\u00fcrk y\u00fcksek\u00f6\u011fretim sisteminde e\u015fde\u011fer bir kar\u015f\u0131l\u0131\u011f\u0131n\u0131n olmas\u0131 h\u00e2linde, y\u00fcksek\u00f6\u011frenime ba\u015flan\u0131lan y\u0131l Y\u00fcksek\u00f6\u011fretim Kurulu taraf\u0131ndan belirlenmi\u015f olan s\u0131ralama kurulu\u015flar\u0131nca yap\u0131lan d\u00fcnya \u00fcniversite s\u0131ralamalar\u0131n\u0131n Y\u00fcksek\u00f6\u011fretim Kurulu taraf\u0131ndan belirlenen dilimdeki \u00fcniversitelerden al\u0131nan diplomalara SYBS uygulanmaks\u0131z\u0131n denklik i\u015flemi yap\u0131l\u0131r.\u00a0<em>( 5 Aral\u0131k 2017 SALI &#8211; Resmi gazete -Say\u0131 : 30261 )\u00a0<\/em>[\/vc_column_text][\/vc_tta_section][vc_tta_section title=&#8221;Psikoloji Fak\u00fcltesi Hakk\u0131nda Genel Bilgiler&#8221; tab_id=&#8221;1526729094226-1a60537d-dcd0&#8243;][vc_column_text]Kiev Milli Taras Shevchenko \u00dcniversitesi Psikoloji Fak\u00fcltesi, Ukrayna&#8217;n\u0131n en prestijli e\u011fitim kurumudur.\u00a0Profesyonel psikologlar\u0131n 1967&#8217;den beri e\u011fitim g\u00f6rd\u00fc\u011f\u00fc yerdir.<\/p>\n<p>Bir as\u0131rd\u0131r burada psikoloji e\u011fitimi sa\u011flanmaktad\u0131r. 1897&#8217;de Profes\u00f6r H. Chelpano Felsefe Fak\u00fcltesinde psikolojik ara\u015ft\u0131rmalar ba\u015flatm\u0131\u015ft\u0131r. O zamandan beri, \u00fcniversite, klasik akademik psikoloji e\u011fitiminin geleneklerini destekleme alan\u0131nda \u00f6n s\u0131rada yer alm\u0131\u015ft\u0131r. bU konuya y\u00f6nelik e\u011fitim s\u00fcrecini ve ara\u015ft\u0131rmay\u0131 sa\u011flamak i\u00e7in en ileri teknolojileri temsil etmi\u015ftir.<\/p>\n<p>Fak\u00fclte son derece nitelikli bir \u00f6\u011fretim kadrosuna sahiptir. B\u00fcnyesinde, tam \u00fcye (Full Member) ve Ukrayna Ulusal Pedagojik Bilimler Akademisi \u00fcyesi (Corresponding Member of National Academy of Pedagogical Sciences of Ukraine) 20 profes\u00f6r, 45 do\u00e7ent ve PhD&#8217;ler bulunmaktad\u0131r.<\/p>\n<p>Mezunlara; ger\u00e7ek istihdam olanaklar\u0131 \u00e7e\u015fitli psikolojik bilimler ve pratik alanlar\u0131nda liderlik pozisyonlar\u0131 sa\u011flanmaktad\u0131r.<\/p>\n<p><strong>Fak\u00fclte alt\u0131 b\u00f6l\u00fcmden olu\u015fmaktad\u0131r:<\/strong><br \/>\nGenel Psikoloji, Sosyal Psikoloji, Geli\u015fim Psikoloji, Klinik Psikoloji ve Psikodiagnostik, Sosyal Hizmet, Pedagoji Master ders i\u00e7eri\u011fi, birbirini takip eden programlar\u0131n se\u00e7imini sunmaktad\u0131r:<\/p>\n<p><strong>1)<\/strong>\u00a0&#8220;Psikoloji&#8221; &#8211; Ki\u015filik Psikolojisi, \u00d6rg\u00fctsel, Davran\u0131\u015fsal ve Emek Psikolojisi, Klinik Psikoloji, Geli\u015fim Psikolojisi, Sosyal Psikoloji.<\/p>\n<p><strong>2)<\/strong>\u00a0&#8221;Sosyal Hizmet&#8221; &#8211; Sosyal Y\u00f6netim ve Sosyal \u00c7al\u0131\u015fma, \u00d6zel Sosyal Gruplarla Sosyal \u00c7al\u0131\u015fma, Sosyal Hizmet ve Mesleki Kariyer, Sosyal Rehabilitasyon.<\/p>\n<p><strong>3)<\/strong>\u00a0&#8221;Y\u00fcksek \u00d6\u011fretim Kurumlar\u0131n\u0131n Y\u00f6netimi&#8221; &#8211; Y\u00fcksek \u00d6\u011frenime Sahip Uzmanlar\u0131n E\u011fitimi, Y\u00fcksek \u00d6\u011frenim Kurumlar\u0131n\u0131n Y\u00f6netimi, Y\u00fcksek \u00d6\u011frenim Kurumlar\u0131n\u0131n Y\u00f6netimi ve Tarihi.<\/p>\n<p>\u00dcniversitemiz ayr\u0131ca Y\u00fcksek lisans ve Doktora sonras\u0131 e\u011fitim alan\u0131nda ileri ara\u015ft\u0131rma f\u0131rsatlar\u0131 sunmaktad\u0131r. Fak\u00fcltede, doktor unvan\u0131n\u0131 ve psikolojik bilimleri doktoras\u0131 verme hakk\u0131 bulunan, \u00f6zel bir &#8216;Akademik Konsey&#8217; vard\u0131r.<\/p>\n<p>Fak\u00fcltenin ders i\u00e7eri\u011fi, temel akademik disiplinlerin \u00e7al\u0131\u015fmas\u0131na odaklanm\u0131\u015ft\u0131r. Ayn\u0131 zamanda pratik e\u011fitim kurslar\u0131, psikoloji, i\u015f ve e\u011fitim alan\u0131nda gerekli mesleki yeterlili\u011fi geli\u015ftirmeyi ama\u00e7lamaktad\u0131r. \u00d6\u011frenciler bilgisayar bilimleri, hukuk, ekonomi, yabanc\u0131 dilde \u00e7ok \u00e7e\u015fitli be\u015feri bilimler derslerine de kat\u0131labilirler.<\/p>\n<p>Fak\u00fclte, yabanc\u0131 \u00fcniversiteler ile de akademik ili\u015fkiler kurmaktad\u0131r. \u00d6\u011frenciler bu \u00fcniversitelerde \u00e7al\u0131\u015fmalar\u0131na devam edebilirler ve y\u00fcksek lisans diplomas\u0131n\u0131 alabilirler. Tan\u0131nm\u0131\u015f sosyologlar ve psikologlar taraf\u0131ndan ders verme uygulanmas\u0131n\u0131n uzun bir gelene\u011fi vard\u0131r. Hem uluslararas\u0131 hem de ulusal olmak \u00fczere, seminer ve konferanslarda akranlar aras\u0131nda g\u00f6r\u00fc\u015f al\u0131\u015fveri\u015fi yap\u0131lmaktad\u0131r.<\/p>\n<p>Ancak \u00f6\u011frencilerin hayat\u0131, ara\u015ft\u0131rma faaliyetleri ve ara\u015ft\u0131rmalar\u0131yla s\u0131n\u0131rl\u0131 de\u011fildir. \u00d6\u011frenci, toplumun ya\u015fam\u0131na aktif olarak kat\u0131lmaktad\u0131r. Gelecekteki psikologlar, ya\u015fam\u0131n \u00e7e\u015fitli alanlar\u0131nda y\u00f6netim becerileri ve ileti\u015fimi geli\u015ftirmek i\u00e7in bir\u00e7ok f\u0131rsata sahiptir.[\/vc_column_text][\/vc_tta_section][\/vc_tta_accordion][vc_column_text]<strong>Kilinik Psikoloji (PhD) Doktora Program\u0131 Kay\u0131t i\u00e7in Gerekli Belgeler<\/strong><\/p>\n<p>M\u00fclakat \u00d6ncesi Ba\u015fvuru Belgeleri<\/p>\n<ul>\n<li>Ba\u015fvuru Formu ( \u0130ngilizce )<\/li>\n<li>Pasaport Fotokopisi ve Ukraynaca \u00c7evirisi ( Ki\u015fisel Bilgi K\u0131sm\u0131 )<\/li>\n<li>Lisans Diplomas\u0131 ve Transkript Fotokopisi ve Ukraynaca \u00c7evirisi<\/li>\n<li>Y\u00fcksek Lisans Diplomas\u0131 ve Transkripti Fotokopisi ve Ukraynaca \u00c7evirisi<\/li>\n<\/ul>\n<p>&nbsp;<\/p>\n<p>M\u00fclakatda Ba\u015far\u0131l\u0131 Olunmas\u0131 Durumunda Gereken Kay\u0131t Belgeleri<\/p>\n<ul>\n<li>\u00dcniversite Rekt\u00f6rl\u00fc\u011f\u00fcne Yaz\u0131lan Dilek\u00e7e<\/li>\n<li>Lisans Diplomas\u0131 ve Transkripti Orjinali<\/li>\n<li>Y\u00fcksek Lisans Diplomas\u0131 ve Transkripti Orjinali<\/li>\n<li>Sa\u011fl\u0131k Raporu ( Ukrayna&#8217;ya gitmeden 2 ay \u00f6ncesinden \u201cYurt d\u0131\u015f\u0131nda okumas\u0131nda sak\u0131nca yoktur\u201d ibaresi yaz\u0131l\u0131 olacak ayr\u0131ca Akci\u011fer Filmi de al\u0131nacak )<\/li>\n<li>Uzmanl\u0131k Yapmak \u0130stedi\u011fi Alan\u0131 ( Aile,Eri\u015fkin,Cinsel vb.) Anlatan 7-8 Sayfal\u0131k Yaz\u0131<\/li>\n<li>Varsa Yapm\u0131\u015f Oldu\u011fu Bilimsel Yay\u0131nlar<\/li>\n<li>Foto\u011fraf 12 Adet ( 3&#215;4 cm Ebad\u0131nda, Arkas\u0131 Beyaz Zemin, Mat Ka\u011f\u0131da Bask\u0131 )<\/li>\n<\/ul>\n<p>[\/vc_column_text][vc_column_text]<a href=\"http:\/\/www.istanbuletc.com\/wp-content\/uploads\/2018\/07\/Shevchenko_klinik_psikoloji.pdf\" target=\"_blank\" rel=\"noopener noreferrer\"><img decoding=\"async\" loading=\"lazy\" class=\"size-full wp-image-2097 aligncenter\" src=\"http:\/\/istanbuletc.com\/wp-content\/uploads\/2017\/06\/program-brosuru.png\" alt=\"\" width=\"269\" height=\"80\" \/><\/a>[\/vc_column_text][\/vc_column][\/vc_row]<\/p>","protected":false},"excerpt":{"rendered":"<p>\u0412\u0438\u0431\u0430\u0447\u0442\u0435 \u0446\u0435\u0439 \u0442\u0435\u043a\u0441\u0442 \u0434\u043e\u0441\u0442\u0443\u043f\u043d\u0438\u0439 \u0442\u0456\u043b\u044c\u043a\u0438 \u0432 &ldquo;\u0442\u0443\u0440\u0435\u0446\u044c\u043a\u0430&rdquo;. For the sake of viewer convenience, the content is shown below in the alternative language. You may click the link to switch the active language.[vc_row][vc_column][vc_row_inner][vc_column_inner width=&#8221;1\/2&#8243;][vc_column_text]\u00dcniversitemiz Hakk\u0131nda Genel Bilgiler\u00a0 1834 y\u0131l\u0131nda kurulan Kiev Milli Taras Shevchenko \u00dcniversitesi; bilim, e\u011fitim, k\u00fclt\u00fcr ve topluma \u00e7ok de\u011ferli katk\u0131larda bulunacak akademisyenler, \u00f6\u011fretim [&hellip;]<\/p>\n","protected":false},"author":1,"featured_media":0,"parent":2625,"menu_order":0,"comment_status":"closed","ping_status":"closed","template":"","meta":{"footnotes":""},"_links":{"self":[{"href":"http:\/\/www.istanbuletc.com\/ua\/wp-json\/wp\/v2\/pages\/2374"}],"collection":[{"href":"http:\/\/www.istanbuletc.com\/ua\/wp-json\/wp\/v2\/pages"}],"about":[{"href":"http:\/\/www.istanbuletc.com\/ua\/wp-json\/wp\/v2\/types\/page"}],"author":[{"embeddable":true,"href":"http:\/\/www.istanbuletc.com\/ua\/wp-json\/wp\/v2\/users\/1"}],"replies":[{"embeddable":true,"href":"http:\/\/www.istanbuletc.com\/ua\/wp-json\/wp\/v2\/comments?post=2374"}],"version-history":[{"count":9,"href":"http:\/\/www.istanbuletc.com\/ua\/wp-json\/wp\/v2\/pages\/2374\/revisions"}],"predecessor-version":[{"id":2964,"href":"http:\/\/www.istanbuletc.com\/ua\/wp-json\/wp\/v2\/pages\/2374\/revisions\/2964"}],"up":[{"embeddable":true,"href":"http:\/\/www.istanbuletc.com\/ua\/wp-json\/wp\/v2\/pages\/2625"}],"wp:attachment":[{"href":"http:\/\/www.istanbuletc.com\/ua\/wp-json\/wp\/v2\/media?parent=2374"}],"curies":[{"name":"wp","href":"https:\/\/api.w.org\/{rel}","templated":true}]}}