{"id":793,"date":"2015-06-30T09:41:33","date_gmt":"2015-06-30T09:41:33","guid":{"rendered":"http:\/\/masterstudy.stylemixthemes.com\/demo\/?page_id=793"},"modified":"2022-09-06T03:37:06","modified_gmt":"2022-09-06T00:37:06","slug":"iletisim","status":"publish","type":"page","link":"http:\/\/www.istanbuletc.com\/ua\/iletisim\/","title":{"rendered":"\u041a\u041e\u041d\u0422\u0410\u041a\u0422\u041d\u0410"},"content":{"rendered":"<p>[vc_row css=&#8221;.vc_custom_1435659486461{margin-bottom: 0px !important;}&#8221;][vc_column width=&#8221;1\/2&#8243; el_class=&#8221;stm_icon_box_responsive&#8221;][vc_custom_heading text=&#8221;\u041a\u041e\u041d\u0422\u0410\u041a\u0422\u041d\u0410 \u0406\u041d\u0424\u041e\u0420\u041c\u0410\u0426\u0406\u042f&#8221; font_container=&#8221;tag:h3|text_align:left&#8221; google_fonts=&#8221;font_family:Montserrat%3Aregular%2C700|font_style:700%20bold%20regular%3A700%3Anormal&#8221; css=&#8221;.vc_custom_1497490151104{margin-top: -20px !important;margin-bottom: 35px !important;}&#8221;][stm_icon_box title_holder=&#8221;h5&#8243; icon=&#8221;fa-icon-stm_icon_pin-o&#8221; icon_size=&#8221;35&#8243; icon_align=&#8221;left&#8221; icon_width=&#8221;35&#8243; icon_color=&#8221;#eab830&#8243; title=&#8221;\u0430\u0434\u0440\u0435\u0441\u0430 : &#8221; box_bg_color=&#8221;#ffffff&#8221; box_text_color=&#8221;#555555&#8243; css=&#8221;.vc_custom_1497490383757{margin-top: 0px !important;border-top-width: 1px !important;border-bottom-width: 1px !important;padding-top: 30px !important;padding-right: 0px !important;padding-bottom: 14px !important;padding-left: 0px !important;border-top-color: #e1e2e4 !important;border-top-style: solid !important;border-bottom-color: #e1e2e4 !important;border-bottom-style: solid !important;}&#8221; css_icon=&#8221;.vc_custom_1497490383756{padding-left: 7px !important;}&#8221;]Konak Mahallesi Lefko\u015fa Caddesi No:42 Origami \u0130\u015f Merkezi Kat:6\/42 Nil\u00fcfer\/Bursa\/T\u00fcrkiye[\/stm_icon_box][vc_row_inner css=&#8221;.vc_custom_1435139343164{margin-bottom: 0px !important;}&#8221;][vc_column_inner el_class=&#8221;stm_sm_gutter_back&#8221; css=&#8221;.vc_custom_1436791397964{padding-right: 0px !important;}&#8221; offset=&#8221;vc_col-lg-6 vc_col-md-6&#8243;][stm_icon_box title_holder=&#8221;h5&#8243; link_color_style=&#8221;dark&#8221; icon=&#8221;fa-icon-stm_icon_phone-o&#8221; icon_size=&#8221;33&#8243; icon_align=&#8221;left&#8221; icon_width=&#8221;35&#8243; icon_color=&#8221;#eab830&#8243; title=&#8221;\u0442\u0435\u043b\u0435\u0444\u043e\u043d:&#8221; box_bg_color=&#8221;#ffffff&#8221; box_text_color=&#8221;#555555&#8243; css=&#8221;.vc_custom_1530170086147{margin-top: 27px !important;border-bottom-width: 1px !important;padding-top: 0px !important;padding-right: 15px !important;padding-bottom: 17px !important;padding-left: 0px !important;border-bottom-color: #e1e2e4 !important;border-bottom-style: solid !important;}&#8221; css_icon=&#8221;.vc_custom_1530170086146{padding-left: 7px !important;}&#8221;]<a href=\"tel:+902244529898\">+90 224 452 98 98<\/a>[\/stm_icon_box][\/vc_column_inner][vc_column_inner el_class=&#8221;stm_sm_gutter_back&#8221; css=&#8221;.vc_custom_1436790977027{padding-left: 0px !important;}&#8221; offset=&#8221;vc_col-lg-6 vc_col-md-6&#8243;][stm_icon_box title_holder=&#8221;h5&#8243; link_color_style=&#8221;dark&#8221; icon=&#8221;fa-icon-stm_icon_fax&#8221; icon_size=&#8221;33&#8243; icon_align=&#8221;left&#8221; icon_width=&#8221;61&#8243; icon_color=&#8221;#eab830&#8243; title=&#8221;\u0444\u0430\u043a\u0441:&#8221; box_bg_color=&#8221;#ffffff&#8221; box_text_color=&#8221;#555555&#8243; css=&#8221;.vc_custom_1497490403690{margin-top: 27px !important;border-bottom-width: 1px !important;padding-top: 0px !important;padding-right: 0px !important;padding-bottom: 17px !important;padding-left: 0px !important;border-bottom-color: #e1e2e4 !important;border-bottom-style: solid !important;}&#8221; css_icon=&#8221;.vc_custom_1497490403689{padding-left: 26px !important;}&#8221;]+90 224 451 67 67[\/stm_icon_box][\/vc_column_inner][\/vc_row_inner][vc_row_inner css=&#8221;.vc_custom_1435139343164{margin-bottom: 0px !important;}&#8221;][vc_column_inner el_class=&#8221;stm_sm_gutter_back stm_bottom_border&#8221; css=&#8221;.vc_custom_1436791452718{padding-right: 0px !important;}&#8221; offset=&#8221;vc_col-lg-6 vc_col-md-6&#8243;][stm_icon_box title_holder=&#8221;h5&#8243; link_color_style=&#8221;dark&#8221; icon=&#8221;fa-icon-stm_icon_mail-o&#8221; icon_size=&#8221;22&#8243; icon_align=&#8221;left&#8221; icon_width=&#8221;35&#8243; icon_color=&#8221;#eab830&#8243; title=&#8221;\u043f\u043e \u0435\u043b\u0435\u043a\u0442\u0440\u043e\u043d\u043d\u0456\u0439 \u043f\u043e\u0448\u0442\u0456:&#8221; box_bg_color=&#8221;#ffffff&#8221; box_text_color=&#8221;#555555&#8243; css=&#8221;.vc_custom_1530170108023{margin-top: 27px !important;padding-top: 0px !important;padding-right: 15px !important;padding-bottom: 14px !important;padding-left: 0px !important;}&#8221; css_icon=&#8221;.vc_custom_1530170108021{padding-top: 10px !important;padding-left: 3px !important;}&#8221;]<a href=\"mailto:info@istanbuletc.com\">info@istanbuletc.com<\/a>[\/stm_icon_box][\/vc_column_inner][vc_column_inner el_class=&#8221;stm_sm_gutter_back&#8221; css=&#8221;.vc_custom_1436791272952{padding-left: 0px !important;}&#8221; offset=&#8221;vc_col-lg-6 vc_col-md-6&#8243;][stm_icon_box title_holder=&#8221;h5&#8243; link_color_style=&#8221;dark&#8221; icon=&#8221;fa-icon-stm_icon_earth&#8221; icon_size=&#8221;33&#8243; icon_align=&#8221;left&#8221; icon_width=&#8221;61&#8243; icon_color=&#8221;#eab830&#8243; title=&#8221;\u0441\u0430\u0439\u0442:&#8221; box_bg_color=&#8221;#ffffff&#8221; box_text_color=&#8221;#555555&#8243; css=&#8221;.vc_custom_1497490427890{margin-top: 27px !important;padding-top: 0px !important;padding-right: 0px !important;padding-bottom: 14px !important;padding-left: 0px !important;}&#8221; css_icon=&#8221;.vc_custom_1497490427890{padding-top: 3px !important;padding-left: 26px !important;}&#8221;]www.istanbuletc.com[\/stm_icon_box][\/vc_column_inner][\/vc_row_inner][\/vc_column][vc_column width=&#8221;1\/2&#8243;][vc_custom_heading text=&#8221;\u043c\u0456\u0441\u0446\u0435&#8221; font_container=&#8221;tag:h3|text_align:left&#8221; google_fonts=&#8221;font_family:Montserrat%3Aregular%2C700|font_style:700%20bold%20regular%3A700%3Anormal&#8221; css=&#8221;.vc_custom_1497490277058{margin-top: -20px !important;margin-bottom: 35px !important;}&#8221;][vc_gmaps link=&#8221;#E-8_JTNDaWZyYW1lJTIwc3JjJTNEJTIyaHR0cHMlM0ElMkYlMkZ3d3cuZ29vZ2xlLmNvbSUyRm1hcHMlMkZlbWJlZCUzRnBiJTNEJTIxMW0xOCUyMTFtMTIlMjExbTMlMjExZDMwNDcuMDk4NTE1NjI5OTQlMjEyZDI4Ljk4OTQ3ODAxNTU4Mjc2JTIxM2Q0MC4yMDY4NzE0NzYyOTk1JTIxMm0zJTIxMWYwJTIxMmYwJTIxM2YwJTIxM20yJTIxMWkxMDI0JTIxMmk3NjglMjE0ZjEzLjElMjEzbTMlMjExbTIlMjExczB4MTRjYTE0MjlkOTFjZTY3NSUyNTNBMHhjM2IyNTkzMzYxNjBlZDczJTIxMnNPcmlnYW1pJTJCRmxhdCUyQk9mZmljZSUyMTVlMCUyMTNtMiUyMTFzdHIlMjEyc3RyJTIxNHYxNDk2NDg0MjgxNjc1JTIyJTIwd2lkdGglM0QlMjI2MDAlMjIlMjBoZWlnaHQlM0QlMjI0NTAlMjIlMjBmcmFtZWJvcmRlciUzRCUyMjAlMjIlMjBzdHlsZSUzRCUyMmJvcmRlciUzQTAlMjIlMjBhbGxvd2Z1bGxzY3JlZW4lM0UlM0MlMkZpZnJhbWUlM0U=&#8221; size=&#8221;266&#8243;][\/vc_column][\/vc_row][vc_row][vc_column][stm_multy_separator css=&#8221;.vc_custom_1435665826984{margin-top: 39px !important;margin-bottom: 0px !important;}&#8221;][\/vc_column][\/vc_row]<\/p>","protected":false},"excerpt":{"rendered":"<p>[vc_row css=&#8221;.vc_custom_1435659486461{margin-bottom: 0px !important;}&#8221;][vc_column width=&#8221;1\/2&#8243; el_class=&#8221;stm_icon_box_responsive&#8221;][vc_custom_heading text=&#8221;\u041a\u041e\u041d\u0422\u0410\u041a\u0422\u041d\u0410 \u0406\u041d\u0424\u041e\u0420\u041c\u0410\u0426\u0406\u042f&#8221; font_container=&#8221;tag:h3|text_align:left&#8221; google_fonts=&#8221;font_family:Montserrat%3Aregular%2C700|font_style:700%20bold%20regular%3A700%3Anormal&#8221; css=&#8221;.vc_custom_1497490151104{margin-top: -20px !important;margin-bottom: 35px !important;}&#8221;][stm_icon_box title_holder=&#8221;h5&#8243; icon=&#8221;fa-icon-stm_icon_pin-o&#8221; icon_size=&#8221;35&#8243; icon_align=&#8221;left&#8221; icon_width=&#8221;35&#8243; icon_color=&#8221;#eab830&#8243; title=&#8221;\u0430\u0434\u0440\u0435\u0441\u0430 : &#8221; box_bg_color=&#8221;#ffffff&#8221; box_text_color=&#8221;#555555&#8243; css=&#8221;.vc_custom_1497490383757{margin-top: 0px !important;border-top-width: 1px !important;border-bottom-width: 1px !important;padding-top: 30px !important;padding-right: 0px !important;padding-bottom: 14px !important;padding-left: 0px !important;border-top-color: #e1e2e4 !important;border-top-style: solid !important;border-bottom-color: #e1e2e4 !important;border-bottom-style: solid !important;}&#8221; css_icon=&#8221;.vc_custom_1497490383756{padding-left: 7px !important;}&#8221;]Konak Mahallesi Lefko\u015fa Caddesi [&hellip;]<\/p>\n","protected":false},"author":1,"featured_media":0,"parent":0,"menu_order":0,"comment_status":"closed","ping_status":"open","template":"","meta":{"footnotes":""},"_links":{"self":[{"href":"http:\/\/www.istanbuletc.com\/ua\/wp-json\/wp\/v2\/pages\/793"}],"collection":[{"href":"http:\/\/www.istanbuletc.com\/ua\/wp-json\/wp\/v2\/pages"}],"about":[{"href":"http:\/\/www.istanbuletc.com\/ua\/wp-json\/wp\/v2\/types\/page"}],"author":[{"embeddable":true,"href":"http:\/\/www.istanbuletc.com\/ua\/wp-json\/wp\/v2\/users\/1"}],"replies":[{"embeddable":true,"href":"http:\/\/www.istanbuletc.com\/ua\/wp-json\/wp\/v2\/comments?post=793"}],"version-history":[{"count":44,"href":"http:\/\/www.istanbuletc.com\/ua\/wp-json\/wp\/v2\/pages\/793\/revisions"}],"predecessor-version":[{"id":3099,"href":"http:\/\/www.istanbuletc.com\/ua\/wp-json\/wp\/v2\/pages\/793\/revisions\/3099"}],"wp:attachment":[{"href":"http:\/\/www.istanbuletc.com\/ua\/wp-json\/wp\/v2\/media?parent=793"}],"curies":[{"name":"wp","href":"https:\/\/api.w.org\/{rel}","templated":true}]}}